{"id":76753,"date":"2025-07-14T14:56:04","date_gmt":"2025-07-14T11:56:04","guid":{"rendered":"https:\/\/demo8.ecube.lv\/sezona.lv\/products\/karabine-climbing-technology-d-shape\/"},"modified":"2025-07-14T14:56:04","modified_gmt":"2025-07-14T11:56:04","slug":"karabine-climbing-technology-d-shape","status":"publish","type":"product","link":"https:\/\/sezona.lv\/en\/products\/karabine-climbing-technology-d-shape\/","title":{"rendered":"Karab\u012bne Climbing Technology D-Shape"},"content":{"rendered":"<div><span style=\"font-size: x-small\">D formas viegla anodiz\u0113ta alum\u012bnija karab\u012bne ar aizkr\u016bv\u0113jamu muftu un Catch Free sist\u0113mu. To var izmantot gan alp\u012bnism\u0101, gan kravu cel&scaron;an\u0101, gan ar\u012b gl\u0101b&scaron;anas darbiem. Catch Free sist\u0113ma nodro&scaron;ina to, ka karab\u012bne neaiz\u0137ersies aiz virv\u0113m vai cilp\u0101m.<\/span><\/div>\n<p align=\"justify\">&nbsp;<\/p>\n<p align=\"justify\"><span style=\"font-size: x-small\">Specifik\u0101cija:<br \/>Iztur\u012bba: 30\/10\/10kN<br \/>Svars: 75g<br \/>Muftas atvere: 19mm<\/span><\/p>\n<p align=\"justify\">&nbsp;<\/p>\n<p align=\"justify\"><span style=\"font-size: x-small\">Sertifik\u0101cija:&nbsp;<strong>EN 12275:1998-B<\/strong><\/span><\/p>\n","protected":false},"excerpt":{"rendered":"<p>D formas viegla anodiz\u0113ta alum\u012bnija karab\u012bne ar aizkr\u016bv\u0113jamu muftu un Catch Free sist\u0113mu. To var izmantot gan alp\u012bnism\u0101, gan kravu cel&scaron;an\u0101, gan ar\u012b gl\u0101b&scaron;anas darbiem. Catch Free sist\u0113ma nodro&scaron;ina to, ka karab\u012bne neaiz\u0137ersies aiz virv\u0113m vai cilp\u0101m. &nbsp; Specifik\u0101cija:Iztur\u012bba: 30\/10\/10kNSvars: 75gMuftas atvere: 19mm &nbsp; Sertifik\u0101cija:&nbsp;EN 12275:1998-B<\/p>\n","protected":false},"featured_media":0,"template":"","meta":[],"product_brand":[928],"product_cat":[4851,4859,4864],"product_tag":[],"class_list":{"0":"post-76753","1":"product","2":"type-product","3":"status-publish","5":"product_brand-climbing-technology","6":"product_cat-mountaineering-equipment-recreation","7":"product_cat-for-rock-climbing-mountaineering-mountaineering-equipment-recreation","8":"product_cat-carabiners-for-rock-climbing-mountaineering-mountaineering-equipment-recreation","10":"first","11":"instock","12":"shipping-taxable","13":"purchasable","14":"product-type-simple"},"_links":{"self":[{"href":"https:\/\/sezona.lv\/en\/wp-json\/wp\/v2\/product\/76753","targetHints":{"allow":["GET"]}}],"collection":[{"href":"https:\/\/sezona.lv\/en\/wp-json\/wp\/v2\/product"}],"about":[{"href":"https:\/\/sezona.lv\/en\/wp-json\/wp\/v2\/types\/product"}],"wp:attachment":[{"href":"https:\/\/sezona.lv\/en\/wp-json\/wp\/v2\/media?parent=76753"}],"wp:term":[{"taxonomy":"product_brand","embeddable":true,"href":"https:\/\/sezona.lv\/en\/wp-json\/wp\/v2\/product_brand?post=76753"},{"taxonomy":"product_cat","embeddable":true,"href":"https:\/\/sezona.lv\/en\/wp-json\/wp\/v2\/product_cat?post=76753"},{"taxonomy":"product_tag","embeddable":true,"href":"https:\/\/sezona.lv\/en\/wp-json\/wp\/v2\/product_tag?post=76753"}],"curies":[{"name":"wp","href":"https:\/\/api.w.org\/{rel}","templated":true}]}}