{"id":76754,"date":"2025-07-14T14:56:05","date_gmt":"2025-07-14T11:56:05","guid":{"rendered":"https:\/\/demo8.ecube.lv\/sezona.lv\/products\/karabine-climbing-technology-d-shape-tg\/"},"modified":"2025-07-14T14:56:05","modified_gmt":"2025-07-14T11:56:05","slug":"karabine-climbing-technology-d-shape-tg","status":"publish","type":"product","link":"https:\/\/sezona.lv\/en\/products\/karabine-climbing-technology-d-shape-tg\/","title":{"rendered":"Karab\u012bne Climbing Technology D-Shape TG"},"content":{"rendered":"<p align=\"justify\"><span style=\"font-size: x-small\">D formas viegla anodiz\u0113ta alum\u012bnija karab\u012bne ar 3 kust\u012bbu autom\u0101tisko muftu un Catch Free sist\u0113mu. Ide\u0101li piem\u0113rota gl\u0101b&scaron;anas darbiem, darbam ar virv\u0113m un darbam kokos.<\/span><\/p>\n<div><\/div>\n<p align=\"justify\"><span style=\"font-size: x-small\">Specifik\u0101cija:<br \/>Iztur\u012bba: 30\/8\/10kN<br \/>Svars: 80g<br \/>Muftas atvere: 19mm<\/span><\/p>\n<div><\/div>\n<p align=\"justify\"><span style=\"font-size: x-small\">Sertifik\u0101cija: EN 12275:1998-B, EN 362:2004-B<\/span><\/p>\n","protected":false},"excerpt":{"rendered":"<p>D formas viegla anodiz\u0113ta alum\u012bnija karab\u012bne ar 3 kust\u012bbu autom\u0101tisko muftu un Catch Free sist\u0113mu. Ide\u0101li piem\u0113rota gl\u0101b&scaron;anas darbiem, darbam ar virv\u0113m un darbam kokos. Specifik\u0101cija:Iztur\u012bba: 30\/8\/10kNSvars: 80gMuftas atvere: 19mm Sertifik\u0101cija: EN 12275:1998-B, EN 362:2004-B<\/p>\n","protected":false},"featured_media":0,"template":"","meta":[],"product_brand":[928],"product_cat":[4851,4859,4864],"product_tag":[],"class_list":{"0":"post-76754","1":"product","2":"type-product","3":"status-publish","5":"product_brand-climbing-technology","6":"product_cat-mountaineering-equipment-recreation","7":"product_cat-for-rock-climbing-mountaineering-mountaineering-equipment-recreation","8":"product_cat-carabiners-for-rock-climbing-mountaineering-mountaineering-equipment-recreation","10":"first","11":"instock","12":"shipping-taxable","13":"purchasable","14":"product-type-simple"},"_links":{"self":[{"href":"https:\/\/sezona.lv\/en\/wp-json\/wp\/v2\/product\/76754","targetHints":{"allow":["GET"]}}],"collection":[{"href":"https:\/\/sezona.lv\/en\/wp-json\/wp\/v2\/product"}],"about":[{"href":"https:\/\/sezona.lv\/en\/wp-json\/wp\/v2\/types\/product"}],"wp:attachment":[{"href":"https:\/\/sezona.lv\/en\/wp-json\/wp\/v2\/media?parent=76754"}],"wp:term":[{"taxonomy":"product_brand","embeddable":true,"href":"https:\/\/sezona.lv\/en\/wp-json\/wp\/v2\/product_brand?post=76754"},{"taxonomy":"product_cat","embeddable":true,"href":"https:\/\/sezona.lv\/en\/wp-json\/wp\/v2\/product_cat?post=76754"},{"taxonomy":"product_tag","embeddable":true,"href":"https:\/\/sezona.lv\/en\/wp-json\/wp\/v2\/product_tag?post=76754"}],"curies":[{"name":"wp","href":"https:\/\/api.w.org\/{rel}","templated":true}]}}