{"id":76755,"date":"2025-07-14T14:56:06","date_gmt":"2025-07-14T11:56:06","guid":{"rendered":"https:\/\/demo8.ecube.lv\/sezona.lv\/products\/karabine-climbing-technology-fly-weight\/"},"modified":"2025-07-14T14:56:06","modified_gmt":"2025-07-14T11:56:06","slug":"karabine-climbing-technology-fly-weight","status":"publish","type":"product","link":"https:\/\/sezona.lv\/en\/products\/karabine-climbing-technology-fly-weight\/","title":{"rendered":"Karab\u012bne Climbing Technology Fly-Weight"},"content":{"rendered":"<p><span style=\"font-size: x-small\">Viegla alum\u012bnija bezmuftas karab\u012bne ar stiepl\u012bti un tradicion\u0101lo sist\u0113mu.<\/span><\/p>\n<p>&nbsp;<\/p>\n<p><span style=\"font-size: x-small\">Svars: 24g.<\/span><\/p>\n<p>&nbsp;<\/p>\n<p><span style=\"font-size: x-small\">Iztur\u012bba: 23\/7\/8kN<\/span><\/p>\n<p>&nbsp;<\/p>\n<p><span style=\"font-size: x-small\">Muftas atv\u0113rums: 18mm<\/span><\/p>\n<p>&nbsp;<\/p>\n<p><span style=\"font-size: x-small\">Sertifik\u0101cija:&nbsp;<strong>EN 12275:1998-B<\/strong><\/span><\/p>\n","protected":false},"excerpt":{"rendered":"<p>Viegla alum\u012bnija bezmuftas karab\u012bne ar stiepl\u012bti un tradicion\u0101lo sist\u0113mu. &nbsp; Svars: 24g. &nbsp; Iztur\u012bba: 23\/7\/8kN &nbsp; Muftas atv\u0113rums: 18mm &nbsp; Sertifik\u0101cija:&nbsp;EN 12275:1998-B<\/p>\n","protected":false},"featured_media":0,"template":"","meta":[],"product_brand":[928],"product_cat":[4851,4859,4864],"product_tag":[],"class_list":{"0":"post-76755","1":"product","2":"type-product","3":"status-publish","5":"product_brand-climbing-technology","6":"product_cat-mountaineering-equipment-recreation","7":"product_cat-for-rock-climbing-mountaineering-mountaineering-equipment-recreation","8":"product_cat-carabiners-for-rock-climbing-mountaineering-mountaineering-equipment-recreation","10":"first","11":"instock","12":"shipping-taxable","13":"purchasable","14":"product-type-simple"},"_links":{"self":[{"href":"https:\/\/sezona.lv\/en\/wp-json\/wp\/v2\/product\/76755","targetHints":{"allow":["GET"]}}],"collection":[{"href":"https:\/\/sezona.lv\/en\/wp-json\/wp\/v2\/product"}],"about":[{"href":"https:\/\/sezona.lv\/en\/wp-json\/wp\/v2\/types\/product"}],"wp:attachment":[{"href":"https:\/\/sezona.lv\/en\/wp-json\/wp\/v2\/media?parent=76755"}],"wp:term":[{"taxonomy":"product_brand","embeddable":true,"href":"https:\/\/sezona.lv\/en\/wp-json\/wp\/v2\/product_brand?post=76755"},{"taxonomy":"product_cat","embeddable":true,"href":"https:\/\/sezona.lv\/en\/wp-json\/wp\/v2\/product_cat?post=76755"},{"taxonomy":"product_tag","embeddable":true,"href":"https:\/\/sezona.lv\/en\/wp-json\/wp\/v2\/product_tag?post=76755"}],"curies":[{"name":"wp","href":"https:\/\/api.w.org\/{rel}","templated":true}]}}