{"id":76756,"date":"2025-07-14T14:56:07","date_gmt":"2025-07-14T11:56:07","guid":{"rendered":"https:\/\/demo8.ecube.lv\/sezona.lv\/products\/karabine-climbing-technology-concept-sgl\/"},"modified":"2025-07-14T14:56:07","modified_gmt":"2025-07-14T11:56:07","slug":"karabine-climbing-technology-concept-sgl","status":"publish","type":"product","link":"https:\/\/sezona.lv\/en\/products\/karabine-climbing-technology-concept-sgl\/","title":{"rendered":"Karab\u012bne Climbing Technology Concept SGL"},"content":{"rendered":"<p align=\"justify\"><span style=\"font-size: x-small\">HMS tipa alum\u012bnija karab\u012bne ar stiepl\u012bti, kas nov\u0113r&scaron; karab\u012bnes nepareizu slogo&scaron;anu. CATCH FREE sist\u0113ma. Rekomend\u0113jas k\u0101p&scaron;anai ar aug&scaron;\u0113jo dro&scaron;in\u0101&scaron;anu.<\/span><\/p>\n<p align=\"justify\">&nbsp;<\/p>\n<p align=\"justify\"><span style=\"font-size: x-small\">Svars: 77g.<\/span><\/p>\n<p align=\"justify\">&nbsp;<\/p>\n<p align=\"justify\"><span style=\"font-size: x-small\">Iztur\u012bba: 23\/10\/8kN<\/span><\/p>\n<p align=\"justify\">&nbsp;<\/p>\n<p align=\"justify\"><span style=\"font-size: x-small\">Muftas atv\u0113rums: 21mm<\/span><\/p>\n<p align=\"justify\">&nbsp;<\/p>\n<p align=\"justify\"><span style=\"font-size: x-small\">Sertifik\u0101cija:<strong>EN 12275:1998-B<\/strong><strong>EN 12275:1998-B<\/strong><\/span><\/p>\n","protected":false},"excerpt":{"rendered":"<p>HMS tipa alum\u012bnija karab\u012bne ar stiepl\u012bti, kas nov\u0113r&scaron; karab\u012bnes nepareizu slogo&scaron;anu. CATCH FREE sist\u0113ma. Rekomend\u0113jas k\u0101p&scaron;anai ar aug&scaron;\u0113jo dro&scaron;in\u0101&scaron;anu. &nbsp; Svars: 77g. &nbsp; Iztur\u012bba: 23\/10\/8kN &nbsp; Muftas atv\u0113rums: 21mm &nbsp; Sertifik\u0101cija:EN 12275:1998-BEN 12275:1998-B<\/p>\n","protected":false},"featured_media":0,"template":"","meta":[],"product_brand":[928],"product_cat":[4851,4859,4864],"product_tag":[],"class_list":{"0":"post-76756","1":"product","2":"type-product","3":"status-publish","5":"product_brand-climbing-technology","6":"product_cat-mountaineering-equipment-recreation","7":"product_cat-for-rock-climbing-mountaineering-mountaineering-equipment-recreation","8":"product_cat-carabiners-for-rock-climbing-mountaineering-mountaineering-equipment-recreation","10":"first","11":"instock","12":"shipping-taxable","13":"purchasable","14":"product-type-simple"},"_links":{"self":[{"href":"https:\/\/sezona.lv\/en\/wp-json\/wp\/v2\/product\/76756","targetHints":{"allow":["GET"]}}],"collection":[{"href":"https:\/\/sezona.lv\/en\/wp-json\/wp\/v2\/product"}],"about":[{"href":"https:\/\/sezona.lv\/en\/wp-json\/wp\/v2\/types\/product"}],"wp:attachment":[{"href":"https:\/\/sezona.lv\/en\/wp-json\/wp\/v2\/media?parent=76756"}],"wp:term":[{"taxonomy":"product_brand","embeddable":true,"href":"https:\/\/sezona.lv\/en\/wp-json\/wp\/v2\/product_brand?post=76756"},{"taxonomy":"product_cat","embeddable":true,"href":"https:\/\/sezona.lv\/en\/wp-json\/wp\/v2\/product_cat?post=76756"},{"taxonomy":"product_tag","embeddable":true,"href":"https:\/\/sezona.lv\/en\/wp-json\/wp\/v2\/product_tag?post=76756"}],"curies":[{"name":"wp","href":"https:\/\/api.w.org\/{rel}","templated":true}]}}