{"id":76757,"date":"2025-07-14T14:56:08","date_gmt":"2025-07-14T11:56:08","guid":{"rendered":"https:\/\/demo8.ecube.lv\/sezona.lv\/products\/karabine-climbing-technology-large-sg\/"},"modified":"2025-07-14T14:56:08","modified_gmt":"2025-07-14T11:56:08","slug":"karabine-climbing-technology-large-sg","status":"publish","type":"product","link":"https:\/\/sezona.lv\/en\/products\/karabine-climbing-technology-large-sg\/","title":{"rendered":"Karab\u012bne Climbing Technology Large SG"},"content":{"rendered":"<p align=\"justify\"><span style=\"font-size: x-small\">Liela izm\u0113ra alum\u012bnija karab\u012bne ar CATCH FREE sist\u0113mu.<\/span><\/p>\n<p align=\"justify\"><span style=\"color: #800000\"><strong><span style=\"font-size: x-small\">Specifik\u0101cija:<\/span><\/strong><\/span><\/p>\n<p align=\"justify\"><span style=\"font-size: x-small\"><strong>Svars:&nbsp;<\/strong>92g<br \/><\/span><span style=\"font-size: x-small\"><strong>Iztur\u012bba:<\/strong>&nbsp;30\/10\/11kN<\/span><span style=\"font-size: x-small\"><br \/><strong>Muftas atv\u0113rums:<\/strong>&nbsp;26mm<\/span><span style=\"font-size: x-small\"><br \/><strong>Sertifik\u0101cija:&nbsp;<\/strong><\/span><span style=\"font-size: x-small\">EN 12275:1998-B<\/span><\/p>\n","protected":false},"excerpt":{"rendered":"<p>Liela izm\u0113ra alum\u012bnija karab\u012bne ar CATCH FREE sist\u0113mu. Specifik\u0101cija: Svars:&nbsp;92gIztur\u012bba:&nbsp;30\/10\/11kNMuftas atv\u0113rums:&nbsp;26mmSertifik\u0101cija:&nbsp;EN 12275:1998-B<\/p>\n","protected":false},"featured_media":0,"template":"","meta":[],"product_brand":[928],"product_cat":[4851,4859,4864],"product_tag":[],"class_list":{"0":"post-76757","1":"product","2":"type-product","3":"status-publish","5":"product_brand-climbing-technology","6":"product_cat-mountaineering-equipment-recreation","7":"product_cat-for-rock-climbing-mountaineering-mountaineering-equipment-recreation","8":"product_cat-carabiners-for-rock-climbing-mountaineering-mountaineering-equipment-recreation","10":"first","11":"instock","12":"shipping-taxable","13":"purchasable","14":"product-type-simple"},"_links":{"self":[{"href":"https:\/\/sezona.lv\/en\/wp-json\/wp\/v2\/product\/76757","targetHints":{"allow":["GET"]}}],"collection":[{"href":"https:\/\/sezona.lv\/en\/wp-json\/wp\/v2\/product"}],"about":[{"href":"https:\/\/sezona.lv\/en\/wp-json\/wp\/v2\/types\/product"}],"wp:attachment":[{"href":"https:\/\/sezona.lv\/en\/wp-json\/wp\/v2\/media?parent=76757"}],"wp:term":[{"taxonomy":"product_brand","embeddable":true,"href":"https:\/\/sezona.lv\/en\/wp-json\/wp\/v2\/product_brand?post=76757"},{"taxonomy":"product_cat","embeddable":true,"href":"https:\/\/sezona.lv\/en\/wp-json\/wp\/v2\/product_cat?post=76757"},{"taxonomy":"product_tag","embeddable":true,"href":"https:\/\/sezona.lv\/en\/wp-json\/wp\/v2\/product_tag?post=76757"}],"curies":[{"name":"wp","href":"https:\/\/api.w.org\/{rel}","templated":true}]}}