{"id":76759,"date":"2025-07-14T14:56:10","date_gmt":"2025-07-14T11:56:10","guid":{"rendered":"https:\/\/demo8.ecube.lv\/sezona.lv\/products\/karabine-climbing-technology-pillar-tg\/"},"modified":"2025-07-14T14:56:10","modified_gmt":"2025-07-14T11:56:10","slug":"karabine-climbing-technology-pillar-tg","status":"publish","type":"product","link":"https:\/\/sezona.lv\/en\/products\/karabine-climbing-technology-pillar-tg\/","title":{"rendered":"Karab\u012bne Climbing Technology Pillar TG"},"content":{"rendered":"<p align=\"justify\"><span style=\"font-size: x-small\">Ov\u0101las formas alum\u012bnija karab\u012bne ar CATCH FREE sist\u0113mu. Rekomend\u0113jamais pielietojums ir dro&scaron;in\u0101&scaron;anas ier\u012b\u010du savieno&scaron;anai, tr\u012b&scaron;iem un virves saspied\u0113jiem.<\/span><\/p>\n<div><\/div>\n<p align=\"justify\"><span style=\"font-size: x-small\">Svars: 82g.<\/span><\/p>\n<div><\/div>\n<p align=\"justify\"><span style=\"font-size: x-small\">Iztur\u012bba: 24\/8\/7kN<\/span><\/p>\n<div><\/div>\n<p align=\"justify\"><span style=\"font-size: x-small\">Muftas atv\u0113rums: 21mm<\/span><\/p>\n<div><\/div>\n<p align=\"justify\"><span style=\"font-size: x-small\">Sertifik\u0101cija: UIAA\/CE0333, EN 12275:1998-B<br \/>EN 362:2004-B<\/span><\/p>\n","protected":false},"excerpt":{"rendered":"<p>Ov\u0101las formas alum\u012bnija karab\u012bne ar CATCH FREE sist\u0113mu. Rekomend\u0113jamais pielietojums ir dro&scaron;in\u0101&scaron;anas ier\u012b\u010du savieno&scaron;anai, tr\u012b&scaron;iem un virves saspied\u0113jiem. Svars: 82g. Iztur\u012bba: 24\/8\/7kN Muftas atv\u0113rums: 21mm Sertifik\u0101cija: UIAA\/CE0333, EN 12275:1998-BEN 362:2004-B<\/p>\n","protected":false},"featured_media":0,"template":"","meta":[],"product_brand":[928],"product_cat":[4851,4859,4864],"product_tag":[],"class_list":{"0":"post-76759","1":"product","2":"type-product","3":"status-publish","5":"product_brand-climbing-technology","6":"product_cat-mountaineering-equipment-recreation","7":"product_cat-for-rock-climbing-mountaineering-mountaineering-equipment-recreation","8":"product_cat-carabiners-for-rock-climbing-mountaineering-mountaineering-equipment-recreation","10":"first","11":"instock","12":"shipping-taxable","13":"purchasable","14":"product-type-simple"},"_links":{"self":[{"href":"https:\/\/sezona.lv\/en\/wp-json\/wp\/v2\/product\/76759","targetHints":{"allow":["GET"]}}],"collection":[{"href":"https:\/\/sezona.lv\/en\/wp-json\/wp\/v2\/product"}],"about":[{"href":"https:\/\/sezona.lv\/en\/wp-json\/wp\/v2\/types\/product"}],"wp:attachment":[{"href":"https:\/\/sezona.lv\/en\/wp-json\/wp\/v2\/media?parent=76759"}],"wp:term":[{"taxonomy":"product_brand","embeddable":true,"href":"https:\/\/sezona.lv\/en\/wp-json\/wp\/v2\/product_brand?post=76759"},{"taxonomy":"product_cat","embeddable":true,"href":"https:\/\/sezona.lv\/en\/wp-json\/wp\/v2\/product_cat?post=76759"},{"taxonomy":"product_tag","embeddable":true,"href":"https:\/\/sezona.lv\/en\/wp-json\/wp\/v2\/product_tag?post=76759"}],"curies":[{"name":"wp","href":"https:\/\/api.w.org\/{rel}","templated":true}]}}