{"id":76760,"date":"2025-07-14T14:56:10","date_gmt":"2025-07-14T11:56:10","guid":{"rendered":"https:\/\/demo8.ecube.lv\/sezona.lv\/products\/karabine-dmm-big-boa-ls\/"},"modified":"2025-07-14T14:56:10","modified_gmt":"2025-07-14T11:56:10","slug":"karabine-dmm-big-boa-ls","status":"publish","type":"product","link":"https:\/\/sezona.lv\/en\/products\/karabine-dmm-big-boa-ls\/","title":{"rendered":"Karab\u012bne DMM Big Boa LS"},"content":{"rendered":"<p align=\"justify\"><span style=\"font-size: x-small\">Lielas formas alum\u012bnija karab\u012bne ar LockSafe (Ls) autom\u0101tisko aizdares sist\u0113mu. Tr\u012bs-kust\u012bbu aizdares sist\u0113ma ir \u013coti dro&scaron;a un \u0113rta lieto&scaron;an\u0101. Karab\u012bne lieliski noder gad\u012bjumos, kad nepiecie&scaron;ams karab\u012bn\u0113 savietot vair\u0101kas virves, ier\u012bces u.c. Liels atv\u0113rums. Lieliski noder darbojoties ar cimdiem. &Scaron;\u012b karab\u012bne ir viena no popul\u0101r\u0101kaj\u0101m karab\u012bn\u0113m kokkopju vid\u016b.<\/span><\/p>\n<div>\n<ul class=\"features\">\n<li><span style=\"font-size: x-small\">Sertific\u0113ta: EN362:2004\/B<\/span><\/li>\n<li><span style=\"font-size: x-small\">Liela 30kN iztur\u012bba<\/span><\/li>\n<li><span style=\"font-size: x-small\">\u013boti daudz vietas pateicoties lielajai HMS formas galvai<\/span><\/li>\n<li><span style=\"font-size: x-small\">I-Beam konstrukcija nodro&scaron;ina lielisku svara\/iztur\u012bbas attiec\u012bbu<\/span><\/li>\n<li><span style=\"font-size: x-small\">Gluds karab\u012bnes gals (Clean Nose)<\/span><\/li>\n<li><span style=\"font-size: x-small\">Anodiz\u0113ta (BS EN 7599:2010 AA10) un apstr\u0101d\u0101ta ar pret-korozijas apstr\u0101di<\/span><\/li>\n<li><span style=\"font-size: x-small\">Individu\u0101li mar\u0137\u0113ta<\/span><\/li>\n<\/ul>\n<\/div>\n<p align=\"justify\"><span style=\"font-size: x-small\">Specifik\u0101cija:<br \/>Iztur\u012bba: 30kN<br \/>Svars: 105g<br \/>Muftas atvere: 23mm<\/span><\/p>\n","protected":false},"excerpt":{"rendered":"<p>Lielas formas alum\u012bnija karab\u012bne ar LockSafe (Ls) autom\u0101tisko aizdares sist\u0113mu. Tr\u012bs-kust\u012bbu aizdares sist\u0113ma ir \u013coti dro&scaron;a un \u0113rta lieto&scaron;an\u0101. Karab\u012bne lieliski noder gad\u012bjumos, kad nepiecie&scaron;ams karab\u012bn\u0113 savietot vair\u0101kas virves, ier\u012bces u.c. Liels atv\u0113rums. Lieliski noder darbojoties ar cimdiem. &Scaron;\u012b karab\u012bne ir viena no popul\u0101r\u0101kaj\u0101m karab\u012bn\u0113m kokkopju vid\u016b. Sertific\u0113ta: EN362:2004\/B Liela 30kN iztur\u012bba \u013boti daudz vietas [&hellip;]<\/p>\n","protected":false},"featured_media":0,"template":"","meta":[],"product_brand":[965],"product_cat":[4851,4859,4864],"product_tag":[],"class_list":{"0":"post-76760","1":"product","2":"type-product","3":"status-publish","5":"product_brand-dmm","6":"product_cat-mountaineering-equipment-recreation","7":"product_cat-for-rock-climbing-mountaineering-mountaineering-equipment-recreation","8":"product_cat-carabiners-for-rock-climbing-mountaineering-mountaineering-equipment-recreation","10":"first","11":"instock","12":"shipping-taxable","13":"purchasable","14":"product-type-simple"},"_links":{"self":[{"href":"https:\/\/sezona.lv\/en\/wp-json\/wp\/v2\/product\/76760","targetHints":{"allow":["GET"]}}],"collection":[{"href":"https:\/\/sezona.lv\/en\/wp-json\/wp\/v2\/product"}],"about":[{"href":"https:\/\/sezona.lv\/en\/wp-json\/wp\/v2\/types\/product"}],"wp:attachment":[{"href":"https:\/\/sezona.lv\/en\/wp-json\/wp\/v2\/media?parent=76760"}],"wp:term":[{"taxonomy":"product_brand","embeddable":true,"href":"https:\/\/sezona.lv\/en\/wp-json\/wp\/v2\/product_brand?post=76760"},{"taxonomy":"product_cat","embeddable":true,"href":"https:\/\/sezona.lv\/en\/wp-json\/wp\/v2\/product_cat?post=76760"},{"taxonomy":"product_tag","embeddable":true,"href":"https:\/\/sezona.lv\/en\/wp-json\/wp\/v2\/product_tag?post=76760"}],"curies":[{"name":"wp","href":"https:\/\/api.w.org\/{rel}","templated":true}]}}