{"id":76761,"date":"2025-07-14T14:56:11","date_gmt":"2025-07-14T11:56:11","guid":{"rendered":"https:\/\/demo8.ecube.lv\/sezona.lv\/products\/karabine-dmm-rhino-sg\/"},"modified":"2025-07-14T14:56:11","modified_gmt":"2025-07-14T11:56:11","slug":"karabine-dmm-rhino-sg","status":"publish","type":"product","link":"https:\/\/sezona.lv\/en\/products\/karabine-dmm-rhino-sg\/","title":{"rendered":"Karab\u012bne DMM Rhino SG"},"content":{"rendered":"<p align=\"justify\"><span style=\"font-size: x-small\">DMM Rhino karab\u012bne pamat\u0101 ir paredz\u0113ta sporta k\u0101p\u0113jiem, kas lieto pa&scaron;bremz\u0113jo&scaron;\u0101s dro&scaron;in\u0101&scaron;anas ier\u012bces (Petzl GriGri u.c.). Papildus rags ne\u013caus ier\u012bcei nost\u0101ties uz s\u0101nu malas, nov\u0113r&scaron;ot nepareizu slogojumu (cross loading). T\u0101pat karab\u012bne darbojas lieliski ar jebkuru citu dro&scaron;in\u0101&scaron;anas ier\u012bci. T\u0101 plat\u0101 un gar\u0101 galva \u013caus virvei br\u012bvi un saudz\u012bgi sl\u012bd\u0113t cau karab\u012bni.<br \/>I-Beam konstrukcija nodro&scaron;in\u0101s lielu iztur\u012bbu, zemu svaru un \u0113rtu lieto&scaron;an\u0101.<\/span><\/p>\n<div><\/div>\n<p align=\"justify\"><span style=\"font-size: x-small\">Specifik\u0101cija:<\/span><\/p>\n<table class=\"tech_info_table\" style=\"height: 87px\" border=\"0\" width=\"440\">\n<tbody>\n<tr>\n<th>&nbsp;<\/th>\n<th>Iztur\u012bba<\/th>\n<th>Iztur\u012bba (atv\u0113rt\u0101 poz.)<\/th>\n<th>Atv\u0113rums<\/th>\n<th>Svars<\/th>\n<\/tr>\n<tr>\n<td>Rhino SG<\/td>\n<td>27 kN<\/td>\n<td>7 kN<\/td>\n<td>20 mm<\/td>\n<td>72 g<\/td>\n<\/tr>\n<tr>\n<td>Rhino QL<\/td>\n<td>27 kN<\/td>\n<td>7 kN<\/td>\n<td>19 mm<\/td>\n<td>80 g<\/td>\n<\/tr>\n<tr>\n<td>Rhino LS<\/td>\n<td>27 kN<\/td>\n<td>7 kN<\/td>\n<td>19mm<\/td>\n<td>80 g<\/td>\n<\/tr>\n<\/tbody>\n<\/table>\n","protected":false},"excerpt":{"rendered":"<p>DMM Rhino karab\u012bne pamat\u0101 ir paredz\u0113ta sporta k\u0101p\u0113jiem, kas lieto pa&scaron;bremz\u0113jo&scaron;\u0101s dro&scaron;in\u0101&scaron;anas ier\u012bces (Petzl GriGri u.c.). Papildus rags ne\u013caus ier\u012bcei nost\u0101ties uz s\u0101nu malas, nov\u0113r&scaron;ot nepareizu slogojumu (cross loading). T\u0101pat karab\u012bne darbojas lieliski ar jebkuru citu dro&scaron;in\u0101&scaron;anas ier\u012bci. T\u0101 plat\u0101 un gar\u0101 galva \u013caus virvei br\u012bvi un saudz\u012bgi sl\u012bd\u0113t cau karab\u012bni.I-Beam konstrukcija nodro&scaron;in\u0101s lielu iztur\u012bbu, [&hellip;]<\/p>\n","protected":false},"featured_media":0,"template":"","meta":[],"product_brand":[965],"product_cat":[4851,4859,4864],"product_tag":[],"class_list":{"0":"post-76761","1":"product","2":"type-product","3":"status-publish","5":"product_brand-dmm","6":"product_cat-mountaineering-equipment-recreation","7":"product_cat-for-rock-climbing-mountaineering-mountaineering-equipment-recreation","8":"product_cat-carabiners-for-rock-climbing-mountaineering-mountaineering-equipment-recreation","10":"first","11":"instock","12":"shipping-taxable","13":"purchasable","14":"product-type-simple"},"_links":{"self":[{"href":"https:\/\/sezona.lv\/en\/wp-json\/wp\/v2\/product\/76761","targetHints":{"allow":["GET"]}}],"collection":[{"href":"https:\/\/sezona.lv\/en\/wp-json\/wp\/v2\/product"}],"about":[{"href":"https:\/\/sezona.lv\/en\/wp-json\/wp\/v2\/types\/product"}],"wp:attachment":[{"href":"https:\/\/sezona.lv\/en\/wp-json\/wp\/v2\/media?parent=76761"}],"wp:term":[{"taxonomy":"product_brand","embeddable":true,"href":"https:\/\/sezona.lv\/en\/wp-json\/wp\/v2\/product_brand?post=76761"},{"taxonomy":"product_cat","embeddable":true,"href":"https:\/\/sezona.lv\/en\/wp-json\/wp\/v2\/product_cat?post=76761"},{"taxonomy":"product_tag","embeddable":true,"href":"https:\/\/sezona.lv\/en\/wp-json\/wp\/v2\/product_tag?post=76761"}],"curies":[{"name":"wp","href":"https:\/\/api.w.org\/{rel}","templated":true}]}}