{"id":76766,"date":"2025-07-14T14:56:17","date_gmt":"2025-07-14T11:56:17","guid":{"rendered":"https:\/\/demo8.ecube.lv\/sezona.lv\/products\/karabine-dmm-ultra-d-ls\/"},"modified":"2025-07-14T14:56:17","modified_gmt":"2025-07-14T11:56:17","slug":"karabine-dmm-ultra-d-ls","status":"publish","type":"product","link":"https:\/\/sezona.lv\/en\/products\/karabine-dmm-ultra-d-ls\/","title":{"rendered":"Karab\u012bne DMM Ultra-D LS"},"content":{"rendered":"<p align=\"justify\"><span style=\"font-size: x-small\">D formas alum\u012bnija karab\u012bne ar LockSafe (Ls) autom\u0101tisko aizdares sist\u0113mu. Tr\u012bs-kust\u012bbu aizdares sist\u0113ma ir \u013coti dro&scaron;a un \u0113rta lieto&scaron;an\u0101. Karab\u012bne lieliski sader kop\u0101 ar da\u017e\u0101diem tr\u012b&scaron;iem (Pinto, Triple attachment u.c.) un stirpin\u0101juma punktiem.<\/span><\/p>\n<div>\n<ul class=\"features\">\n<li><span style=\"font-size: x-small\">Sertific\u0113ta: EN362:2004\/B<\/span><\/li>\n<li><span style=\"font-size: x-small\">Ov\u0101l\u0101 forma nodro&scaron;ina pareizu ier\u012b\u010du poz\u012bciju<\/span><\/li>\n<li><span style=\"font-size: x-small\">I-Beam konstrukcija nodro&scaron;ina lielisku svara\/iztur\u012bbas attiec\u012bbu<\/span><\/li>\n<li><span style=\"font-size: x-small\">Gluds karab\u012bnes gals (Clean Nose)<\/span><\/li>\n<li><span style=\"font-size: x-small\">Anodiz\u0113ta (BS EN 7599:2010 AA10), apstr\u0101d\u0101ta ar pret-korozijas p\u0101rkl\u0101jumu<\/span><\/li>\n<li><span style=\"font-size: x-small\">Individu\u0101li mar\u0137\u0113ta<\/span><\/li>\n<\/ul>\n<\/div>\n<p align=\"justify\"><span style=\"font-size: x-small\">&nbsp;<\/span><\/p>\n","protected":false},"excerpt":{"rendered":"<p>D formas alum\u012bnija karab\u012bne ar LockSafe (Ls) autom\u0101tisko aizdares sist\u0113mu. Tr\u012bs-kust\u012bbu aizdares sist\u0113ma ir \u013coti dro&scaron;a un \u0113rta lieto&scaron;an\u0101. Karab\u012bne lieliski sader kop\u0101 ar da\u017e\u0101diem tr\u012b&scaron;iem (Pinto, Triple attachment u.c.) un stirpin\u0101juma punktiem. Sertific\u0113ta: EN362:2004\/B Ov\u0101l\u0101 forma nodro&scaron;ina pareizu ier\u012b\u010du poz\u012bciju I-Beam konstrukcija nodro&scaron;ina lielisku svara\/iztur\u012bbas attiec\u012bbu Gluds karab\u012bnes gals (Clean Nose) Anodiz\u0113ta (BS EN [&hellip;]<\/p>\n","protected":false},"featured_media":0,"template":"","meta":[],"product_brand":[965],"product_cat":[4851,4859,4864],"product_tag":[],"class_list":{"0":"post-76766","1":"product","2":"type-product","3":"status-publish","5":"product_brand-dmm","6":"product_cat-mountaineering-equipment-recreation","7":"product_cat-for-rock-climbing-mountaineering-mountaineering-equipment-recreation","8":"product_cat-carabiners-for-rock-climbing-mountaineering-mountaineering-equipment-recreation","10":"first","11":"instock","12":"shipping-taxable","13":"purchasable","14":"product-type-simple"},"_links":{"self":[{"href":"https:\/\/sezona.lv\/en\/wp-json\/wp\/v2\/product\/76766","targetHints":{"allow":["GET"]}}],"collection":[{"href":"https:\/\/sezona.lv\/en\/wp-json\/wp\/v2\/product"}],"about":[{"href":"https:\/\/sezona.lv\/en\/wp-json\/wp\/v2\/types\/product"}],"wp:attachment":[{"href":"https:\/\/sezona.lv\/en\/wp-json\/wp\/v2\/media?parent=76766"}],"wp:term":[{"taxonomy":"product_brand","embeddable":true,"href":"https:\/\/sezona.lv\/en\/wp-json\/wp\/v2\/product_brand?post=76766"},{"taxonomy":"product_cat","embeddable":true,"href":"https:\/\/sezona.lv\/en\/wp-json\/wp\/v2\/product_cat?post=76766"},{"taxonomy":"product_tag","embeddable":true,"href":"https:\/\/sezona.lv\/en\/wp-json\/wp\/v2\/product_tag?post=76766"}],"curies":[{"name":"wp","href":"https:\/\/api.w.org\/{rel}","templated":true}]}}