{"id":76767,"date":"2025-07-14T14:56:18","date_gmt":"2025-07-14T11:56:18","guid":{"rendered":"https:\/\/demo8.ecube.lv\/sezona.lv\/products\/karabine-climbing-technology-kayak\/"},"modified":"2025-07-14T14:56:18","modified_gmt":"2025-07-14T11:56:18","slug":"karabine-climbing-technology-kayak","status":"publish","type":"product","link":"https:\/\/sezona.lv\/en\/products\/karabine-climbing-technology-kayak\/","title":{"rendered":"Karab\u012bne Climbing Technology Kayak"},"content":{"rendered":"<p align=\"justify\"><span style=\"font-size: x-small\">Viegla alum\u012bnija karab\u012bne ar pla&scaron;u atv\u0113rumu. Paredz\u0113ta laivo&scaron;anai. Pla&scaron;ais atv\u0113rums nodro&scaron;ina to, ka ar &scaron;o karab\u012bni ir viegli veikt dro&scaron;in\u0101&scaron;anu un citus uzdevumus. \u0112rti lietojama.<\/span><\/p>\n<p align=\"justify\"><span style=\"font-size: x-small\">Karab\u012bni var izmantot ar\u012b k\u0101 lielo instrumentu karab\u012bni, piem\u0113ram, lai piestiprin\u0101tu motorz\u0101\u0123i pie sist\u0113mas z\u0101\u0123\u0113jot kokus. Noder\u012bga karab\u012bne arboristiem.<\/span><\/p>\n<div><\/div>\n<p align=\"justify\"><span style=\"font-size: x-small\"><strong><span style=\"color: #800000\">Specifik\u0101cija:<\/span><\/strong><br \/>Iztur\u012bba: 22\/9\/8kN<br \/>Svars: 78g<br \/>Muftas atvere: 32mm<\/span><\/p>\n<div><\/div>\n<p align=\"justify\"><span style=\"font-size: x-small\">Sertifik\u0101cija: EN 12275:1998-B<\/span><\/p>\n","protected":false},"excerpt":{"rendered":"<p>Viegla alum\u012bnija karab\u012bne ar pla&scaron;u atv\u0113rumu. Paredz\u0113ta laivo&scaron;anai. Pla&scaron;ais atv\u0113rums nodro&scaron;ina to, ka ar &scaron;o karab\u012bni ir viegli veikt dro&scaron;in\u0101&scaron;anu un citus uzdevumus. \u0112rti lietojama. Karab\u012bni var izmantot ar\u012b k\u0101 lielo instrumentu karab\u012bni, piem\u0113ram, lai piestiprin\u0101tu motorz\u0101\u0123i pie sist\u0113mas z\u0101\u0123\u0113jot kokus. Noder\u012bga karab\u012bne arboristiem. Specifik\u0101cija:Iztur\u012bba: 22\/9\/8kNSvars: 78gMuftas atvere: 32mm Sertifik\u0101cija: EN 12275:1998-B<\/p>\n","protected":false},"featured_media":0,"template":"","meta":[],"product_brand":[928],"product_cat":[4851,4859,4864],"product_tag":[],"class_list":{"0":"post-76767","1":"product","2":"type-product","3":"status-publish","5":"product_brand-climbing-technology","6":"product_cat-mountaineering-equipment-recreation","7":"product_cat-for-rock-climbing-mountaineering-mountaineering-equipment-recreation","8":"product_cat-carabiners-for-rock-climbing-mountaineering-mountaineering-equipment-recreation","10":"first","11":"instock","12":"shipping-taxable","13":"purchasable","14":"product-type-simple"},"_links":{"self":[{"href":"https:\/\/sezona.lv\/en\/wp-json\/wp\/v2\/product\/76767","targetHints":{"allow":["GET"]}}],"collection":[{"href":"https:\/\/sezona.lv\/en\/wp-json\/wp\/v2\/product"}],"about":[{"href":"https:\/\/sezona.lv\/en\/wp-json\/wp\/v2\/types\/product"}],"wp:attachment":[{"href":"https:\/\/sezona.lv\/en\/wp-json\/wp\/v2\/media?parent=76767"}],"wp:term":[{"taxonomy":"product_brand","embeddable":true,"href":"https:\/\/sezona.lv\/en\/wp-json\/wp\/v2\/product_brand?post=76767"},{"taxonomy":"product_cat","embeddable":true,"href":"https:\/\/sezona.lv\/en\/wp-json\/wp\/v2\/product_cat?post=76767"},{"taxonomy":"product_tag","embeddable":true,"href":"https:\/\/sezona.lv\/en\/wp-json\/wp\/v2\/product_tag?post=76767"}],"curies":[{"name":"wp","href":"https:\/\/api.w.org\/{rel}","templated":true}]}}