{"id":76769,"date":"2025-07-14T14:56:19","date_gmt":"2025-07-14T11:56:19","guid":{"rendered":"https:\/\/demo8.ecube.lv\/sezona.lv\/products\/karabine-climbing-technology-concept-sg\/"},"modified":"2025-07-14T14:56:19","modified_gmt":"2025-07-14T11:56:19","slug":"karabine-climbing-technology-concept-sg","status":"publish","type":"product","link":"https:\/\/sezona.lv\/en\/products\/karabine-climbing-technology-concept-sg\/","title":{"rendered":"Karab\u012bne Climbing Technology Concept SG"},"content":{"rendered":"<p align=\"justify\"><span style=\"font-size: x-small\">Climbing Technology Concept SG ir HMS tipa karab\u012bne ar skr\u016bv\u0113jamu aizdares meh\u0101nismu. Pla&scaron;i pielietojama karab\u012bne gan tradicion\u0101lajai klin&scaron;u k\u0101p&scaron;anai, gan sporta k\u0101p&scaron;anai, gan ar\u012b alp\u012bnisma mar&scaron;rutiem. To ir \u0113rti lietot kop\u0101 ar dro&scaron;in\u0101&scaron;anas ier\u012bc\u0113m.<\/span><\/p>\n<p align=\"justify\"><span style=\"font-size: x-small\">Specifik\u0101cija:<\/span><\/p>\n<p align=\"justify\"><span style=\"font-size: x-small\">Svars: 74g<\/span><\/p>\n<p align=\"justify\"><span style=\"font-size: x-small\">Iztur\u012bba: 23\/10\/8 kN<\/span><\/p>\n<p align=\"justify\"><span style=\"font-size: x-small\">Muftes atvere: 21mm<\/span><\/p>\n<p align=\"justify\"><span style=\"font-size: x-small\">Sertefik\u0101cija: CE EN 12275, EN 362<\/span><\/p>\n","protected":false},"excerpt":{"rendered":"<p>Climbing Technology Concept SG ir HMS tipa karab\u012bne ar skr\u016bv\u0113jamu aizdares meh\u0101nismu. Pla&scaron;i pielietojama karab\u012bne gan tradicion\u0101lajai klin&scaron;u k\u0101p&scaron;anai, gan sporta k\u0101p&scaron;anai, gan ar\u012b alp\u012bnisma mar&scaron;rutiem. To ir \u0113rti lietot kop\u0101 ar dro&scaron;in\u0101&scaron;anas ier\u012bc\u0113m. Specifik\u0101cija: Svars: 74g Iztur\u012bba: 23\/10\/8 kN Muftes atvere: 21mm Sertefik\u0101cija: CE EN 12275, EN 362<\/p>\n","protected":false},"featured_media":0,"template":"","meta":[],"product_brand":[928],"product_cat":[4851,4859,4864],"product_tag":[],"class_list":{"0":"post-76769","1":"product","2":"type-product","3":"status-publish","5":"product_brand-climbing-technology","6":"product_cat-mountaineering-equipment-recreation","7":"product_cat-for-rock-climbing-mountaineering-mountaineering-equipment-recreation","8":"product_cat-carabiners-for-rock-climbing-mountaineering-mountaineering-equipment-recreation","10":"first","11":"instock","12":"shipping-taxable","13":"purchasable","14":"product-type-simple"},"_links":{"self":[{"href":"https:\/\/sezona.lv\/en\/wp-json\/wp\/v2\/product\/76769","targetHints":{"allow":["GET"]}}],"collection":[{"href":"https:\/\/sezona.lv\/en\/wp-json\/wp\/v2\/product"}],"about":[{"href":"https:\/\/sezona.lv\/en\/wp-json\/wp\/v2\/types\/product"}],"wp:attachment":[{"href":"https:\/\/sezona.lv\/en\/wp-json\/wp\/v2\/media?parent=76769"}],"wp:term":[{"taxonomy":"product_brand","embeddable":true,"href":"https:\/\/sezona.lv\/en\/wp-json\/wp\/v2\/product_brand?post=76769"},{"taxonomy":"product_cat","embeddable":true,"href":"https:\/\/sezona.lv\/en\/wp-json\/wp\/v2\/product_cat?post=76769"},{"taxonomy":"product_tag","embeddable":true,"href":"https:\/\/sezona.lv\/en\/wp-json\/wp\/v2\/product_tag?post=76769"}],"curies":[{"name":"wp","href":"https:\/\/api.w.org\/{rel}","templated":true}]}}