{"id":76770,"date":"2025-07-14T14:56:20","date_gmt":"2025-07-14T11:56:20","guid":{"rendered":"https:\/\/demo8.ecube.lv\/sezona.lv\/products\/karabine-dmm-belay-master\/"},"modified":"2025-07-14T14:56:20","modified_gmt":"2025-07-14T11:56:20","slug":"karabine-dmm-belay-master","status":"publish","type":"product","link":"https:\/\/sezona.lv\/en\/products\/karabine-dmm-belay-master\/","title":{"rendered":"Karab\u012bne DMM Belay Master"},"content":{"rendered":"<p align=\"justify\"><span style=\"font-size: x-small\">DMM Belay Master ir HMS tipa karab\u012bne ar skr\u016bv\u0113jamu aizdares meh\u0101nismu un papildus klipsi dro&scaron;\u012bbai. Plastmasas klipsis nodro&scaron;ina pareizu karab\u012bnes novietojumu dro&scaron;in\u0101&scaron;anas laik\u0101, k\u0101 ar\u012b nodro&scaron;ina to lai karab\u012bne net\u012b&scaron;\u0101m neattais\u012btos va\u013c\u0101. &Scaron;\u012b karab\u012bne ir lieliski piem\u0113rota ar dro&scaron;in\u0101&scaron;anas ier\u012bc\u0113m. Lieliski piem\u0113rota gan ies\u0101c\u0113jiem, gan ar\u012b pieredz\u0113ju&scaron;iem k\u0101p\u0113jiem. Vair\u0101k par karab\u012bnes priek&scaron;roc\u012bb\u0101m var redz\u0113t apak&scaron;\u0101 video.<\/span><\/p>\n<div><\/div>\n<p align=\"justify\"><span style=\"font-size: x-small\">Specifik\u0101cija:<\/span><\/p>\n<div><\/div>\n<p align=\"justify\"><span style=\"font-size: x-small\">Svars: 93g<\/span><\/p>\n<div><\/div>\n<p align=\"justify\"><span style=\"font-size: x-small\">Iztur\u012bba: 25\/8\/10 kN<\/span><\/p>\n<div><\/div>\n<p align=\"justify\"><span style=\"font-size: x-small\">Atv\u0113rums: 20mm<\/span><\/p>\n","protected":false},"excerpt":{"rendered":"<p>DMM Belay Master ir HMS tipa karab\u012bne ar skr\u016bv\u0113jamu aizdares meh\u0101nismu un papildus klipsi dro&scaron;\u012bbai. Plastmasas klipsis nodro&scaron;ina pareizu karab\u012bnes novietojumu dro&scaron;in\u0101&scaron;anas laik\u0101, k\u0101 ar\u012b nodro&scaron;ina to lai karab\u012bne net\u012b&scaron;\u0101m neattais\u012btos va\u013c\u0101. &Scaron;\u012b karab\u012bne ir lieliski piem\u0113rota ar dro&scaron;in\u0101&scaron;anas ier\u012bc\u0113m. Lieliski piem\u0113rota gan ies\u0101c\u0113jiem, gan ar\u012b pieredz\u0113ju&scaron;iem k\u0101p\u0113jiem. Vair\u0101k par karab\u012bnes priek&scaron;roc\u012bb\u0101m var redz\u0113t apak&scaron;\u0101 [&hellip;]<\/p>\n","protected":false},"featured_media":0,"template":"","meta":[],"product_brand":[965],"product_cat":[4851,4859,4864],"product_tag":[],"class_list":{"0":"post-76770","1":"product","2":"type-product","3":"status-publish","5":"product_brand-dmm","6":"product_cat-mountaineering-equipment-recreation","7":"product_cat-for-rock-climbing-mountaineering-mountaineering-equipment-recreation","8":"product_cat-carabiners-for-rock-climbing-mountaineering-mountaineering-equipment-recreation","10":"first","11":"instock","12":"shipping-taxable","13":"purchasable","14":"product-type-simple"},"_links":{"self":[{"href":"https:\/\/sezona.lv\/en\/wp-json\/wp\/v2\/product\/76770","targetHints":{"allow":["GET"]}}],"collection":[{"href":"https:\/\/sezona.lv\/en\/wp-json\/wp\/v2\/product"}],"about":[{"href":"https:\/\/sezona.lv\/en\/wp-json\/wp\/v2\/types\/product"}],"wp:attachment":[{"href":"https:\/\/sezona.lv\/en\/wp-json\/wp\/v2\/media?parent=76770"}],"wp:term":[{"taxonomy":"product_brand","embeddable":true,"href":"https:\/\/sezona.lv\/en\/wp-json\/wp\/v2\/product_brand?post=76770"},{"taxonomy":"product_cat","embeddable":true,"href":"https:\/\/sezona.lv\/en\/wp-json\/wp\/v2\/product_cat?post=76770"},{"taxonomy":"product_tag","embeddable":true,"href":"https:\/\/sezona.lv\/en\/wp-json\/wp\/v2\/product_tag?post=76770"}],"curies":[{"name":"wp","href":"https:\/\/api.w.org\/{rel}","templated":true}]}}