{"id":76771,"date":"2025-07-14T14:56:21","date_gmt":"2025-07-14T11:56:21","guid":{"rendered":"https:\/\/demo8.ecube.lv\/sezona.lv\/products\/karabine-dmm-revolver-ls\/"},"modified":"2025-07-14T14:56:21","modified_gmt":"2025-07-14T11:56:21","slug":"karabine-dmm-revolver-ls","status":"publish","type":"product","link":"https:\/\/sezona.lv\/en\/products\/karabine-dmm-revolver-ls\/","title":{"rendered":"Karab\u012bne DMM Revolver LS"},"content":{"rendered":"<p><span style=\"font-size: x-small\">DMM Re<span style=\"font-size: x-small\">volver karab\u012bne ir apr\u012bkota ar&nbsp;<span style=\"font-size: x-small\">efekt\u012bvu skrituli t\u0101 vien\u0101 gal\u0101, lai mazin\u0101tu&nbsp;<span style=\"font-size: x-small\">virves berzi izvelkot kravu, veicot g<span style=\"font-size: x-small\">l\u0101b&scaron;anas darbus vai mazinot berzi ko rada virve, kad t\u0101 iet caur atsaiti, k\u0101pjot ar apak&scaron;\u0113jo dro&scaron;in\u0101&scaron;anu. Karab\u012bnei ir Lock Safe tr\u012bspak\u0101pju aizdares meh\u0101nisms.<\/span><\/span><\/span><\/span><\/span><\/p>\n<p><span style=\"font-size: x-small\">Specifik\u0101cija:<\/span><\/p>\n<p><span style=\"font-size: x-small\">Svars: 70g<\/span><\/p>\n<p><span style=\"font-size: x-small\">Iztur\u012bba: 24\/8\/8 kN<\/span><\/p>\n<p><span style=\"font-size: x-small\">Atv\u0113rums: 15mm<\/span><\/p>\n","protected":false},"excerpt":{"rendered":"<p>DMM Revolver karab\u012bne ir apr\u012bkota ar&nbsp;efekt\u012bvu skrituli t\u0101 vien\u0101 gal\u0101, lai mazin\u0101tu&nbsp;virves berzi izvelkot kravu, veicot gl\u0101b&scaron;anas darbus vai mazinot berzi ko rada virve, kad t\u0101 iet caur atsaiti, k\u0101pjot ar apak&scaron;\u0113jo dro&scaron;in\u0101&scaron;anu. Karab\u012bnei ir Lock Safe tr\u012bspak\u0101pju aizdares meh\u0101nisms. Specifik\u0101cija: Svars: 70g Iztur\u012bba: 24\/8\/8 kN Atv\u0113rums: 15mm<\/p>\n","protected":false},"featured_media":0,"template":"","meta":[],"product_brand":[965],"product_cat":[4851,4859,4864],"product_tag":[],"class_list":{"0":"post-76771","1":"product","2":"type-product","3":"status-publish","5":"product_brand-dmm","6":"product_cat-mountaineering-equipment-recreation","7":"product_cat-for-rock-climbing-mountaineering-mountaineering-equipment-recreation","8":"product_cat-carabiners-for-rock-climbing-mountaineering-mountaineering-equipment-recreation","10":"first","11":"instock","12":"shipping-taxable","13":"purchasable","14":"product-type-simple"},"_links":{"self":[{"href":"https:\/\/sezona.lv\/en\/wp-json\/wp\/v2\/product\/76771","targetHints":{"allow":["GET"]}}],"collection":[{"href":"https:\/\/sezona.lv\/en\/wp-json\/wp\/v2\/product"}],"about":[{"href":"https:\/\/sezona.lv\/en\/wp-json\/wp\/v2\/types\/product"}],"wp:attachment":[{"href":"https:\/\/sezona.lv\/en\/wp-json\/wp\/v2\/media?parent=76771"}],"wp:term":[{"taxonomy":"product_brand","embeddable":true,"href":"https:\/\/sezona.lv\/en\/wp-json\/wp\/v2\/product_brand?post=76771"},{"taxonomy":"product_cat","embeddable":true,"href":"https:\/\/sezona.lv\/en\/wp-json\/wp\/v2\/product_cat?post=76771"},{"taxonomy":"product_tag","embeddable":true,"href":"https:\/\/sezona.lv\/en\/wp-json\/wp\/v2\/product_tag?post=76771"}],"curies":[{"name":"wp","href":"https:\/\/api.w.org\/{rel}","templated":true}]}}