{"id":76772,"date":"2025-07-14T14:56:22","date_gmt":"2025-07-14T11:56:22","guid":{"rendered":"https:\/\/demo8.ecube.lv\/sezona.lv\/products\/atsaite-black-diamond-oz\/"},"modified":"2025-07-14T14:56:22","modified_gmt":"2025-07-14T11:56:22","slug":"atsaite-black-diamond-oz","status":"publish","type":"product","link":"https:\/\/sezona.lv\/en\/products\/atsaite-black-diamond-oz\/","title":{"rendered":"Atsaite Black Diamond Oz"},"content":{"rendered":"<p align=\"justify\"><span style=\"font-size: x-small\">Viegl\u0101k\u0101 no Black Diamond atsait\u0113m. Piem\u0113rota gan sporta klin&scaron;u k\u0101p&scaron;anai, gan ar\u012b tradicion\u0101lajai k\u0101p&scaron;anai. Lieliska kvalit\u0101te un zems svars.<\/span><\/p>\n<p align=\"justify\"><span style=\"font-size: x-small\"><strong>Specifik\u0101cija:<\/strong><\/span><\/p>\n<p align=\"justify\"><span style=\"font-size: x-small\">Svars: 63 g<\/span><\/p>\n<p align=\"justify\"><span style=\"font-size: x-small\">Garums: 12cm<\/span><\/p>\n<p align=\"justify\"><span style=\"font-size: x-small\">Karab\u012bnes iztur\u012bba: 20\/7\/8 kN<\/span><\/p>\n","protected":false},"excerpt":{"rendered":"<p>Viegl\u0101k\u0101 no Black Diamond atsait\u0113m. Piem\u0113rota gan sporta klin&scaron;u k\u0101p&scaron;anai, gan ar\u012b tradicion\u0101lajai k\u0101p&scaron;anai. Lieliska kvalit\u0101te un zems svars. Specifik\u0101cija: Svars: 63 g Garums: 12cm Karab\u012bnes iztur\u012bba: 20\/7\/8 kN<\/p>\n","protected":false},"featured_media":0,"template":"","meta":[],"product_brand":[946],"product_cat":[4851,4859,4865],"product_tag":[],"class_list":{"0":"post-76772","1":"product","2":"type-product","3":"status-publish","5":"product_brand-black-diamond","6":"product_cat-mountaineering-equipment-recreation","7":"product_cat-for-rock-climbing-mountaineering-mountaineering-equipment-recreation","8":"product_cat-slings-for-rock-climbing-mountaineering-mountaineering-equipment-recreation","10":"first","11":"instock","12":"shipping-taxable","13":"purchasable","14":"product-type-simple"},"_links":{"self":[{"href":"https:\/\/sezona.lv\/en\/wp-json\/wp\/v2\/product\/76772","targetHints":{"allow":["GET"]}}],"collection":[{"href":"https:\/\/sezona.lv\/en\/wp-json\/wp\/v2\/product"}],"about":[{"href":"https:\/\/sezona.lv\/en\/wp-json\/wp\/v2\/types\/product"}],"wp:attachment":[{"href":"https:\/\/sezona.lv\/en\/wp-json\/wp\/v2\/media?parent=76772"}],"wp:term":[{"taxonomy":"product_brand","embeddable":true,"href":"https:\/\/sezona.lv\/en\/wp-json\/wp\/v2\/product_brand?post=76772"},{"taxonomy":"product_cat","embeddable":true,"href":"https:\/\/sezona.lv\/en\/wp-json\/wp\/v2\/product_cat?post=76772"},{"taxonomy":"product_tag","embeddable":true,"href":"https:\/\/sezona.lv\/en\/wp-json\/wp\/v2\/product_tag?post=76772"}],"curies":[{"name":"wp","href":"https:\/\/api.w.org\/{rel}","templated":true}]}}