{"id":76773,"date":"2025-07-14T14:56:23","date_gmt":"2025-07-14T11:56:23","guid":{"rendered":"https:\/\/demo8.ecube.lv\/sezona.lv\/products\/atsaite-climbing-technology-gym-steel-set\/"},"modified":"2025-07-14T14:56:23","modified_gmt":"2025-07-14T11:56:23","slug":"atsaite-climbing-technology-gym-steel-set","status":"publish","type":"product","link":"https:\/\/sezona.lv\/en\/products\/atsaite-climbing-technology-gym-steel-set\/","title":{"rendered":"Atsaite Climbing Technology GYM Steel SET"},"content":{"rendered":"<p align=\"justify\"><span style=\"font-size: x-small\">Fiks\u0113ta atsaite k\u0101p&scaron;anas sien\u0101m. Karab\u012bne ir no cinkota t\u0113rauda, savuk\u0101rt atvere ir no alum\u012bnija. T\u0113rauda karab\u012bne nodro&scaron;ina liel\u0101ku kalpo&scaron;anas ilgumu pie \u013coti intens\u012bvas slodzes. Atsaites otr\u0101 gal\u0101 ir maza ov\u0101la t\u0113rauda karab\u012bne, kuri stiprina pie \u0101\u0137a. Tas palielina dro&scaron;\u012bbu, jo atsaite nevar sagriezties. Cilpa ir no bieza materi\u0101la, kas paildzina lieto&scaron;anas ilgumu.<\/span><\/p>\n<p align=\"justify\"><span style=\"font-size: x-small\"><strong>Specifik\u0101cija:<\/strong><\/span><\/p>\n<p align=\"justify\"><span style=\"font-size: x-small\">Garums: 12cm<\/span><\/p>\n<p align=\"justify\"><span style=\"font-size: x-small\">Svars: 225g<\/span><\/p>\n<p align=\"justify\"><span style=\"font-size: x-small\">Iztur\u012bba: 25kN<\/span><\/p>\n<p align=\"justify\"><span style=\"font-size: x-small\">Sertifik\u0101cija: CE 0333<\/span><\/p>\n","protected":false},"excerpt":{"rendered":"<p>Fiks\u0113ta atsaite k\u0101p&scaron;anas sien\u0101m. Karab\u012bne ir no cinkota t\u0113rauda, savuk\u0101rt atvere ir no alum\u012bnija. T\u0113rauda karab\u012bne nodro&scaron;ina liel\u0101ku kalpo&scaron;anas ilgumu pie \u013coti intens\u012bvas slodzes. Atsaites otr\u0101 gal\u0101 ir maza ov\u0101la t\u0113rauda karab\u012bne, kuri stiprina pie \u0101\u0137a. Tas palielina dro&scaron;\u012bbu, jo atsaite nevar sagriezties. Cilpa ir no bieza materi\u0101la, kas paildzina lieto&scaron;anas ilgumu. Specifik\u0101cija: Garums: 12cm [&hellip;]<\/p>\n","protected":false},"featured_media":0,"template":"","meta":[],"product_brand":[928],"product_cat":[4851,4859,4865],"product_tag":[],"class_list":{"0":"post-76773","1":"product","2":"type-product","3":"status-publish","5":"product_brand-climbing-technology","6":"product_cat-mountaineering-equipment-recreation","7":"product_cat-for-rock-climbing-mountaineering-mountaineering-equipment-recreation","8":"product_cat-slings-for-rock-climbing-mountaineering-mountaineering-equipment-recreation","10":"first","11":"instock","12":"shipping-taxable","13":"purchasable","14":"product-type-simple"},"_links":{"self":[{"href":"https:\/\/sezona.lv\/en\/wp-json\/wp\/v2\/product\/76773","targetHints":{"allow":["GET"]}}],"collection":[{"href":"https:\/\/sezona.lv\/en\/wp-json\/wp\/v2\/product"}],"about":[{"href":"https:\/\/sezona.lv\/en\/wp-json\/wp\/v2\/types\/product"}],"wp:attachment":[{"href":"https:\/\/sezona.lv\/en\/wp-json\/wp\/v2\/media?parent=76773"}],"wp:term":[{"taxonomy":"product_brand","embeddable":true,"href":"https:\/\/sezona.lv\/en\/wp-json\/wp\/v2\/product_brand?post=76773"},{"taxonomy":"product_cat","embeddable":true,"href":"https:\/\/sezona.lv\/en\/wp-json\/wp\/v2\/product_cat?post=76773"},{"taxonomy":"product_tag","embeddable":true,"href":"https:\/\/sezona.lv\/en\/wp-json\/wp\/v2\/product_tag?post=76773"}],"curies":[{"name":"wp","href":"https:\/\/api.w.org\/{rel}","templated":true}]}}