{"id":76774,"date":"2025-07-14T14:56:23","date_gmt":"2025-07-14T11:56:23","guid":{"rendered":"https:\/\/demo8.ecube.lv\/sezona.lv\/products\/atsaites-dmm-alpha-light-set\/"},"modified":"2025-07-14T14:56:23","modified_gmt":"2025-07-14T11:56:23","slug":"atsaites-dmm-alpha-light-set","status":"publish","type":"product","link":"https:\/\/sezona.lv\/en\/products\/atsaites-dmm-alpha-light-set\/","title":{"rendered":"Atsaites DMM Alpha Light Set"},"content":{"rendered":"<p><span style=\"font-size: x-small\">DMM Alpha Light karab\u012bnes ir veidotas uz DMM Alpha Trad karab\u012b\u0146u b\u0101zes. T\u0101s ir viegl\u0101kas un maz\u0101kas, bet saglab\u0101 savu iztur\u012bbu un \u0113rto lieto&scaron;anu. \u012apa&scaron;ais izliekums nodro&scaron;ina pla&scaron;\u0101ku atv\u0113rumu, t\u0101d\u0113j\u0101di atvieglojot virves ielik&scaron;anu. Stieples izliekums nodro&scaron;ina \u0113rt\u0101ku karab\u012bnes atv\u0113r&scaron;anu. Karab\u012bnes forma ir izveidota t\u0101, lai virve vienm\u0113r atrastos pareiz\u0101 st\u0101vokl\u012b. T\u0101s savienojas ar 11mm Dyneema materi\u0101la cilpu. Apak&scaron;\u0113j\u0101 karab\u012bne ir nostiprin\u0101ta ar gumiju, lai atvieglotu virves ielik&scaron;anu. Komplekt\u0101 ietilpst 5 atsaites: 1x12cm, 3x18cm, 1x25cm Ide\u0101li piem\u0113rota gan tradicion\u0101lajai klin&scaron;u k\u0101p&scaron;anai, gan ar\u012b alp\u012bnajiem mar&scaron;rutiem.<\/span><\/p>\n<p>&nbsp;<\/p>\n<div><span><span style=\"color: #800000\"><strong>Specifik\u0101cija:<\/strong><\/span><\/span><\/div>\n<p><span style=\"font-size: x-small\"><strong>Karab\u012bnes iztur\u012bba:<\/strong>&nbsp;23\/9\/7 kN<br \/><strong>Karab\u012bnes atv\u0113rums:<\/strong>&nbsp;25mm<br \/><strong>Karab\u012bnes svars:<\/strong>&nbsp;32 grami<br \/><strong>Atsaites svars:<\/strong>&nbsp;12cm=73g, 18cm=75g, 25cm=77g<br \/><strong>Dyneema cilpas iztur\u012bba:<\/strong>&nbsp;22kN<\/span><\/p>\n","protected":false},"excerpt":{"rendered":"<p>DMM Alpha Light karab\u012bnes ir veidotas uz DMM Alpha Trad karab\u012b\u0146u b\u0101zes. T\u0101s ir viegl\u0101kas un maz\u0101kas, bet saglab\u0101 savu iztur\u012bbu un \u0113rto lieto&scaron;anu. \u012apa&scaron;ais izliekums nodro&scaron;ina pla&scaron;\u0101ku atv\u0113rumu, t\u0101d\u0113j\u0101di atvieglojot virves ielik&scaron;anu. Stieples izliekums nodro&scaron;ina \u0113rt\u0101ku karab\u012bnes atv\u0113r&scaron;anu. Karab\u012bnes forma ir izveidota t\u0101, lai virve vienm\u0113r atrastos pareiz\u0101 st\u0101vokl\u012b. T\u0101s savienojas ar 11mm Dyneema [&hellip;]<\/p>\n","protected":false},"featured_media":0,"template":"","meta":[],"product_brand":[965],"product_cat":[4851,4859,4865],"product_tag":[],"class_list":{"0":"post-76774","1":"product","2":"type-product","3":"status-publish","5":"product_brand-dmm","6":"product_cat-mountaineering-equipment-recreation","7":"product_cat-for-rock-climbing-mountaineering-mountaineering-equipment-recreation","8":"product_cat-slings-for-rock-climbing-mountaineering-mountaineering-equipment-recreation","10":"first","11":"instock","12":"shipping-taxable","13":"purchasable","14":"product-type-simple"},"_links":{"self":[{"href":"https:\/\/sezona.lv\/en\/wp-json\/wp\/v2\/product\/76774","targetHints":{"allow":["GET"]}}],"collection":[{"href":"https:\/\/sezona.lv\/en\/wp-json\/wp\/v2\/product"}],"about":[{"href":"https:\/\/sezona.lv\/en\/wp-json\/wp\/v2\/types\/product"}],"wp:attachment":[{"href":"https:\/\/sezona.lv\/en\/wp-json\/wp\/v2\/media?parent=76774"}],"wp:term":[{"taxonomy":"product_brand","embeddable":true,"href":"https:\/\/sezona.lv\/en\/wp-json\/wp\/v2\/product_brand?post=76774"},{"taxonomy":"product_cat","embeddable":true,"href":"https:\/\/sezona.lv\/en\/wp-json\/wp\/v2\/product_cat?post=76774"},{"taxonomy":"product_tag","embeddable":true,"href":"https:\/\/sezona.lv\/en\/wp-json\/wp\/v2\/product_tag?post=76774"}],"curies":[{"name":"wp","href":"https:\/\/api.w.org\/{rel}","templated":true}]}}