{"id":76775,"date":"2025-07-14T14:56:24","date_gmt":"2025-07-14T11:56:24","guid":{"rendered":"https:\/\/demo8.ecube.lv\/sezona.lv\/products\/atsaites-dmm-thor-trad-set\/"},"modified":"2025-07-14T14:56:24","modified_gmt":"2025-07-14T11:56:24","slug":"atsaites-dmm-thor-trad-set","status":"publish","type":"product","link":"https:\/\/sezona.lv\/en\/products\/atsaites-dmm-thor-trad-set\/","title":{"rendered":"Atsaites DMM Thor Trad Set"},"content":{"rendered":"<p><span style=\"font-size: x-small\">DMM Thor Trad Set ir atsai&scaron;u komplekts, kur&scaron; b\u016bs \u012bpa&scaron;i piem\u0113rots gan alp\u012bnismam, gan daudzposmu klin&scaron;u mar&scaron;rutiem, gan ar\u012b sporta klin&scaron;u k\u0101p&scaron;anai. Thor karab\u012bnes ir \u012bpa&scaron;i iztur\u012bgas. T\u0101s izce\u013cas ar to, ka t\u0101m ir papildus pastiprin\u0101tas vietas, kas nodro&scaron;ina liel\u0101ku karab\u012bnes iztur\u012bbu un paildzina kalpo&scaron;anas ilgumu. Papildus materi\u0101ls ir karab\u012bnes aug&scaron;\u0113j\u0101 da\u013c\u0101, lai materi\u0101ls tik \u0101tri nenodilst pie ilgsto&scaron;as saskares ar virvi, vai ar\u012b ar klin&scaron;u \u0101\u0137iem. Karab\u012bnes forma ir izveidota t\u0101, lai t\u0101 vienm\u0113r atrastos pareiz\u0101 st\u0101vokl\u012b, t\u0101d\u0113j\u0101di palielinot lietot\u0101ja dro&scaron;\u012bbu. Karab\u012bnes \u012bpa&scaron;ais dizains nodro&scaron;ina paaugstin\u0101tu iztur\u012bbu visai karab\u012bnei, k\u0101 ar\u012b \u012bpa&scaron;i ir izce\u013cama 11kN iztur\u012bba atv\u0113rt\u0101 st\u0101vokl\u012b. Lielisks atsai&scaron;u komplekts, kur&scaron; labi noder\u0113s visiem k\u0101p&scaron;anas stiliem. Thor karab\u012bnes savienotas ar 11mm Dyneema materi\u0101la cilpu.Komplekt\u0101 ietilpst 1 x 12cm, 3 x 18cm un 1 x 25cm atsaites.<\/span><br \/><span style=\"font-size: x-small\"><br \/><span style=\"color: #800000\"><strong>Specifik\u0101cija:<\/strong><\/span><br \/><strong>Karab\u012bnes iztur\u012bba:<\/strong>&nbsp;28\/11\/7 kN<br \/><strong>Karab\u012bnes atv\u0113rums:<\/strong>&nbsp;27mm<br \/><strong>Karab\u012bnes svars:<\/strong>&nbsp;36 grami<br \/><strong>Atsaites svars:<\/strong>&nbsp;12cm=81g, 18cm=83g, 25cm=85g<\/span><\/p>\n","protected":false},"excerpt":{"rendered":"<p>DMM Thor Trad Set ir atsai&scaron;u komplekts, kur&scaron; b\u016bs \u012bpa&scaron;i piem\u0113rots gan alp\u012bnismam, gan daudzposmu klin&scaron;u mar&scaron;rutiem, gan ar\u012b sporta klin&scaron;u k\u0101p&scaron;anai. Thor karab\u012bnes ir \u012bpa&scaron;i iztur\u012bgas. T\u0101s izce\u013cas ar to, ka t\u0101m ir papildus pastiprin\u0101tas vietas, kas nodro&scaron;ina liel\u0101ku karab\u012bnes iztur\u012bbu un paildzina kalpo&scaron;anas ilgumu. Papildus materi\u0101ls ir karab\u012bnes aug&scaron;\u0113j\u0101 da\u013c\u0101, lai materi\u0101ls tik [&hellip;]<\/p>\n","protected":false},"featured_media":0,"template":"","meta":[],"product_brand":[965],"product_cat":[4851,4859,4865],"product_tag":[],"class_list":{"0":"post-76775","1":"product","2":"type-product","3":"status-publish","5":"product_brand-dmm","6":"product_cat-mountaineering-equipment-recreation","7":"product_cat-for-rock-climbing-mountaineering-mountaineering-equipment-recreation","8":"product_cat-slings-for-rock-climbing-mountaineering-mountaineering-equipment-recreation","10":"first","11":"instock","12":"shipping-taxable","13":"purchasable","14":"product-type-simple"},"_links":{"self":[{"href":"https:\/\/sezona.lv\/en\/wp-json\/wp\/v2\/product\/76775","targetHints":{"allow":["GET"]}}],"collection":[{"href":"https:\/\/sezona.lv\/en\/wp-json\/wp\/v2\/product"}],"about":[{"href":"https:\/\/sezona.lv\/en\/wp-json\/wp\/v2\/types\/product"}],"wp:attachment":[{"href":"https:\/\/sezona.lv\/en\/wp-json\/wp\/v2\/media?parent=76775"}],"wp:term":[{"taxonomy":"product_brand","embeddable":true,"href":"https:\/\/sezona.lv\/en\/wp-json\/wp\/v2\/product_brand?post=76775"},{"taxonomy":"product_cat","embeddable":true,"href":"https:\/\/sezona.lv\/en\/wp-json\/wp\/v2\/product_cat?post=76775"},{"taxonomy":"product_tag","embeddable":true,"href":"https:\/\/sezona.lv\/en\/wp-json\/wp\/v2\/product_tag?post=76775"}],"curies":[{"name":"wp","href":"https:\/\/api.w.org\/{rel}","templated":true}]}}