{"id":76776,"date":"2025-07-14T14:56:25","date_gmt":"2025-07-14T11:56:25","guid":{"rendered":"https:\/\/demo8.ecube.lv\/sezona.lv\/products\/atsaite-climbing-technology-lime-set-dy-5-pack\/"},"modified":"2025-07-14T14:56:25","modified_gmt":"2025-07-14T11:56:25","slug":"atsaite-climbing-technology-lime-set-dy-5-pack","status":"publish","type":"product","link":"https:\/\/sezona.lv\/en\/products\/atsaite-climbing-technology-lime-set-dy-5-pack\/","title":{"rendered":"Atsaite Climbing Technology Lime set DY 5 pack"},"content":{"rendered":"<p><span>Klasiskas atsaites sporta k\u0101p&scaron;anai. Catch-free sist\u0113ma karab\u012bn\u0113m nodro&scaron;ina to, ka t\u0101 neie\u0137ersies virv\u0113s, \u0101\u0137os vai cilp\u0101s. Karab\u012bn\u0113m ir pla&scaron;s 21mm atv\u0113rums. 12cm gara Dyneema cilpa nodro&scaron;ina to, ka atsaites kop\u0113jais svars ir zems.Komplekt\u0101 5 Lime Set DY atsaites.<\/span><\/p>\n<p><span>Garums: 12cm<\/span><br \/><span>Karab\u012bnes atv\u0113rums: 21mm<\/span><br \/><span>Karab\u012bnes iztur\u012bba 23\/8\/8 kN<\/span><br \/><span>Dyneema cilpas iztur\u012bba: 22 kN<\/span><\/p>\n","protected":false},"excerpt":{"rendered":"<p>Klasiskas atsaites sporta k\u0101p&scaron;anai. Catch-free sist\u0113ma karab\u012bn\u0113m nodro&scaron;ina to, ka t\u0101 neie\u0137ersies virv\u0113s, \u0101\u0137os vai cilp\u0101s. Karab\u012bn\u0113m ir pla&scaron;s 21mm atv\u0113rums. 12cm gara Dyneema cilpa nodro&scaron;ina to, ka atsaites kop\u0113jais svars ir zems.Komplekt\u0101 5 Lime Set DY atsaites. Garums: 12cmKarab\u012bnes atv\u0113rums: 21mmKarab\u012bnes iztur\u012bba 23\/8\/8 kNDyneema cilpas iztur\u012bba: 22 kN<\/p>\n","protected":false},"featured_media":0,"template":"","meta":[],"product_brand":[928],"product_cat":[4851,4859,4865],"product_tag":[],"class_list":{"0":"post-76776","1":"product","2":"type-product","3":"status-publish","5":"product_brand-climbing-technology","6":"product_cat-mountaineering-equipment-recreation","7":"product_cat-for-rock-climbing-mountaineering-mountaineering-equipment-recreation","8":"product_cat-slings-for-rock-climbing-mountaineering-mountaineering-equipment-recreation","10":"first","11":"instock","12":"shipping-taxable","13":"purchasable","14":"product-type-simple"},"_links":{"self":[{"href":"https:\/\/sezona.lv\/en\/wp-json\/wp\/v2\/product\/76776","targetHints":{"allow":["GET"]}}],"collection":[{"href":"https:\/\/sezona.lv\/en\/wp-json\/wp\/v2\/product"}],"about":[{"href":"https:\/\/sezona.lv\/en\/wp-json\/wp\/v2\/types\/product"}],"wp:attachment":[{"href":"https:\/\/sezona.lv\/en\/wp-json\/wp\/v2\/media?parent=76776"}],"wp:term":[{"taxonomy":"product_brand","embeddable":true,"href":"https:\/\/sezona.lv\/en\/wp-json\/wp\/v2\/product_brand?post=76776"},{"taxonomy":"product_cat","embeddable":true,"href":"https:\/\/sezona.lv\/en\/wp-json\/wp\/v2\/product_cat?post=76776"},{"taxonomy":"product_tag","embeddable":true,"href":"https:\/\/sezona.lv\/en\/wp-json\/wp\/v2\/product_tag?post=76776"}],"curies":[{"name":"wp","href":"https:\/\/api.w.org\/{rel}","templated":true}]}}