{"id":76777,"date":"2025-07-14T14:56:26","date_gmt":"2025-07-14T11:56:26","guid":{"rendered":"https:\/\/demo8.ecube.lv\/sezona.lv\/products\/pasdrosinasanas-cilpa-grivel-daisy-chain\/"},"modified":"2025-07-14T14:56:26","modified_gmt":"2025-07-14T11:56:26","slug":"pasdrosinasanas-cilpa-grivel-daisy-chain","status":"publish","type":"product","link":"https:\/\/sezona.lv\/en\/products\/pasdrosinasanas-cilpa-grivel-daisy-chain\/","title":{"rendered":"Pa\u0161dro\u0161in\u0101\u0161anas cilpa Grivel Daisy Chain"},"content":{"rendered":"<p align=\"justify\"><span style=\"font-size: x-small\">Jaun\u0101 Grivel Daisy Chain pied\u0101v\u0101 lietot\u0101jiem bezkompromisa dro&scaron;\u012bbu. &Scaron;is jaunais risin\u0101jums apvieno klasisk\u0101s Daisy Chain \u012bpa&scaron;\u012bbas ar paaugstin\u0101tu dro&scaron;\u012bbu. Klasisko Daisy Chain &#8220;kabati\u0146u&#8221; iztur\u012bba ir 2-3kN, savuk\u0101rt Grivel Daisy Chain katras kabati\u0146as iztur\u012bba ir 23kN. Tas nodro&scaron;ina papildus dro&scaron;\u012bbu lietot\u0101jam. Lietojot klasisko Daisy Chain, lietot\u0101jam past\u0101v risks, ka tas to var nepareizi pielikt pie dro&scaron;in\u0101&scaron;anas punkta\/stacijas un slodzes\/kritiena gad\u012bjum\u0101 Daicy Chain var p\u0101rpl\u012bst. Savuk\u0101rt Grivel Daisy Chain nepie\u013cauj lietot\u0101jam t\u0101du iesp\u0113ju k\u0101 nepareizi to pielikt. B\u016btiski pieaug k\u0101p\u0113ja dro&scaron;\u012bba. &Scaron;o Daisy Chain var izmantot ar\u012b, lai savienotu divus dro&scaron;in\u0101&scaron;anas punktus kop\u0101 un izveidotu dro&scaron;in\u0101&scaron;anas staciju. Lieliski piem\u0113rota gan sporta klin&scaron;u k\u0101p&scaron;anai, gan ar\u012b tradicion\u0101lajai k\u0101p&scaron;anai.<br \/><\/span><\/p>\n<p><span style=\"font-size: x-small\">Iztur\u012bba: 23kN<br \/>Garums: 120cm<br \/>Svars: 76g<br \/>Materi\u0101ls: Dyneema<\/span><\/p>\n","protected":false},"excerpt":{"rendered":"<p>Jaun\u0101 Grivel Daisy Chain pied\u0101v\u0101 lietot\u0101jiem bezkompromisa dro&scaron;\u012bbu. &Scaron;is jaunais risin\u0101jums apvieno klasisk\u0101s Daisy Chain \u012bpa&scaron;\u012bbas ar paaugstin\u0101tu dro&scaron;\u012bbu. Klasisko Daisy Chain &#8220;kabati\u0146u&#8221; iztur\u012bba ir 2-3kN, savuk\u0101rt Grivel Daisy Chain katras kabati\u0146as iztur\u012bba ir 23kN. Tas nodro&scaron;ina papildus dro&scaron;\u012bbu lietot\u0101jam. Lietojot klasisko Daisy Chain, lietot\u0101jam past\u0101v risks, ka tas to var nepareizi pielikt pie dro&scaron;in\u0101&scaron;anas [&hellip;]<\/p>\n","protected":false},"featured_media":0,"template":"","meta":[],"product_brand":[966],"product_cat":[4851,4859,4866],"product_tag":[],"class_list":{"0":"post-76777","1":"product","2":"type-product","3":"status-publish","5":"product_brand-grivel","6":"product_cat-mountaineering-equipment-recreation","7":"product_cat-for-rock-climbing-mountaineering-mountaineering-equipment-recreation","8":"product_cat-slings-and-self-securing-loops-for-rock-climbing-mountaineering-mountaineering-equipment-recreation","10":"first","11":"instock","12":"shipping-taxable","13":"purchasable","14":"product-type-simple"},"_links":{"self":[{"href":"https:\/\/sezona.lv\/en\/wp-json\/wp\/v2\/product\/76777","targetHints":{"allow":["GET"]}}],"collection":[{"href":"https:\/\/sezona.lv\/en\/wp-json\/wp\/v2\/product"}],"about":[{"href":"https:\/\/sezona.lv\/en\/wp-json\/wp\/v2\/types\/product"}],"wp:attachment":[{"href":"https:\/\/sezona.lv\/en\/wp-json\/wp\/v2\/media?parent=76777"}],"wp:term":[{"taxonomy":"product_brand","embeddable":true,"href":"https:\/\/sezona.lv\/en\/wp-json\/wp\/v2\/product_brand?post=76777"},{"taxonomy":"product_cat","embeddable":true,"href":"https:\/\/sezona.lv\/en\/wp-json\/wp\/v2\/product_cat?post=76777"},{"taxonomy":"product_tag","embeddable":true,"href":"https:\/\/sezona.lv\/en\/wp-json\/wp\/v2\/product_tag?post=76777"}],"curies":[{"name":"wp","href":"https:\/\/api.w.org\/{rel}","templated":true}]}}