{"id":76778,"date":"2025-07-14T14:56:27","date_gmt":"2025-07-14T11:56:27","guid":{"rendered":"https:\/\/demo8.ecube.lv\/sezona.lv\/products\/pasdrosinasanas-cilpa-climbing-technology-multi-chain\/"},"modified":"2025-07-14T14:56:27","modified_gmt":"2025-07-14T11:56:27","slug":"pasdrosinasanas-cilpa-climbing-technology-multi-chain","status":"publish","type":"product","link":"https:\/\/sezona.lv\/en\/products\/pasdrosinasanas-cilpa-climbing-technology-multi-chain\/","title":{"rendered":"Pa\u0161dro\u0161in\u0101\u0161an\u0101s cilpa Climbing Technology Multi Chain"},"content":{"rendered":"<p class=\"MsoNormal\" align=\"justify\"><span style=\"font-size: x-small\"><span lang=\"LV\">Revolucion\u0101ra dyneema materi\u0101la daisy chain. Cilpas ir da\u017e\u0101da biezuma 13 un 15 mm. Atsevi&scaron;\u0137\u0101s cilpas ir veidotas da\u017e\u0101d\u0101s kr\u0101s\u0101s. Katra cilpa iztur 24kN slodzi un to ir iesp\u0113jams slogot atsevi&scaron;\u0137i, t\u0101dej\u0101di nov\u0113r&scaron;ot nepareizas lieto&scaron;anas risku, kas ir rakstur\u012bgi lietojot parast\u0101s daisy chain. &Scaron;o daisy chain var izmantot ar\u012b k\u0101 stacijas veido&scaron;anas cilpu, jo ar to ir iesp\u0113jams vienm\u0113r\u012bgi sadal\u012bt slodzi starp \u0101\u0137iem vai dro&scaron;in\u0101&scaron;anas punktiem. Lieliski piem\u0113rota sporta k\u0101p&scaron;anai un k\u0101p&scaron;anai ar m\u0101ksl\u012bgajiem atbalsta punktiem (AID climbing).<\/span><\/span><\/p>\n<p class=\"MsoNormal\" align=\"justify\">&nbsp;<\/p>\n<div><strong><span style=\"color: #800000;font-size: x-small\">Specifik\u0101cija:<\/span><\/strong><\/div>\n<p align=\"justify\"><span style=\"font-size: x-small\"><strong>Svars:<\/strong>&nbsp;150 grami&nbsp;<br \/><\/span><\/p>\n<p align=\"justify\"><span style=\"font-size: x-small\"><strong>Sertifik\u0101cija:<\/strong>&nbsp;CE 0333, EN 566:2006<\/span><\/p>\n","protected":false},"excerpt":{"rendered":"<p>Revolucion\u0101ra dyneema materi\u0101la daisy chain. Cilpas ir da\u017e\u0101da biezuma 13 un 15 mm. Atsevi&scaron;\u0137\u0101s cilpas ir veidotas da\u017e\u0101d\u0101s kr\u0101s\u0101s. Katra cilpa iztur 24kN slodzi un to ir iesp\u0113jams slogot atsevi&scaron;\u0137i, t\u0101dej\u0101di nov\u0113r&scaron;ot nepareizas lieto&scaron;anas risku, kas ir rakstur\u012bgi lietojot parast\u0101s daisy chain. &Scaron;o daisy chain var izmantot ar\u012b k\u0101 stacijas veido&scaron;anas cilpu, jo ar to [&hellip;]<\/p>\n","protected":false},"featured_media":0,"template":"","meta":[],"product_brand":[928],"product_cat":[4851,4859,4866],"product_tag":[],"class_list":{"0":"post-76778","1":"product","2":"type-product","3":"status-publish","5":"product_brand-climbing-technology","6":"product_cat-mountaineering-equipment-recreation","7":"product_cat-for-rock-climbing-mountaineering-mountaineering-equipment-recreation","8":"product_cat-slings-and-self-securing-loops-for-rock-climbing-mountaineering-mountaineering-equipment-recreation","10":"first","11":"instock","12":"shipping-taxable","13":"purchasable","14":"product-type-simple"},"_links":{"self":[{"href":"https:\/\/sezona.lv\/en\/wp-json\/wp\/v2\/product\/76778","targetHints":{"allow":["GET"]}}],"collection":[{"href":"https:\/\/sezona.lv\/en\/wp-json\/wp\/v2\/product"}],"about":[{"href":"https:\/\/sezona.lv\/en\/wp-json\/wp\/v2\/types\/product"}],"wp:attachment":[{"href":"https:\/\/sezona.lv\/en\/wp-json\/wp\/v2\/media?parent=76778"}],"wp:term":[{"taxonomy":"product_brand","embeddable":true,"href":"https:\/\/sezona.lv\/en\/wp-json\/wp\/v2\/product_brand?post=76778"},{"taxonomy":"product_cat","embeddable":true,"href":"https:\/\/sezona.lv\/en\/wp-json\/wp\/v2\/product_cat?post=76778"},{"taxonomy":"product_tag","embeddable":true,"href":"https:\/\/sezona.lv\/en\/wp-json\/wp\/v2\/product_tag?post=76778"}],"curies":[{"name":"wp","href":"https:\/\/api.w.org\/{rel}","templated":true}]}}