{"id":76779,"date":"2025-07-14T14:56:28","date_gmt":"2025-07-14T11:56:28","guid":{"rendered":"https:\/\/demo8.ecube.lv\/sezona.lv\/products\/pasdrosinasanas-cilpa-dmm-dyneema-daisy-chain-dzeltena\/"},"modified":"2025-07-14T14:56:28","modified_gmt":"2025-07-14T11:56:28","slug":"pasdrosinasanas-cilpa-dmm-dyneema-daisy-chain-dzeltena","status":"publish","type":"product","link":"https:\/\/sezona.lv\/en\/products\/pasdrosinasanas-cilpa-dmm-dyneema-daisy-chain-dzeltena\/","title":{"rendered":"Pa\u0161dro\u0161in\u0101\u0161an\u0101s cilpa DMM Dyneema Daisy Chain dzeltena"},"content":{"rendered":"<p align=\"justify\"><span style=\"font-size: x-small\">Regul\u0113jama pa&scaron;dro&scaron;in\u0101&scaron;anas cilpa no Dyneema materi\u0101la. Viegli regul\u0113jams garums. Paredz\u0113ta tikai un vien\u012bgi statiskai slodzei! Ide\u0101li piem\u0113rota k\u0101p&scaron;anai ar m\u0101ksl\u012bgajiem atbalsta punktiem (AID climbing).<\/span><\/p>\n<p align=\"justify\"><span style=\"font-size: x-small\"><span style=\"color: #800000\"><strong>Specifik\u0101cija:<\/strong><\/span><br \/><\/span><\/p>\n<p><span style=\"font-size: x-small\"><strong>Garums:&nbsp;<\/strong>135 cm<br \/><strong>Platums:<\/strong><\/span>&nbsp;<span style=\"font-size: x-small\">11 mm<br \/><strong>Iztur\u012bba:<\/strong><\/span>&nbsp;<span style=\"font-size: x-small\">22 kN<\/span><\/p>\n","protected":false},"excerpt":{"rendered":"<p>Regul\u0113jama pa&scaron;dro&scaron;in\u0101&scaron;anas cilpa no Dyneema materi\u0101la. Viegli regul\u0113jams garums. Paredz\u0113ta tikai un vien\u012bgi statiskai slodzei! Ide\u0101li piem\u0113rota k\u0101p&scaron;anai ar m\u0101ksl\u012bgajiem atbalsta punktiem (AID climbing). Specifik\u0101cija: Garums:&nbsp;135 cmPlatums:&nbsp;11 mmIztur\u012bba:&nbsp;22 kN<\/p>\n","protected":false},"featured_media":0,"template":"","meta":[],"product_brand":[965],"product_cat":[4851,4859,4866],"product_tag":[],"class_list":{"0":"post-76779","1":"product","2":"type-product","3":"status-publish","5":"product_brand-dmm","6":"product_cat-mountaineering-equipment-recreation","7":"product_cat-for-rock-climbing-mountaineering-mountaineering-equipment-recreation","8":"product_cat-slings-and-self-securing-loops-for-rock-climbing-mountaineering-mountaineering-equipment-recreation","10":"first","11":"instock","12":"shipping-taxable","13":"purchasable","14":"product-type-simple"},"_links":{"self":[{"href":"https:\/\/sezona.lv\/en\/wp-json\/wp\/v2\/product\/76779","targetHints":{"allow":["GET"]}}],"collection":[{"href":"https:\/\/sezona.lv\/en\/wp-json\/wp\/v2\/product"}],"about":[{"href":"https:\/\/sezona.lv\/en\/wp-json\/wp\/v2\/types\/product"}],"wp:attachment":[{"href":"https:\/\/sezona.lv\/en\/wp-json\/wp\/v2\/media?parent=76779"}],"wp:term":[{"taxonomy":"product_brand","embeddable":true,"href":"https:\/\/sezona.lv\/en\/wp-json\/wp\/v2\/product_brand?post=76779"},{"taxonomy":"product_cat","embeddable":true,"href":"https:\/\/sezona.lv\/en\/wp-json\/wp\/v2\/product_cat?post=76779"},{"taxonomy":"product_tag","embeddable":true,"href":"https:\/\/sezona.lv\/en\/wp-json\/wp\/v2\/product_tag?post=76779"}],"curies":[{"name":"wp","href":"https:\/\/api.w.org\/{rel}","templated":true}]}}