{"id":76781,"date":"2025-07-14T14:56:29","date_gmt":"2025-07-14T11:56:29","guid":{"rendered":"https:\/\/demo8.ecube.lv\/sezona.lv\/products\/cilpa-climbing-technology-looper-dy\/"},"modified":"2025-07-14T14:56:29","modified_gmt":"2025-07-14T11:56:29","slug":"cilpa-climbing-technology-looper-dy","status":"publish","type":"product","link":"https:\/\/sezona.lv\/en\/products\/cilpa-climbing-technology-looper-dy\/","title":{"rendered":"Cilpa Climbing Technology Looper DY"},"content":{"rendered":"<p><span style=\"font-size: x-small\">Dyneema materi\u0101la &scaron;\u016bt\u0101 cilpa. Paredz\u0113ta alp\u012bnismam un klin&scaron;u k\u0101p&scaron;anai.<br \/><\/span><\/p>\n<p><span style=\"font-size: x-small\"><span style=\"color: #800000\"><strong>Specifik\u0101cija:<\/strong><\/span><br \/><strong>Iztur\u012bba:<\/strong>&nbsp;22kN<br \/><strong>Platums:<\/strong>&nbsp;11mm<br \/><strong>Garums:<\/strong>&nbsp;80cm<br \/><strong>Svars:<\/strong>&nbsp;35g<\/span><\/p>\n","protected":false},"excerpt":{"rendered":"<p>Dyneema materi\u0101la &scaron;\u016bt\u0101 cilpa. Paredz\u0113ta alp\u012bnismam un klin&scaron;u k\u0101p&scaron;anai. Specifik\u0101cija:Iztur\u012bba:&nbsp;22kNPlatums:&nbsp;11mmGarums:&nbsp;80cmSvars:&nbsp;35g<\/p>\n","protected":false},"featured_media":0,"template":"","meta":[],"product_brand":[928],"product_cat":[4851,4859,4866],"product_tag":[],"class_list":{"0":"post-76781","1":"product","2":"type-product","3":"status-publish","5":"product_brand-climbing-technology","6":"product_cat-mountaineering-equipment-recreation","7":"product_cat-for-rock-climbing-mountaineering-mountaineering-equipment-recreation","8":"product_cat-slings-and-self-securing-loops-for-rock-climbing-mountaineering-mountaineering-equipment-recreation","10":"first","11":"instock","12":"shipping-taxable","13":"purchasable","14":"product-type-simple"},"_links":{"self":[{"href":"https:\/\/sezona.lv\/en\/wp-json\/wp\/v2\/product\/76781","targetHints":{"allow":["GET"]}}],"collection":[{"href":"https:\/\/sezona.lv\/en\/wp-json\/wp\/v2\/product"}],"about":[{"href":"https:\/\/sezona.lv\/en\/wp-json\/wp\/v2\/types\/product"}],"wp:attachment":[{"href":"https:\/\/sezona.lv\/en\/wp-json\/wp\/v2\/media?parent=76781"}],"wp:term":[{"taxonomy":"product_brand","embeddable":true,"href":"https:\/\/sezona.lv\/en\/wp-json\/wp\/v2\/product_brand?post=76781"},{"taxonomy":"product_cat","embeddable":true,"href":"https:\/\/sezona.lv\/en\/wp-json\/wp\/v2\/product_cat?post=76781"},{"taxonomy":"product_tag","embeddable":true,"href":"https:\/\/sezona.lv\/en\/wp-json\/wp\/v2\/product_tag?post=76781"}],"curies":[{"name":"wp","href":"https:\/\/api.w.org\/{rel}","templated":true}]}}