{"id":76782,"date":"2025-07-14T14:56:30","date_gmt":"2025-07-14T11:56:30","guid":{"rendered":"https:\/\/demo8.ecube.lv\/sezona.lv\/products\/cilpa-dmm-dyneema-11mm-30cm\/"},"modified":"2025-07-14T14:56:30","modified_gmt":"2025-07-14T11:56:30","slug":"cilpa-dmm-dyneema-11mm-30cm","status":"publish","type":"product","link":"https:\/\/sezona.lv\/en\/products\/cilpa-dmm-dyneema-11mm-30cm\/","title":{"rendered":"Cilpa DMM Dyneema 11mm 30cm"},"content":{"rendered":"<p align=\"justify\"><span style=\"font-size: x-small\">Viegla un iztur\u012bga &scaron;\u016bt\u0101 cilpa no Dyneema materi\u0101la. Paredz\u0113ta klin&scaron;u k\u0101p&scaron;anai un alp\u012bnismam.<\/span><\/p>\n<p><strong><span style=\"color: #800000;font-size: x-small\">Specifik\u0101cija:<\/span><\/strong><\/p>\n<p><span style=\"font-size: x-small\"><strong>Garums:&nbsp;<\/strong>30cm, 60cm, 120cm, 240 cm<br \/><strong>Platums:<\/strong><\/span>&nbsp;<span style=\"font-size: x-small\">11 mm<br \/><strong>Iztur\u012bba:<\/strong><\/span>&nbsp;<span style=\"font-size: x-small\">22 kN<\/span><\/p>\n","protected":false},"excerpt":{"rendered":"<p>Viegla un iztur\u012bga &scaron;\u016bt\u0101 cilpa no Dyneema materi\u0101la. Paredz\u0113ta klin&scaron;u k\u0101p&scaron;anai un alp\u012bnismam. Specifik\u0101cija: Garums:&nbsp;30cm, 60cm, 120cm, 240 cmPlatums:&nbsp;11 mmIztur\u012bba:&nbsp;22 kN<\/p>\n","protected":false},"featured_media":0,"template":"","meta":[],"product_brand":[965],"product_cat":[4851,4859,4866],"product_tag":[],"class_list":{"0":"post-76782","1":"product","2":"type-product","3":"status-publish","5":"product_brand-dmm","6":"product_cat-mountaineering-equipment-recreation","7":"product_cat-for-rock-climbing-mountaineering-mountaineering-equipment-recreation","8":"product_cat-slings-and-self-securing-loops-for-rock-climbing-mountaineering-mountaineering-equipment-recreation","10":"first","11":"instock","12":"shipping-taxable","13":"purchasable","14":"product-type-simple"},"_links":{"self":[{"href":"https:\/\/sezona.lv\/en\/wp-json\/wp\/v2\/product\/76782","targetHints":{"allow":["GET"]}}],"collection":[{"href":"https:\/\/sezona.lv\/en\/wp-json\/wp\/v2\/product"}],"about":[{"href":"https:\/\/sezona.lv\/en\/wp-json\/wp\/v2\/types\/product"}],"wp:attachment":[{"href":"https:\/\/sezona.lv\/en\/wp-json\/wp\/v2\/media?parent=76782"}],"wp:term":[{"taxonomy":"product_brand","embeddable":true,"href":"https:\/\/sezona.lv\/en\/wp-json\/wp\/v2\/product_brand?post=76782"},{"taxonomy":"product_cat","embeddable":true,"href":"https:\/\/sezona.lv\/en\/wp-json\/wp\/v2\/product_cat?post=76782"},{"taxonomy":"product_tag","embeddable":true,"href":"https:\/\/sezona.lv\/en\/wp-json\/wp\/v2\/product_tag?post=76782"}],"curies":[{"name":"wp","href":"https:\/\/api.w.org\/{rel}","templated":true}]}}