{"id":76786,"date":"2025-07-14T14:56:33","date_gmt":"2025-07-14T11:56:33","guid":{"rendered":"https:\/\/demo8.ecube.lv\/sezona.lv\/products\/pasdrosinasanas-cilpa-climbing-technology-adv-park-y\/"},"modified":"2025-07-14T14:56:33","modified_gmt":"2025-07-14T11:56:33","slug":"pasdrosinasanas-cilpa-climbing-technology-adv-park-y","status":"publish","type":"product","link":"https:\/\/sezona.lv\/en\/products\/pasdrosinasanas-cilpa-climbing-technology-adv-park-y\/","title":{"rendered":"Pa\u0161dro\u0161in\u0101\u0161an\u0101s cilpa Climbing Technology ADV-PARK Y"},"content":{"rendered":"<p align=\"justify\"><span style=\"font-size: x-small\">Pa&scaron;dro&scaron;in\u0101&scaron;anas \u016bsa ar diviem galiem: 30\/60cm. 16mm plata cilpa. Komplekt\u0101 karab\u012bnes fiksatori. Piem\u0113rota atrakciju un virvju parkiem. Nav paredz\u0113ta priek&scaron; Via Ferrata!<br \/><\/span><\/p>\n<p>&nbsp;<\/p>\n<p><span style=\"font-size: x-small\"><span style=\"color: #800000\"><strong>Specifik\u0101cija:<\/strong><\/span><br \/><strong>Svars:<\/strong>&nbsp;90g.<br \/><strong>Iztur\u012bba:<\/strong>&nbsp;22kN<\/span><\/p>\n<p>&nbsp;<\/p>\n<p><span style=\"font-size: x-small\"><strong>Sertifik\u0101cija:<\/strong>&nbsp;EN 566:2006<\/span><\/p>\n","protected":false},"excerpt":{"rendered":"<p>Pa&scaron;dro&scaron;in\u0101&scaron;anas \u016bsa ar diviem galiem: 30\/60cm. 16mm plata cilpa. Komplekt\u0101 karab\u012bnes fiksatori. Piem\u0113rota atrakciju un virvju parkiem. Nav paredz\u0113ta priek&scaron; Via Ferrata! &nbsp; Specifik\u0101cija:Svars:&nbsp;90g.Iztur\u012bba:&nbsp;22kN &nbsp; Sertifik\u0101cija:&nbsp;EN 566:2006<\/p>\n","protected":false},"featured_media":0,"template":"","meta":[],"product_brand":[928],"product_cat":[4851,4859,4866],"product_tag":[],"class_list":{"0":"post-76786","1":"product","2":"type-product","3":"status-publish","5":"product_brand-climbing-technology","6":"product_cat-mountaineering-equipment-recreation","7":"product_cat-for-rock-climbing-mountaineering-mountaineering-equipment-recreation","8":"product_cat-slings-and-self-securing-loops-for-rock-climbing-mountaineering-mountaineering-equipment-recreation","10":"first","11":"instock","12":"shipping-taxable","13":"purchasable","14":"product-type-simple"},"_links":{"self":[{"href":"https:\/\/sezona.lv\/en\/wp-json\/wp\/v2\/product\/76786","targetHints":{"allow":["GET"]}}],"collection":[{"href":"https:\/\/sezona.lv\/en\/wp-json\/wp\/v2\/product"}],"about":[{"href":"https:\/\/sezona.lv\/en\/wp-json\/wp\/v2\/types\/product"}],"wp:attachment":[{"href":"https:\/\/sezona.lv\/en\/wp-json\/wp\/v2\/media?parent=76786"}],"wp:term":[{"taxonomy":"product_brand","embeddable":true,"href":"https:\/\/sezona.lv\/en\/wp-json\/wp\/v2\/product_brand?post=76786"},{"taxonomy":"product_cat","embeddable":true,"href":"https:\/\/sezona.lv\/en\/wp-json\/wp\/v2\/product_cat?post=76786"},{"taxonomy":"product_tag","embeddable":true,"href":"https:\/\/sezona.lv\/en\/wp-json\/wp\/v2\/product_tag?post=76786"}],"curies":[{"name":"wp","href":"https:\/\/api.w.org\/{rel}","templated":true}]}}