{"id":76788,"date":"2025-07-14T14:56:35","date_gmt":"2025-07-14T11:56:35","guid":{"rendered":"https:\/\/demo8.ecube.lv\/sezona.lv\/products\/cilpa-dmm-nylon-26mm-120cm\/"},"modified":"2025-07-14T14:56:35","modified_gmt":"2025-07-14T11:56:35","slug":"cilpa-dmm-nylon-26mm-120cm","status":"publish","type":"product","link":"https:\/\/sezona.lv\/en\/products\/cilpa-dmm-nylon-26mm-120cm\/","title":{"rendered":"Cilpa DMM Nylon 26mm 120cm"},"content":{"rendered":"<div>\n<p><span style=\"font-size: x-small\">Iztur\u012bg\u0101k\u0101 no DMM cilp\u0101m. &Scaron;\u012b nav tik viegla cilpa k\u0101 Dyneema materi\u0101la cilpas, toties ja jums ir vajadz\u012bga cilpa, kas ir \u013coti iztur\u012bga, tad &scaron;\u012b b\u016bs piem\u0113rota tie&scaron;i jums. &Scaron;o cilpu b\u016bs \u013coti \u0113rti izmantot veidojot virvju &scaron;\u0137\u0113r&scaron;\u013cus, spriego&scaron;an\u0101m un kravu pacel&scaron;an\u0101m.<\/span><\/p>\n<p><span style=\"color: #800000\"><strong><span style=\"font-size: x-small\">Specifik\u0101cija:<\/span><\/strong><\/span><\/p>\n<\/div>\n<p><span style=\"font-size: x-small\"><strong>Garums:&nbsp;<\/strong>120 cm<br \/><strong>Platums:<\/strong><\/span>&nbsp;<span style=\"font-size: x-small\">26 mm<br \/><strong>Iztur\u012bba:<\/strong><\/span>&nbsp;<span style=\"font-size: x-small\">30 kN<\/span><\/p>\n","protected":false},"excerpt":{"rendered":"<p>Iztur\u012bg\u0101k\u0101 no DMM cilp\u0101m. &Scaron;\u012b nav tik viegla cilpa k\u0101 Dyneema materi\u0101la cilpas, toties ja jums ir vajadz\u012bga cilpa, kas ir \u013coti iztur\u012bga, tad &scaron;\u012b b\u016bs piem\u0113rota tie&scaron;i jums. &Scaron;o cilpu b\u016bs \u013coti \u0113rti izmantot veidojot virvju &scaron;\u0137\u0113r&scaron;\u013cus, spriego&scaron;an\u0101m un kravu pacel&scaron;an\u0101m. Specifik\u0101cija: Garums:&nbsp;120 cmPlatums:&nbsp;26 mmIztur\u012bba:&nbsp;30 kN<\/p>\n","protected":false},"featured_media":0,"template":"","meta":[],"product_brand":[965],"product_cat":[4851,4859,4866],"product_tag":[],"class_list":{"0":"post-76788","1":"product","2":"type-product","3":"status-publish","5":"product_brand-dmm","6":"product_cat-mountaineering-equipment-recreation","7":"product_cat-for-rock-climbing-mountaineering-mountaineering-equipment-recreation","8":"product_cat-slings-and-self-securing-loops-for-rock-climbing-mountaineering-mountaineering-equipment-recreation","10":"first","11":"instock","12":"shipping-taxable","13":"purchasable","14":"product-type-simple"},"_links":{"self":[{"href":"https:\/\/sezona.lv\/en\/wp-json\/wp\/v2\/product\/76788","targetHints":{"allow":["GET"]}}],"collection":[{"href":"https:\/\/sezona.lv\/en\/wp-json\/wp\/v2\/product"}],"about":[{"href":"https:\/\/sezona.lv\/en\/wp-json\/wp\/v2\/types\/product"}],"wp:attachment":[{"href":"https:\/\/sezona.lv\/en\/wp-json\/wp\/v2\/media?parent=76788"}],"wp:term":[{"taxonomy":"product_brand","embeddable":true,"href":"https:\/\/sezona.lv\/en\/wp-json\/wp\/v2\/product_brand?post=76788"},{"taxonomy":"product_cat","embeddable":true,"href":"https:\/\/sezona.lv\/en\/wp-json\/wp\/v2\/product_cat?post=76788"},{"taxonomy":"product_tag","embeddable":true,"href":"https:\/\/sezona.lv\/en\/wp-json\/wp\/v2\/product_tag?post=76788"}],"curies":[{"name":"wp","href":"https:\/\/api.w.org\/{rel}","templated":true}]}}