{"id":76789,"date":"2025-07-14T14:56:36","date_gmt":"2025-07-14T11:56:36","guid":{"rendered":"https:\/\/demo8.ecube.lv\/sezona.lv\/products\/pedas-cilpa-petzl-footape\/"},"modified":"2025-07-14T14:56:36","modified_gmt":"2025-07-14T11:56:36","slug":"pedas-cilpa-petzl-footape","status":"publish","type":"product","link":"https:\/\/sezona.lv\/en\/products\/pedas-cilpa-petzl-footape\/","title":{"rendered":"P\u0113das cilpa Petzl Footape"},"content":{"rendered":"<p><span>Petzl Footape ir p\u0113das cilpa, kuru izmanto atbalstam, lai p\u0101rvietotos pa nostiprin\u0101tu virvi uz aug&scaron;u. Tai ir regul\u0113jams garums, k\u0101 ar\u012b p\u0113das da\u013c\u0101 to var nostiprin\u0101t cie&scaron;\u0101k pie apava, lai p\u0101rvietojoties uz aug&scaron;u k\u0101ja neizsl\u012bd \u0101r\u0101.<\/span><\/p>\n","protected":false},"excerpt":{"rendered":"<p>Petzl Footape ir p\u0113das cilpa, kuru izmanto atbalstam, lai p\u0101rvietotos pa nostiprin\u0101tu virvi uz aug&scaron;u. Tai ir regul\u0113jams garums, k\u0101 ar\u012b p\u0113das da\u013c\u0101 to var nostiprin\u0101t cie&scaron;\u0101k pie apava, lai p\u0101rvietojoties uz aug&scaron;u k\u0101ja neizsl\u012bd \u0101r\u0101.<\/p>\n","protected":false},"featured_media":0,"template":"","meta":[],"product_brand":[957],"product_cat":[4851,4859,4866],"product_tag":[],"class_list":{"0":"post-76789","1":"product","2":"type-product","3":"status-publish","5":"product_brand-petzl","6":"product_cat-mountaineering-equipment-recreation","7":"product_cat-for-rock-climbing-mountaineering-mountaineering-equipment-recreation","8":"product_cat-slings-and-self-securing-loops-for-rock-climbing-mountaineering-mountaineering-equipment-recreation","10":"first","11":"instock","12":"shipping-taxable","13":"purchasable","14":"product-type-simple"},"_links":{"self":[{"href":"https:\/\/sezona.lv\/en\/wp-json\/wp\/v2\/product\/76789","targetHints":{"allow":["GET"]}}],"collection":[{"href":"https:\/\/sezona.lv\/en\/wp-json\/wp\/v2\/product"}],"about":[{"href":"https:\/\/sezona.lv\/en\/wp-json\/wp\/v2\/types\/product"}],"wp:attachment":[{"href":"https:\/\/sezona.lv\/en\/wp-json\/wp\/v2\/media?parent=76789"}],"wp:term":[{"taxonomy":"product_brand","embeddable":true,"href":"https:\/\/sezona.lv\/en\/wp-json\/wp\/v2\/product_brand?post=76789"},{"taxonomy":"product_cat","embeddable":true,"href":"https:\/\/sezona.lv\/en\/wp-json\/wp\/v2\/product_cat?post=76789"},{"taxonomy":"product_tag","embeddable":true,"href":"https:\/\/sezona.lv\/en\/wp-json\/wp\/v2\/product_tag?post=76789"}],"curies":[{"name":"wp","href":"https:\/\/api.w.org\/{rel}","templated":true}]}}