{"id":76790,"date":"2025-07-14T14:56:36","date_gmt":"2025-07-14T11:56:36","guid":{"rendered":"https:\/\/demo8.ecube.lv\/sezona.lv\/products\/dzelksni-climbing-technology-ice\/"},"modified":"2025-07-14T14:56:36","modified_gmt":"2025-07-14T11:56:36","slug":"dzelksni-climbing-technology-ice","status":"publish","type":"product","link":"https:\/\/sezona.lv\/en\/products\/dzelksni-climbing-technology-ice\/","title":{"rendered":"Dzelk\u0161\u0146i Climbing Technology Ice"},"content":{"rendered":"<p align=\"justify\"><span style=\"font-size: x-small\">Klasiski 12 punktu dzelk&scaron;\u0146i alp\u012bnismam un led\u0101ju &scaron;\u0137\u0113r&scaron;o&scaron;anai. &Scaron;ie dzelk&scaron;\u0146i ir piem\u0113roti jebkura veida kalnu vai trekinga z\u0101bakiem. Iestr\u0101d\u0101t\u0101s pretsniega pl\u0101ksnes nodro&scaron;in\u0101s aizsardz\u012bbu pret sniega sakr\u0101&scaron;anos zem z\u0101bakiem.<\/span><\/p>\n<p align=\"justify\"><span style=\"font-size: x-small\">Svars: 980 g<\/span><\/p>\n","protected":false},"excerpt":{"rendered":"<p>Klasiski 12 punktu dzelk&scaron;\u0146i alp\u012bnismam un led\u0101ju &scaron;\u0137\u0113r&scaron;o&scaron;anai. &Scaron;ie dzelk&scaron;\u0146i ir piem\u0113roti jebkura veida kalnu vai trekinga z\u0101bakiem. Iestr\u0101d\u0101t\u0101s pretsniega pl\u0101ksnes nodro&scaron;in\u0101s aizsardz\u012bbu pret sniega sakr\u0101&scaron;anos zem z\u0101bakiem. Svars: 980 g<\/p>\n","protected":false},"featured_media":0,"template":"","meta":[],"product_brand":[928],"product_cat":[4851,4859,4867],"product_tag":[],"class_list":{"0":"post-76790","1":"product","2":"type-product","3":"status-publish","5":"product_brand-climbing-technology","6":"product_cat-mountaineering-equipment-recreation","7":"product_cat-for-rock-climbing-mountaineering-mountaineering-equipment-recreation","8":"product_cat-spikes-for-rock-climbing-mountaineering-mountaineering-equipment-recreation","10":"first","11":"instock","12":"shipping-taxable","13":"purchasable","14":"product-type-simple"},"_links":{"self":[{"href":"https:\/\/sezona.lv\/en\/wp-json\/wp\/v2\/product\/76790","targetHints":{"allow":["GET"]}}],"collection":[{"href":"https:\/\/sezona.lv\/en\/wp-json\/wp\/v2\/product"}],"about":[{"href":"https:\/\/sezona.lv\/en\/wp-json\/wp\/v2\/types\/product"}],"wp:attachment":[{"href":"https:\/\/sezona.lv\/en\/wp-json\/wp\/v2\/media?parent=76790"}],"wp:term":[{"taxonomy":"product_brand","embeddable":true,"href":"https:\/\/sezona.lv\/en\/wp-json\/wp\/v2\/product_brand?post=76790"},{"taxonomy":"product_cat","embeddable":true,"href":"https:\/\/sezona.lv\/en\/wp-json\/wp\/v2\/product_cat?post=76790"},{"taxonomy":"product_tag","embeddable":true,"href":"https:\/\/sezona.lv\/en\/wp-json\/wp\/v2\/product_tag?post=76790"}],"curies":[{"name":"wp","href":"https:\/\/api.w.org\/{rel}","templated":true}]}}