{"id":76791,"date":"2025-07-14T14:56:37","date_gmt":"2025-07-14T11:56:37","guid":{"rendered":"https:\/\/demo8.ecube.lv\/sezona.lv\/products\/dzelksni-grivel-air-tech\/"},"modified":"2025-07-14T14:56:37","modified_gmt":"2025-07-14T11:56:37","slug":"dzelksni-grivel-air-tech","status":"publish","type":"product","link":"https:\/\/sezona.lv\/en\/products\/dzelksni-grivel-air-tech\/","title":{"rendered":"Dzelk\u0161\u0146i Grivel Air Tech"},"content":{"rendered":"<p align=\"justify\"><span style=\"font-size: x-small\">Jaunas paaudzes univers\u0101lie dzelk&scaron;\u0146i, kas piem\u0113roti gan sniega, gan ledus nog\u0101z\u0113m. 10 punktu kontakts, ejot pa horizont\u0101lu virsmu un 12 punktu kontakts, ejot pa sl\u012bpu nog\u0101zi vai travers\u0113jot, nodro&scaron;in\u0101s izcilu stabilit\u0101ti un dro&scaron;\u012bbu. Dzelk&scaron;\u0146u zobi ir \u012bs\u0101ki, t\u0101d\u0113j\u0101di nodro&scaron;inot liel\u0101ku stabilit\u0101ti uz akmens un ledus virsm\u0101m, zem\u0101ks profils. Viegli regul\u0113jami. Komplekt\u0101 pret-snieg\u0101 plates. Viegli un izcili prec\u012bzi. 4 &#8211; sezonu dzelk&scaron;\u0146i.<\/span><\/p>\n<div><\/div>\n<p align=\"justify\"><span style=\"font-size: x-small\">Specifik\u0101cija:<br \/>Svars: 790g.<br \/>Izm\u0113rs: 35 &#8211; 46 EU.<br \/>Stiprin\u0101jumi:<\/span><\/p>\n<div><\/div>\n<ul>\n<li><span style=\"font-size: x-small\">New-Matic &#8211; paredz\u0113ti alp\u012bnisma z\u0101bakiem tikai ar aizmugur\u0113jo gropi dzelk&scaron;\u0146iem<\/span><\/li>\n<li><span style=\"font-size: x-small\">Cramp-O-matic &#8211; paredz\u0113ti alp\u012bnisma z\u0101bakiem gan ar priek&scaron;\u0113jo, gan ar aizmugur\u0113jo gropi dzelk&scaron;\u0146iem<\/span><\/li>\n<li><span style=\"font-size: x-small\">New Classic &#8211; paredz\u0113ti z\u0101bakiem bez speci\u0101l\u0101m grop\u0101m dzelk&scaron;\u0146iem<\/span><\/li>\n<\/ul>\n","protected":false},"excerpt":{"rendered":"<p>Jaunas paaudzes univers\u0101lie dzelk&scaron;\u0146i, kas piem\u0113roti gan sniega, gan ledus nog\u0101z\u0113m. 10 punktu kontakts, ejot pa horizont\u0101lu virsmu un 12 punktu kontakts, ejot pa sl\u012bpu nog\u0101zi vai travers\u0113jot, nodro&scaron;in\u0101s izcilu stabilit\u0101ti un dro&scaron;\u012bbu. Dzelk&scaron;\u0146u zobi ir \u012bs\u0101ki, t\u0101d\u0113j\u0101di nodro&scaron;inot liel\u0101ku stabilit\u0101ti uz akmens un ledus virsm\u0101m, zem\u0101ks profils. Viegli regul\u0113jami. Komplekt\u0101 pret-snieg\u0101 plates. Viegli un [&hellip;]<\/p>\n","protected":false},"featured_media":0,"template":"","meta":[],"product_brand":[966],"product_cat":[4851,4859,4867],"product_tag":[],"class_list":{"0":"post-76791","1":"product","2":"type-product","3":"status-publish","5":"product_brand-grivel","6":"product_cat-mountaineering-equipment-recreation","7":"product_cat-for-rock-climbing-mountaineering-mountaineering-equipment-recreation","8":"product_cat-spikes-for-rock-climbing-mountaineering-mountaineering-equipment-recreation","10":"first","11":"instock","12":"shipping-taxable","13":"purchasable","14":"product-type-simple"},"_links":{"self":[{"href":"https:\/\/sezona.lv\/en\/wp-json\/wp\/v2\/product\/76791","targetHints":{"allow":["GET"]}}],"collection":[{"href":"https:\/\/sezona.lv\/en\/wp-json\/wp\/v2\/product"}],"about":[{"href":"https:\/\/sezona.lv\/en\/wp-json\/wp\/v2\/types\/product"}],"wp:attachment":[{"href":"https:\/\/sezona.lv\/en\/wp-json\/wp\/v2\/media?parent=76791"}],"wp:term":[{"taxonomy":"product_brand","embeddable":true,"href":"https:\/\/sezona.lv\/en\/wp-json\/wp\/v2\/product_brand?post=76791"},{"taxonomy":"product_cat","embeddable":true,"href":"https:\/\/sezona.lv\/en\/wp-json\/wp\/v2\/product_cat?post=76791"},{"taxonomy":"product_tag","embeddable":true,"href":"https:\/\/sezona.lv\/en\/wp-json\/wp\/v2\/product_tag?post=76791"}],"curies":[{"name":"wp","href":"https:\/\/api.w.org\/{rel}","templated":true}]}}