{"id":76792,"date":"2025-07-14T14:56:38","date_gmt":"2025-07-14T11:56:38","guid":{"rendered":"https:\/\/demo8.ecube.lv\/sezona.lv\/products\/dzelksni-grivel-g12\/"},"modified":"2025-07-14T14:56:38","modified_gmt":"2025-07-14T11:56:38","slug":"dzelksni-grivel-g12","status":"publish","type":"product","link":"https:\/\/sezona.lv\/en\/products\/dzelksni-grivel-g12\/","title":{"rendered":"Dzelk\u0161\u0146i Grivel G12"},"content":{"rendered":"<p align=\"justify\"><span style=\"font-size: x-small\">Klasiski 12-zobu dzelk&scaron;\u0146i alp\u012bnismam, vid\u0113jas sare\u017e\u0123\u012bt\u012bbas ledusk\u0101p&scaron;anai, miks\u0113tiem kalnu mar&scaron;rutiem un sniega nog\u0101z\u0113m. Aprikoti ar pret-sniega plat\u0113m. 4 zobi novietoti perpendikul\u0101ri dzelk&scaron;\u0146u garenvirzienam, nodro&scaron;inot liel\u0101ku stabilit\u0101ti m\u012bkst\u0101 snieg\u0101 ejot aug&scaron;up vai lejup pa nog\u0101zi. Viegli regul\u0113jami bez papildus instrumentiem.<\/span><\/p>\n<div><\/div>\n<p align=\"justify\"><span style=\"font-size: x-small\">Specifik\u0101cija:<br \/>Svars: 900g.<br \/>Izm\u0113rs: 36 &#8211; 47 EU<br \/>Stiprin\u0101jumi:<\/span><\/p>\n<div><\/div>\n<ul>\n<li><span style=\"font-size: x-small\">New-Matic &#8211; paredz\u0113ti alp\u012bnisma z\u0101bakiem tikai ar aizmugur\u0113jo gropi dzelk&scaron;\u0146iem<\/span><\/li>\n<li><span style=\"font-size: x-small\">Cramp-O-matic &#8211; paredz\u0113ti alp\u012bnisma z\u0101bakiem gan ar priek&scaron;\u0113jo, gan ar aizmugur\u0113jo gropi dzelk&scaron;\u0146iem<\/span><\/li>\n<li><span style=\"font-size: x-small\">New Classic &#8211; paredz\u0113ti z\u0101bakiem bez speci\u0101l\u0101m grop\u0101m dzelk&scaron;\u0146iem<\/span><\/li>\n<\/ul>\n","protected":false},"excerpt":{"rendered":"<p>Klasiski 12-zobu dzelk&scaron;\u0146i alp\u012bnismam, vid\u0113jas sare\u017e\u0123\u012bt\u012bbas ledusk\u0101p&scaron;anai, miks\u0113tiem kalnu mar&scaron;rutiem un sniega nog\u0101z\u0113m. Aprikoti ar pret-sniega plat\u0113m. 4 zobi novietoti perpendikul\u0101ri dzelk&scaron;\u0146u garenvirzienam, nodro&scaron;inot liel\u0101ku stabilit\u0101ti m\u012bkst\u0101 snieg\u0101 ejot aug&scaron;up vai lejup pa nog\u0101zi. Viegli regul\u0113jami bez papildus instrumentiem. Specifik\u0101cija:Svars: 900g.Izm\u0113rs: 36 &#8211; 47 EUStiprin\u0101jumi: New-Matic &#8211; paredz\u0113ti alp\u012bnisma z\u0101bakiem tikai ar aizmugur\u0113jo gropi dzelk&scaron;\u0146iem [&hellip;]<\/p>\n","protected":false},"featured_media":0,"template":"","meta":[],"product_brand":[966],"product_cat":[4851,4859,4867],"product_tag":[],"class_list":{"0":"post-76792","1":"product","2":"type-product","3":"status-publish","5":"product_brand-grivel","6":"product_cat-mountaineering-equipment-recreation","7":"product_cat-for-rock-climbing-mountaineering-mountaineering-equipment-recreation","8":"product_cat-spikes-for-rock-climbing-mountaineering-mountaineering-equipment-recreation","10":"first","11":"instock","12":"shipping-taxable","13":"purchasable","14":"product-type-simple"},"_links":{"self":[{"href":"https:\/\/sezona.lv\/en\/wp-json\/wp\/v2\/product\/76792","targetHints":{"allow":["GET"]}}],"collection":[{"href":"https:\/\/sezona.lv\/en\/wp-json\/wp\/v2\/product"}],"about":[{"href":"https:\/\/sezona.lv\/en\/wp-json\/wp\/v2\/types\/product"}],"wp:attachment":[{"href":"https:\/\/sezona.lv\/en\/wp-json\/wp\/v2\/media?parent=76792"}],"wp:term":[{"taxonomy":"product_brand","embeddable":true,"href":"https:\/\/sezona.lv\/en\/wp-json\/wp\/v2\/product_brand?post=76792"},{"taxonomy":"product_cat","embeddable":true,"href":"https:\/\/sezona.lv\/en\/wp-json\/wp\/v2\/product_cat?post=76792"},{"taxonomy":"product_tag","embeddable":true,"href":"https:\/\/sezona.lv\/en\/wp-json\/wp\/v2\/product_tag?post=76792"}],"curies":[{"name":"wp","href":"https:\/\/api.w.org\/{rel}","templated":true}]}}