{"id":76794,"date":"2025-07-14T14:56:39","date_gmt":"2025-07-14T11:56:39","guid":{"rendered":"https:\/\/demo8.ecube.lv\/sezona.lv\/products\/dzelksni-grivel-rambo-4\/"},"modified":"2025-07-14T14:56:39","modified_gmt":"2025-07-14T11:56:39","slug":"dzelksni-grivel-rambo-4","status":"publish","type":"product","link":"https:\/\/sezona.lv\/en\/products\/dzelksni-grivel-rambo-4\/","title":{"rendered":"Dzelk\u0161\u0146i Grivel Rambo 4"},"content":{"rendered":"<p align=\"justify\"><span style=\"font-size: x-small\">Tehnisk\u0101kie no Grivel pied\u0101v\u0101tajiem dzelk&scaron;\u0146iem jau 4-taj\u0101 paaudz\u0113. Izcili viegli piel\u0101gojami jebkuram reljefam &#8211; tikai viena skr\u016bve garuma regul\u0113&scaron;anai, viena skr\u016bve zobu izvietojumam un tikai viena skr\u016bve zobu mai\u0146ai. Cieta, bet anatomiska forma nodro&scaron;in\u0101s izcilu precizit\u0101ti un dro&scaron;\u012bbu. Apr\u012bkoti ar pret-sniega plat\u0113m.<\/span><\/p>\n<div><\/div>\n<p align=\"justify\"><span style=\"font-size: x-small\">Specifik\u0101cija:<br \/>Svars: 1165g<br \/>Izm\u0113rs: 38 &#8211; 48 EU<br \/>Stiprin\u0101jumi: Cramp-O-matic<\/span><\/p>\n","protected":false},"excerpt":{"rendered":"<p>Tehnisk\u0101kie no Grivel pied\u0101v\u0101tajiem dzelk&scaron;\u0146iem jau 4-taj\u0101 paaudz\u0113. Izcili viegli piel\u0101gojami jebkuram reljefam &#8211; tikai viena skr\u016bve garuma regul\u0113&scaron;anai, viena skr\u016bve zobu izvietojumam un tikai viena skr\u016bve zobu mai\u0146ai. Cieta, bet anatomiska forma nodro&scaron;in\u0101s izcilu precizit\u0101ti un dro&scaron;\u012bbu. Apr\u012bkoti ar pret-sniega plat\u0113m. Specifik\u0101cija:Svars: 1165gIzm\u0113rs: 38 &#8211; 48 EUStiprin\u0101jumi: Cramp-O-matic<\/p>\n","protected":false},"featured_media":0,"template":"","meta":[],"product_brand":[966],"product_cat":[4851,4859,4867],"product_tag":[],"class_list":{"0":"post-76794","1":"product","2":"type-product","3":"status-publish","5":"product_brand-grivel","6":"product_cat-mountaineering-equipment-recreation","7":"product_cat-for-rock-climbing-mountaineering-mountaineering-equipment-recreation","8":"product_cat-spikes-for-rock-climbing-mountaineering-mountaineering-equipment-recreation","10":"first","11":"instock","12":"shipping-taxable","13":"purchasable","14":"product-type-simple"},"_links":{"self":[{"href":"https:\/\/sezona.lv\/en\/wp-json\/wp\/v2\/product\/76794","targetHints":{"allow":["GET"]}}],"collection":[{"href":"https:\/\/sezona.lv\/en\/wp-json\/wp\/v2\/product"}],"about":[{"href":"https:\/\/sezona.lv\/en\/wp-json\/wp\/v2\/types\/product"}],"wp:attachment":[{"href":"https:\/\/sezona.lv\/en\/wp-json\/wp\/v2\/media?parent=76794"}],"wp:term":[{"taxonomy":"product_brand","embeddable":true,"href":"https:\/\/sezona.lv\/en\/wp-json\/wp\/v2\/product_brand?post=76794"},{"taxonomy":"product_cat","embeddable":true,"href":"https:\/\/sezona.lv\/en\/wp-json\/wp\/v2\/product_cat?post=76794"},{"taxonomy":"product_tag","embeddable":true,"href":"https:\/\/sezona.lv\/en\/wp-json\/wp\/v2\/product_tag?post=76794"}],"curies":[{"name":"wp","href":"https:\/\/api.w.org\/{rel}","templated":true}]}}