{"id":76795,"date":"2025-07-14T14:56:40","date_gmt":"2025-07-14T11:56:40","guid":{"rendered":"https:\/\/demo8.ecube.lv\/sezona.lv\/products\/dzelksni-grivel-g20\/"},"modified":"2025-07-14T14:56:40","modified_gmt":"2025-07-14T11:56:40","slug":"dzelksni-grivel-g20","status":"publish","type":"product","link":"https:\/\/sezona.lv\/en\/products\/dzelksni-grivel-g20\/","title":{"rendered":"Dzelk\u0161\u0146i Grivel G20"},"content":{"rendered":"<p align=\"justify\"><span style=\"font-size: x-small\">Viegl\u0101kie tehniskie dzelk&scaron;\u0146i pasaul\u0113, kas paredz\u0113ti tehniskai ledusk\u0101p&scaron;anai un sare\u017e\u0123itiem, miks\u0113tiem kalnu mar&scaron;rutiem. Tie ir \u013coti viegli un \u0113rti uzvelkami. Dzelk&scaron;\u0146i aimugur\u0113 ir apr\u012bkoti ar pretsniega pl\u0101ksni, kas aizsarg\u0101s pret sniega uzkr\u0101&scaron;anos zem z\u0101bakiem.<br \/><\/span><\/p>\n<div><\/div>\n<p align=\"justify\"><span style=\"font-size: x-small\">Specifik\u0101cija:<\/span><span style=\"font-size: x-small\"><br \/>Svars: 794g<br \/>Izm\u0113rs: 37 &#8211; 48<br \/>Stiprin\u0101jumi:<\/span><\/p>\n<div><\/div>\n<ul>\n<li><span style=\"font-size: x-small\">Cramp-O-matic &#8211; paredz\u0113ti alp\u012bnisma z\u0101bakiem gan ar priek&scaron;\u0113jo, gan ar aizmugur\u0113jo gropi dzelk&scaron;\u0146iem<\/span><\/li>\n<\/ul>\n","protected":false},"excerpt":{"rendered":"<p>Viegl\u0101kie tehniskie dzelk&scaron;\u0146i pasaul\u0113, kas paredz\u0113ti tehniskai ledusk\u0101p&scaron;anai un sare\u017e\u0123itiem, miks\u0113tiem kalnu mar&scaron;rutiem. Tie ir \u013coti viegli un \u0113rti uzvelkami. Dzelk&scaron;\u0146i aimugur\u0113 ir apr\u012bkoti ar pretsniega pl\u0101ksni, kas aizsarg\u0101s pret sniega uzkr\u0101&scaron;anos zem z\u0101bakiem. Specifik\u0101cija:Svars: 794gIzm\u0113rs: 37 &#8211; 48Stiprin\u0101jumi: Cramp-O-matic &#8211; paredz\u0113ti alp\u012bnisma z\u0101bakiem gan ar priek&scaron;\u0113jo, gan ar aizmugur\u0113jo gropi dzelk&scaron;\u0146iem<\/p>\n","protected":false},"featured_media":0,"template":"","meta":[],"product_brand":[966],"product_cat":[4851,4859,4867],"product_tag":[],"class_list":{"0":"post-76795","1":"product","2":"type-product","3":"status-publish","5":"product_brand-grivel","6":"product_cat-mountaineering-equipment-recreation","7":"product_cat-for-rock-climbing-mountaineering-mountaineering-equipment-recreation","8":"product_cat-spikes-for-rock-climbing-mountaineering-mountaineering-equipment-recreation","10":"first","11":"instock","12":"shipping-taxable","13":"purchasable","14":"product-type-simple"},"_links":{"self":[{"href":"https:\/\/sezona.lv\/en\/wp-json\/wp\/v2\/product\/76795","targetHints":{"allow":["GET"]}}],"collection":[{"href":"https:\/\/sezona.lv\/en\/wp-json\/wp\/v2\/product"}],"about":[{"href":"https:\/\/sezona.lv\/en\/wp-json\/wp\/v2\/types\/product"}],"wp:attachment":[{"href":"https:\/\/sezona.lv\/en\/wp-json\/wp\/v2\/media?parent=76795"}],"wp:term":[{"taxonomy":"product_brand","embeddable":true,"href":"https:\/\/sezona.lv\/en\/wp-json\/wp\/v2\/product_brand?post=76795"},{"taxonomy":"product_cat","embeddable":true,"href":"https:\/\/sezona.lv\/en\/wp-json\/wp\/v2\/product_cat?post=76795"},{"taxonomy":"product_tag","embeddable":true,"href":"https:\/\/sezona.lv\/en\/wp-json\/wp\/v2\/product_tag?post=76795"}],"curies":[{"name":"wp","href":"https:\/\/api.w.org\/{rel}","templated":true}]}}