{"id":76797,"date":"2025-07-14T14:56:42","date_gmt":"2025-07-14T11:56:42","guid":{"rendered":"https:\/\/demo8.ecube.lv\/sezona.lv\/products\/dzelksni-grivel-g1\/"},"modified":"2025-07-14T14:56:42","modified_gmt":"2025-07-14T11:56:42","slug":"dzelksni-grivel-g1","status":"publish","type":"product","link":"https:\/\/sezona.lv\/en\/products\/dzelksni-grivel-g1\/","title":{"rendered":"Dzelk\u0161\u0146i Grivel G1"},"content":{"rendered":"<p align=\"justify\"><span style=\"font-size: x-small\">Klasiski, elast\u012bgi alp\u012bnisma dzelk&scaron;\u0146i, paredz\u0113ti sniega mar&scaron;rutiem. New Classic (NC) stirpin\u0101juma sist\u0113ma \u013caus dzelk&scaron;\u0146us piestiprin\u0101t jebkuriem z\u0101bakiem. Komplekt\u0101 pretsniega plates. Vielgi un \u0113rti puzliekami un no\u0146emami. izgatavoti no t\u0113rauda. Savienojo&scaron;\u0101 pl\u0101knse ir elast\u012bga, \u013caujot piel\u0101got dzelk&scaron;\u0146us mikstiem z\u0101bakiem.<\/span><\/p>\n<div><\/div>\n<p align=\"justify\"><span style=\"font-size: x-small\">Specifik\u0101cija:<br \/>Zobu skaits: 10<br \/>Izm\u0113rs: 36 &#8211; 44<br \/>Svars: 730g.<\/span><\/p>\n","protected":false},"excerpt":{"rendered":"<p>Klasiski, elast\u012bgi alp\u012bnisma dzelk&scaron;\u0146i, paredz\u0113ti sniega mar&scaron;rutiem. New Classic (NC) stirpin\u0101juma sist\u0113ma \u013caus dzelk&scaron;\u0146us piestiprin\u0101t jebkuriem z\u0101bakiem. Komplekt\u0101 pretsniega plates. Vielgi un \u0113rti puzliekami un no\u0146emami. izgatavoti no t\u0113rauda. Savienojo&scaron;\u0101 pl\u0101knse ir elast\u012bga, \u013caujot piel\u0101got dzelk&scaron;\u0146us mikstiem z\u0101bakiem. Specifik\u0101cija:Zobu skaits: 10Izm\u0113rs: 36 &#8211; 44Svars: 730g.<\/p>\n","protected":false},"featured_media":0,"template":"","meta":[],"product_brand":[966],"product_cat":[4851,4859,4867],"product_tag":[],"class_list":{"0":"post-76797","1":"product","2":"type-product","3":"status-publish","5":"product_brand-grivel","6":"product_cat-mountaineering-equipment-recreation","7":"product_cat-for-rock-climbing-mountaineering-mountaineering-equipment-recreation","8":"product_cat-spikes-for-rock-climbing-mountaineering-mountaineering-equipment-recreation","10":"first","11":"instock","12":"shipping-taxable","13":"purchasable","14":"product-type-simple"},"_links":{"self":[{"href":"https:\/\/sezona.lv\/en\/wp-json\/wp\/v2\/product\/76797","targetHints":{"allow":["GET"]}}],"collection":[{"href":"https:\/\/sezona.lv\/en\/wp-json\/wp\/v2\/product"}],"about":[{"href":"https:\/\/sezona.lv\/en\/wp-json\/wp\/v2\/types\/product"}],"wp:attachment":[{"href":"https:\/\/sezona.lv\/en\/wp-json\/wp\/v2\/media?parent=76797"}],"wp:term":[{"taxonomy":"product_brand","embeddable":true,"href":"https:\/\/sezona.lv\/en\/wp-json\/wp\/v2\/product_brand?post=76797"},{"taxonomy":"product_cat","embeddable":true,"href":"https:\/\/sezona.lv\/en\/wp-json\/wp\/v2\/product_cat?post=76797"},{"taxonomy":"product_tag","embeddable":true,"href":"https:\/\/sezona.lv\/en\/wp-json\/wp\/v2\/product_tag?post=76797"}],"curies":[{"name":"wp","href":"https:\/\/api.w.org\/{rel}","templated":true}]}}