{"id":76798,"date":"2025-07-14T14:56:42","date_gmt":"2025-07-14T11:56:42","guid":{"rendered":"https:\/\/demo8.ecube.lv\/sezona.lv\/products\/dzelksnu-pagarinatajs-climbing-technology-crampons-bars\/"},"modified":"2025-07-14T14:56:42","modified_gmt":"2025-07-14T11:56:42","slug":"dzelksnu-pagarinatajs-climbing-technology-crampons-bars","status":"publish","type":"product","link":"https:\/\/sezona.lv\/en\/products\/dzelksnu-pagarinatajs-climbing-technology-crampons-bars\/","title":{"rendered":"Dzelk\u0161\u0146u pagarin\u0101t\u0101js Climbing Technology Crampons Bars"},"content":{"rendered":"<p><span>Climbing Technology pl\u0101ksn\u012bte dzelk&scaron;\u0146u pagarin\u0101&scaron;anai. Ar &scaron;o pl\u0101ksn\u012bti ir iesp\u0113jams palielin\u0101t dzelk&scaron;\u0146u izm\u0113ru, l\u012bdz ar tos var\u0113s pielikt apaviem l\u012bdz pat 50 EU izm\u0113ram. Sader\u012bgs ar Climbing Technology 12 punktu dzelk&scaron;\u0146iem Nevis, Nupste un Ice. Iesp\u0113jams savienot ar\u012b ar citu ra\u017eot\u0101ju dzelk&scaron;\u0146iem.<\/span><\/p>\n","protected":false},"excerpt":{"rendered":"<p>Climbing Technology pl\u0101ksn\u012bte dzelk&scaron;\u0146u pagarin\u0101&scaron;anai. Ar &scaron;o pl\u0101ksn\u012bti ir iesp\u0113jams palielin\u0101t dzelk&scaron;\u0146u izm\u0113ru, l\u012bdz ar tos var\u0113s pielikt apaviem l\u012bdz pat 50 EU izm\u0113ram. Sader\u012bgs ar Climbing Technology 12 punktu dzelk&scaron;\u0146iem Nevis, Nupste un Ice. Iesp\u0113jams savienot ar\u012b ar citu ra\u017eot\u0101ju dzelk&scaron;\u0146iem.<\/p>\n","protected":false},"featured_media":0,"template":"","meta":[],"product_brand":[928],"product_cat":[4851,4859,4867],"product_tag":[],"class_list":{"0":"post-76798","1":"product","2":"type-product","3":"status-publish","5":"product_brand-climbing-technology","6":"product_cat-mountaineering-equipment-recreation","7":"product_cat-for-rock-climbing-mountaineering-mountaineering-equipment-recreation","8":"product_cat-spikes-for-rock-climbing-mountaineering-mountaineering-equipment-recreation","10":"first","11":"instock","12":"shipping-taxable","13":"purchasable","14":"product-type-simple"},"_links":{"self":[{"href":"https:\/\/sezona.lv\/en\/wp-json\/wp\/v2\/product\/76798","targetHints":{"allow":["GET"]}}],"collection":[{"href":"https:\/\/sezona.lv\/en\/wp-json\/wp\/v2\/product"}],"about":[{"href":"https:\/\/sezona.lv\/en\/wp-json\/wp\/v2\/types\/product"}],"wp:attachment":[{"href":"https:\/\/sezona.lv\/en\/wp-json\/wp\/v2\/media?parent=76798"}],"wp:term":[{"taxonomy":"product_brand","embeddable":true,"href":"https:\/\/sezona.lv\/en\/wp-json\/wp\/v2\/product_brand?post=76798"},{"taxonomy":"product_cat","embeddable":true,"href":"https:\/\/sezona.lv\/en\/wp-json\/wp\/v2\/product_cat?post=76798"},{"taxonomy":"product_tag","embeddable":true,"href":"https:\/\/sezona.lv\/en\/wp-json\/wp\/v2\/product_tag?post=76798"}],"curies":[{"name":"wp","href":"https:\/\/api.w.org\/{rel}","templated":true}]}}