{"id":76800,"date":"2025-07-14T14:56:44","date_gmt":"2025-07-14T11:56:44","guid":{"rendered":"https:\/\/demo8.ecube.lv\/sezona.lv\/products\/dzelksnu-prieksejie-zobi-grivel-rambo-4\/"},"modified":"2025-07-14T14:56:44","modified_gmt":"2025-07-14T11:56:44","slug":"dzelksnu-prieksejie-zobi-grivel-rambo-4","status":"publish","type":"product","link":"https:\/\/sezona.lv\/en\/products\/dzelksnu-prieksejie-zobi-grivel-rambo-4\/","title":{"rendered":"Dzelk\u0161\u0146u priek\u0161\u0113jie zobi Grivel Rambo 4"},"content":{"rendered":"<p><span>Rezerves priek&scaron;\u0113jie zobi Grivel Rambo 4 dzelk&scaron;\u0146iem. Komplekt\u0101 ietilpst 2 zobi.<\/span><\/p>\n","protected":false},"excerpt":{"rendered":"<p>Rezerves priek&scaron;\u0113jie zobi Grivel Rambo 4 dzelk&scaron;\u0146iem. Komplekt\u0101 ietilpst 2 zobi.<\/p>\n","protected":false},"featured_media":0,"template":"","meta":[],"product_brand":[966],"product_cat":[4851,4859,4867],"product_tag":[],"class_list":{"0":"post-76800","1":"product","2":"type-product","3":"status-publish","5":"product_brand-grivel","6":"product_cat-mountaineering-equipment-recreation","7":"product_cat-for-rock-climbing-mountaineering-mountaineering-equipment-recreation","8":"product_cat-spikes-for-rock-climbing-mountaineering-mountaineering-equipment-recreation","10":"first","11":"instock","12":"shipping-taxable","13":"purchasable","14":"product-type-simple"},"_links":{"self":[{"href":"https:\/\/sezona.lv\/en\/wp-json\/wp\/v2\/product\/76800","targetHints":{"allow":["GET"]}}],"collection":[{"href":"https:\/\/sezona.lv\/en\/wp-json\/wp\/v2\/product"}],"about":[{"href":"https:\/\/sezona.lv\/en\/wp-json\/wp\/v2\/types\/product"}],"wp:attachment":[{"href":"https:\/\/sezona.lv\/en\/wp-json\/wp\/v2\/media?parent=76800"}],"wp:term":[{"taxonomy":"product_brand","embeddable":true,"href":"https:\/\/sezona.lv\/en\/wp-json\/wp\/v2\/product_brand?post=76800"},{"taxonomy":"product_cat","embeddable":true,"href":"https:\/\/sezona.lv\/en\/wp-json\/wp\/v2\/product_cat?post=76800"},{"taxonomy":"product_tag","embeddable":true,"href":"https:\/\/sezona.lv\/en\/wp-json\/wp\/v2\/product_tag?post=76800"}],"curies":[{"name":"wp","href":"https:\/\/api.w.org\/{rel}","templated":true}]}}