{"id":76801,"date":"2025-07-14T14:56:45","date_gmt":"2025-07-14T11:56:45","guid":{"rendered":"https:\/\/demo8.ecube.lv\/sezona.lv\/products\/leduscirtnis-dmm-apex\/"},"modified":"2025-07-14T14:56:45","modified_gmt":"2025-07-14T11:56:45","slug":"leduscirtnis-dmm-apex","status":"publish","type":"product","link":"https:\/\/sezona.lv\/en\/products\/leduscirtnis-dmm-apex\/","title":{"rendered":"Leduscirtnis DMM Apex"},"content":{"rendered":"<p align=\"justify\"><span style=\"font-size: x-small\">Piln\u012bgi jauns, radik\u0101li izliekts tehniskais leduscirtnis jeb taut\u0101 jau t\u0101 d\u0113v\u0113tais instruments &#8211; DMM Apex &#8211; paredz\u0113ts sare\u017e\u0123\u012btiem ledus un miks\u0113tiem kalnu mar&scaron;rutiem, vertik\u0101lai ledusk\u0101p&scaron;anai un dry-tooling. Izcili sabalans\u0113ts izsvarojums nodro&scaron;in\u0101s prec\u012bzu un dro&scaron;u iecir&scaron;anos ar minim\u0101lu piep\u016bli. Izliektais k\u0101ts nodro&scaron;in\u0101s \u0113rtu un dro&scaron;u cirt\u0146a poz\u012bciju uz grumbu\u013cota ledus ar izliekumiem. Lielisks cirtnis jeb instruments moderniem kalnu mar&scaron;rutiem.<\/span><\/p>\n<div>\n<ul>\n<li><span style=\"font-size: x-small\">Komplekt\u0113ts ar ledus c\u0113rt\u0113m.<\/span><\/li>\n<li><span style=\"font-size: x-small\">Komplekt\u0101 sa\u0137eres lenta, cirt\u0146a k\u0101ta uzlabo&scaron;anai vai pilnveido&scaron;anai.<\/span><\/li>\n<li><span style=\"font-size: x-small\">\u0112rts un nesl\u012bdo&scaron;s rokturis.<\/span><\/li>\n<li><span style=\"font-size: x-small\">Nomain\u0101mas c\u0113rtes.<\/span><\/li>\n<li><span style=\"font-size: x-small\">Pieejams gan ar kapli, gan \u0101muru.<\/span><\/li>\n<li><span style=\"font-size: x-small\">2 rokas atbalsta punkti, no\u0146emami.<\/span><\/li>\n<\/ul>\n<\/div>\n<p align=\"justify\"><span style=\"font-size: x-small\">Specifik\u0101cija:<\/span><\/p>\n<table class=\"tech_info_table\" style=\"height: 69px\" border=\"0\" width=\"384\">\n<tbody>\n<tr>\n<th>&nbsp;<\/th>\n<th>Garums<\/th>\n<th>Svars<\/th>\n<\/tr>\n<tr>\n<td>Apex Compact Adze<\/td>\n<td>50cm<\/td>\n<td>629g<\/td>\n<\/tr>\n<tr>\n<td>Apex Hammer<\/td>\n<td>50cm<\/td>\n<td>614g<\/td>\n<\/tr>\n<\/tbody>\n<\/table>\n","protected":false},"excerpt":{"rendered":"<p>Piln\u012bgi jauns, radik\u0101li izliekts tehniskais leduscirtnis jeb taut\u0101 jau t\u0101 d\u0113v\u0113tais instruments &#8211; DMM Apex &#8211; paredz\u0113ts sare\u017e\u0123\u012btiem ledus un miks\u0113tiem kalnu mar&scaron;rutiem, vertik\u0101lai ledusk\u0101p&scaron;anai un dry-tooling. Izcili sabalans\u0113ts izsvarojums nodro&scaron;in\u0101s prec\u012bzu un dro&scaron;u iecir&scaron;anos ar minim\u0101lu piep\u016bli. Izliektais k\u0101ts nodro&scaron;in\u0101s \u0113rtu un dro&scaron;u cirt\u0146a poz\u012bciju uz grumbu\u013cota ledus ar izliekumiem. Lielisks cirtnis jeb instruments [&hellip;]<\/p>\n","protected":false},"featured_media":0,"template":"","meta":[],"product_brand":[965],"product_cat":[4851,4859,4868],"product_tag":[],"class_list":{"0":"post-76801","1":"product","2":"type-product","3":"status-publish","5":"product_brand-dmm","6":"product_cat-mountaineering-equipment-recreation","7":"product_cat-for-rock-climbing-mountaineering-mountaineering-equipment-recreation","8":"product_cat-ice-axes-for-rock-climbing-mountaineering-mountaineering-equipment-recreation","10":"first","11":"instock","12":"shipping-taxable","13":"purchasable","14":"product-type-simple"},"_links":{"self":[{"href":"https:\/\/sezona.lv\/en\/wp-json\/wp\/v2\/product\/76801","targetHints":{"allow":["GET"]}}],"collection":[{"href":"https:\/\/sezona.lv\/en\/wp-json\/wp\/v2\/product"}],"about":[{"href":"https:\/\/sezona.lv\/en\/wp-json\/wp\/v2\/types\/product"}],"wp:attachment":[{"href":"https:\/\/sezona.lv\/en\/wp-json\/wp\/v2\/media?parent=76801"}],"wp:term":[{"taxonomy":"product_brand","embeddable":true,"href":"https:\/\/sezona.lv\/en\/wp-json\/wp\/v2\/product_brand?post=76801"},{"taxonomy":"product_cat","embeddable":true,"href":"https:\/\/sezona.lv\/en\/wp-json\/wp\/v2\/product_cat?post=76801"},{"taxonomy":"product_tag","embeddable":true,"href":"https:\/\/sezona.lv\/en\/wp-json\/wp\/v2\/product_tag?post=76801"}],"curies":[{"name":"wp","href":"https:\/\/api.w.org\/{rel}","templated":true}]}}