{"id":76802,"date":"2025-07-14T14:56:45","date_gmt":"2025-07-14T11:56:45","guid":{"rendered":"https:\/\/demo8.ecube.lv\/sezona.lv\/products\/leduscirtnis-dmm-cirque-55\/"},"modified":"2025-07-14T14:56:45","modified_gmt":"2025-07-14T11:56:45","slug":"leduscirtnis-dmm-cirque-55","status":"publish","type":"product","link":"https:\/\/sezona.lv\/en\/products\/leduscirtnis-dmm-cirque-55\/","title":{"rendered":"Leduscirtnis DMM Cirque 55"},"content":{"rendered":"<p align=\"justify\"><span style=\"font-size: x-small\">DMM Cirque ir klasisks sniega un p\u0101rg\u0101jienu leduscirtnis, kas lieliski noder\u0113s klasiskos alp\u012bnajos kalnu mar&scaron;rutos, sniega nog\u0101z\u0113s un led\u0101ju &scaron;\u0137\u0113rso&scaron;an\u0101. Jaunais Cirque leduscirtnis ne tikai k\u013cuvis iztur\u012bg\u0101ks, bet ar\u012b dizainiski pievilc\u012bg\u0101ks un, pateicoties jaunajam rokturim &#8211; ergonomisk\u0101ks. T-veida c\u0113rte un k\u0101ta \u0123eometrija nodro&scaron;in\u0101s dro&scaron;u punkta veido&scaron;anu snieg\u0101 un sevis notur\u0113&scaron;anu izsl\u012bd\u0113&scaron;anas gad\u012bjum\u0101. Pieejams gan ar \u0101muru, gan ar kapli. Komplekt\u0101 DMM rokas cilpa.<\/span><\/p>\n<div><\/div>\n<p align=\"justify\"><span style=\"font-size: x-small\">Specifik\u0101cija:<\/span><\/p>\n<table class=\"tech_info_table\" style=\"height: 129px\" border=\"0\" width=\"407\">\n<tbody>\n<tr>\n<th>&nbsp;<\/th>\n<th>Garums<\/th>\n<th>Svars<\/th>\n<\/tr>\n<tr>\n<td>Cirque Adze<\/td>\n<td>50cm<\/td>\n<td>565g<\/td>\n<\/tr>\n<tr>\n<td>Cirque Adze<\/td>\n<td>55cm<\/td>\n<td>583g<\/td>\n<\/tr>\n<tr>\n<td>Cirque Adze<\/td>\n<td>60cm<\/td>\n<td>604g<\/td>\n<\/tr>\n<tr>\n<td>Cirque Adze<\/td>\n<td>65cm<\/td>\n<td>626g<\/td>\n<\/tr>\n<tr>\n<td>Cirque Hammer<\/td>\n<td>50cm<\/td>\n<td>591g<\/td>\n<\/tr>\n<\/tbody>\n<\/table>\n","protected":false},"excerpt":{"rendered":"<p>DMM Cirque ir klasisks sniega un p\u0101rg\u0101jienu leduscirtnis, kas lieliski noder\u0113s klasiskos alp\u012bnajos kalnu mar&scaron;rutos, sniega nog\u0101z\u0113s un led\u0101ju &scaron;\u0137\u0113rso&scaron;an\u0101. Jaunais Cirque leduscirtnis ne tikai k\u013cuvis iztur\u012bg\u0101ks, bet ar\u012b dizainiski pievilc\u012bg\u0101ks un, pateicoties jaunajam rokturim &#8211; ergonomisk\u0101ks. T-veida c\u0113rte un k\u0101ta \u0123eometrija nodro&scaron;in\u0101s dro&scaron;u punkta veido&scaron;anu snieg\u0101 un sevis notur\u0113&scaron;anu izsl\u012bd\u0113&scaron;anas gad\u012bjum\u0101. Pieejams gan ar [&hellip;]<\/p>\n","protected":false},"featured_media":0,"template":"","meta":[],"product_brand":[965],"product_cat":[4851,4859,4868],"product_tag":[],"class_list":{"0":"post-76802","1":"product","2":"type-product","3":"status-publish","5":"product_brand-dmm","6":"product_cat-mountaineering-equipment-recreation","7":"product_cat-for-rock-climbing-mountaineering-mountaineering-equipment-recreation","8":"product_cat-ice-axes-for-rock-climbing-mountaineering-mountaineering-equipment-recreation","10":"first","11":"instock","12":"shipping-taxable","13":"purchasable","14":"product-type-simple"},"_links":{"self":[{"href":"https:\/\/sezona.lv\/en\/wp-json\/wp\/v2\/product\/76802","targetHints":{"allow":["GET"]}}],"collection":[{"href":"https:\/\/sezona.lv\/en\/wp-json\/wp\/v2\/product"}],"about":[{"href":"https:\/\/sezona.lv\/en\/wp-json\/wp\/v2\/types\/product"}],"wp:attachment":[{"href":"https:\/\/sezona.lv\/en\/wp-json\/wp\/v2\/media?parent=76802"}],"wp:term":[{"taxonomy":"product_brand","embeddable":true,"href":"https:\/\/sezona.lv\/en\/wp-json\/wp\/v2\/product_brand?post=76802"},{"taxonomy":"product_cat","embeddable":true,"href":"https:\/\/sezona.lv\/en\/wp-json\/wp\/v2\/product_cat?post=76802"},{"taxonomy":"product_tag","embeddable":true,"href":"https:\/\/sezona.lv\/en\/wp-json\/wp\/v2\/product_tag?post=76802"}],"curies":[{"name":"wp","href":"https:\/\/api.w.org\/{rel}","templated":true}]}}