{"id":76805,"date":"2025-07-14T14:56:48","date_gmt":"2025-07-14T11:56:48","guid":{"rendered":"https:\/\/demo8.ecube.lv\/sezona.lv\/products\/leduscirtnis-dmm-fly\/"},"modified":"2025-07-14T14:56:48","modified_gmt":"2025-07-14T11:56:48","slug":"leduscirtnis-dmm-fly","status":"publish","type":"product","link":"https:\/\/sezona.lv\/en\/products\/leduscirtnis-dmm-fly\/","title":{"rendered":"Leduscirtnis DMM Fly"},"content":{"rendered":"<p align=\"justify\"><span style=\"font-size: x-small\">Nu jau le\u0123end\u0101rais DMM Fly leduscirtnis ieguvis gan jaunu dizainu, gan tehnisk\u0101s \u012bpa&scaron;\u012bbas, uzlabojot cirt\u0146a rokturi un sa\u0137eri, c\u0113rtes \u0123eometriju. &Scaron;is ir all-round leduscirtnis, s\u0101kot no viegliem sniega mar&scaron;rutiem l\u012bdz sare\u017e\u0123\u012btiem miks\u0113tiem kalnu mar&scaron;rutiem, kur pras\u0101s pa cirtnim katr\u0101 rok\u0101. Iesp\u0113jams pievienot otru rokas atbalsta punktu. C\u0113rtes \u012bpa&scaron;i piel\u0101gotas miks\u0113tiem mar&scaron;rutiem, t\u0101s iesp\u0113jams nomain\u012bt ar\u012b uz klasisk\u0101k\u0101m sniega c\u0113rt\u0113m. Iesp\u0113jams k\u0101pt bez rokas atbalsta cilp\u0101m &#8211; leashless. Pieejams gan ar kapli, gan \u0101muru. Rokas atbalsts k\u0101ta apak&scaron;\u0101, kuru iesp\u0113jams no\u0146emt viegl\u0101kiem kalnu mar&scaron;rutiem.<\/span><\/p>\n<p>&nbsp;<\/p>\n<p align=\"justify\"><span style=\"font-size: x-small\">Specifik\u0101cija:<\/span><\/p>\n<table class=\"tech_info_table\" style=\"height: 69px\" border=\"0\" width=\"415\">\n<tbody>\n<tr>\n<th>&nbsp;<\/th>\n<th>Garums<\/th>\n<th>Svars<\/th>\n<\/tr>\n<tr>\n<td>Fly Adze<\/td>\n<td>50cm<\/td>\n<td>718g<\/td>\n<\/tr>\n<tr>\n<td>Fly Hammer<\/td>\n<td>50cm<\/td>\n<td>721g<\/td>\n<\/tr>\n<\/tbody>\n<\/table>\n","protected":false},"excerpt":{"rendered":"<p>Nu jau le\u0123end\u0101rais DMM Fly leduscirtnis ieguvis gan jaunu dizainu, gan tehnisk\u0101s \u012bpa&scaron;\u012bbas, uzlabojot cirt\u0146a rokturi un sa\u0137eri, c\u0113rtes \u0123eometriju. &Scaron;is ir all-round leduscirtnis, s\u0101kot no viegliem sniega mar&scaron;rutiem l\u012bdz sare\u017e\u0123\u012btiem miks\u0113tiem kalnu mar&scaron;rutiem, kur pras\u0101s pa cirtnim katr\u0101 rok\u0101. Iesp\u0113jams pievienot otru rokas atbalsta punktu. C\u0113rtes \u012bpa&scaron;i piel\u0101gotas miks\u0113tiem mar&scaron;rutiem, t\u0101s iesp\u0113jams nomain\u012bt ar\u012b [&hellip;]<\/p>\n","protected":false},"featured_media":0,"template":"","meta":[],"product_brand":[965],"product_cat":[4851,4859,4868],"product_tag":[],"class_list":{"0":"post-76805","1":"product","2":"type-product","3":"status-publish","5":"product_brand-dmm","6":"product_cat-mountaineering-equipment-recreation","7":"product_cat-for-rock-climbing-mountaineering-mountaineering-equipment-recreation","8":"product_cat-ice-axes-for-rock-climbing-mountaineering-mountaineering-equipment-recreation","10":"first","11":"instock","12":"shipping-taxable","13":"purchasable","14":"product-type-simple"},"_links":{"self":[{"href":"https:\/\/sezona.lv\/en\/wp-json\/wp\/v2\/product\/76805","targetHints":{"allow":["GET"]}}],"collection":[{"href":"https:\/\/sezona.lv\/en\/wp-json\/wp\/v2\/product"}],"about":[{"href":"https:\/\/sezona.lv\/en\/wp-json\/wp\/v2\/types\/product"}],"wp:attachment":[{"href":"https:\/\/sezona.lv\/en\/wp-json\/wp\/v2\/media?parent=76805"}],"wp:term":[{"taxonomy":"product_brand","embeddable":true,"href":"https:\/\/sezona.lv\/en\/wp-json\/wp\/v2\/product_brand?post=76805"},{"taxonomy":"product_cat","embeddable":true,"href":"https:\/\/sezona.lv\/en\/wp-json\/wp\/v2\/product_cat?post=76805"},{"taxonomy":"product_tag","embeddable":true,"href":"https:\/\/sezona.lv\/en\/wp-json\/wp\/v2\/product_tag?post=76805"}],"curies":[{"name":"wp","href":"https:\/\/api.w.org\/{rel}","templated":true}]}}