{"id":76810,"date":"2025-07-14T14:56:51","date_gmt":"2025-07-14T11:56:51","guid":{"rendered":"https:\/\/demo8.ecube.lv\/sezona.lv\/products\/leduscirtnis-grivel-g1-74cm\/"},"modified":"2025-07-14T14:56:51","modified_gmt":"2025-07-14T11:56:51","slug":"leduscirtnis-grivel-g1-74cm","status":"publish","type":"product","link":"https:\/\/sezona.lv\/en\/products\/leduscirtnis-grivel-g1-74cm\/","title":{"rendered":"Leduscirtnis Grivel G1 74cm"},"content":{"rendered":"<p align=\"justify\"><span style=\"font-size: x-small\">G1 ir viegls klasiskais leduscirtnies, kas sev\u012b iemieso lab\u0101kas no Grivel cirt\u0146u \u012bpa&scaron;\u012bb\u0101m. \u013boti viegls un iztur\u012bgs. Piem\u0113rots ilgsto&scaron;iem kalnu mar&scaron;rutiem. Ergonomisks. Apr\u012bkots ar rokas cilpu.<\/span><\/p>\n<div>&nbsp;<\/div>\n<p><span style=\"font-size: x-small\">Specifik\u0101cija:<br \/>Svars: 475g<br \/>Izm\u0113rs: 58cm, 66cm, 74cm<\/span><\/p>\n","protected":false},"excerpt":{"rendered":"<p>G1 ir viegls klasiskais leduscirtnies, kas sev\u012b iemieso lab\u0101kas no Grivel cirt\u0146u \u012bpa&scaron;\u012bb\u0101m. \u013boti viegls un iztur\u012bgs. Piem\u0113rots ilgsto&scaron;iem kalnu mar&scaron;rutiem. Ergonomisks. Apr\u012bkots ar rokas cilpu. &nbsp; Specifik\u0101cija:Svars: 475gIzm\u0113rs: 58cm, 66cm, 74cm<\/p>\n","protected":false},"featured_media":0,"template":"","meta":[],"product_brand":[966],"product_cat":[4851,4859,4868],"product_tag":[],"class_list":{"0":"post-76810","1":"product","2":"type-product","3":"status-publish","5":"product_brand-grivel","6":"product_cat-mountaineering-equipment-recreation","7":"product_cat-for-rock-climbing-mountaineering-mountaineering-equipment-recreation","8":"product_cat-ice-axes-for-rock-climbing-mountaineering-mountaineering-equipment-recreation","10":"first","11":"instock","12":"shipping-taxable","13":"purchasable","14":"product-type-simple"},"_links":{"self":[{"href":"https:\/\/sezona.lv\/en\/wp-json\/wp\/v2\/product\/76810","targetHints":{"allow":["GET"]}}],"collection":[{"href":"https:\/\/sezona.lv\/en\/wp-json\/wp\/v2\/product"}],"about":[{"href":"https:\/\/sezona.lv\/en\/wp-json\/wp\/v2\/types\/product"}],"wp:attachment":[{"href":"https:\/\/sezona.lv\/en\/wp-json\/wp\/v2\/media?parent=76810"}],"wp:term":[{"taxonomy":"product_brand","embeddable":true,"href":"https:\/\/sezona.lv\/en\/wp-json\/wp\/v2\/product_brand?post=76810"},{"taxonomy":"product_cat","embeddable":true,"href":"https:\/\/sezona.lv\/en\/wp-json\/wp\/v2\/product_cat?post=76810"},{"taxonomy":"product_tag","embeddable":true,"href":"https:\/\/sezona.lv\/en\/wp-json\/wp\/v2\/product_tag?post=76810"}],"curies":[{"name":"wp","href":"https:\/\/api.w.org\/{rel}","templated":true}]}}