{"id":76816,"date":"2025-07-14T14:56:56","date_gmt":"2025-07-14T11:56:56","guid":{"rendered":"https:\/\/demo8.ecube.lv\/sezona.lv\/products\/leduscirtnis-grivel-nepal-sa-74cm\/"},"modified":"2025-07-14T14:56:56","modified_gmt":"2025-07-14T11:56:56","slug":"leduscirtnis-grivel-nepal-sa-74cm","status":"publish","type":"product","link":"https:\/\/sezona.lv\/en\/products\/leduscirtnis-grivel-nepal-sa-74cm\/","title":{"rendered":"Leduscirtnis Grivel Nepal SA 74cm"},"content":{"rendered":"<p align=\"justify\"><span style=\"font-size: x-small\">Nepal S.A. ir klasiskais leduscirtnis, kas paredz\u0113ts trekingiem, klasiskiem sniega mar&scaron;rutiem, led\u0101ju &scaron;\u0137\u0113rso&scaron;anai un nomas programm\u0101m vai apm\u0101c\u012bb\u0101m. Nedaudz ieliekta cirt\u0146a c\u0113rte nodro&scaron;in\u0101s lielisku iecir&scaron;anos. Apr\u012bkots ar rokas cilpu.<\/span><\/p>\n<div><\/div>\n<p align=\"justify\"><span style=\"font-size: x-small\"><strong>Specifik\u0101cija:<\/strong><br \/>Svars: 480g<br \/>Izm\u0113rs: 58cm, 66cm, 74cm<\/span><\/p>\n","protected":false},"excerpt":{"rendered":"<p>Nepal S.A. ir klasiskais leduscirtnis, kas paredz\u0113ts trekingiem, klasiskiem sniega mar&scaron;rutiem, led\u0101ju &scaron;\u0137\u0113rso&scaron;anai un nomas programm\u0101m vai apm\u0101c\u012bb\u0101m. Nedaudz ieliekta cirt\u0146a c\u0113rte nodro&scaron;in\u0101s lielisku iecir&scaron;anos. Apr\u012bkots ar rokas cilpu. Specifik\u0101cija:Svars: 480gIzm\u0113rs: 58cm, 66cm, 74cm<\/p>\n","protected":false},"featured_media":0,"template":"","meta":[],"product_brand":[966],"product_cat":[4851,4859,4868],"product_tag":[],"class_list":{"0":"post-76816","1":"product","2":"type-product","3":"status-publish","5":"product_brand-grivel","6":"product_cat-mountaineering-equipment-recreation","7":"product_cat-for-rock-climbing-mountaineering-mountaineering-equipment-recreation","8":"product_cat-ice-axes-for-rock-climbing-mountaineering-mountaineering-equipment-recreation","10":"first","11":"instock","12":"shipping-taxable","13":"purchasable","14":"product-type-simple"},"_links":{"self":[{"href":"https:\/\/sezona.lv\/en\/wp-json\/wp\/v2\/product\/76816","targetHints":{"allow":["GET"]}}],"collection":[{"href":"https:\/\/sezona.lv\/en\/wp-json\/wp\/v2\/product"}],"about":[{"href":"https:\/\/sezona.lv\/en\/wp-json\/wp\/v2\/types\/product"}],"wp:attachment":[{"href":"https:\/\/sezona.lv\/en\/wp-json\/wp\/v2\/media?parent=76816"}],"wp:term":[{"taxonomy":"product_brand","embeddable":true,"href":"https:\/\/sezona.lv\/en\/wp-json\/wp\/v2\/product_brand?post=76816"},{"taxonomy":"product_cat","embeddable":true,"href":"https:\/\/sezona.lv\/en\/wp-json\/wp\/v2\/product_cat?post=76816"},{"taxonomy":"product_tag","embeddable":true,"href":"https:\/\/sezona.lv\/en\/wp-json\/wp\/v2\/product_tag?post=76816"}],"curies":[{"name":"wp","href":"https:\/\/api.w.org\/{rel}","templated":true}]}}