{"id":76817,"date":"2025-07-14T14:56:57","date_gmt":"2025-07-14T11:56:57","guid":{"rendered":"https:\/\/demo8.ecube.lv\/sezona.lv\/products\/leduscirtnis-grivel-air-tech-evo-58cm\/"},"modified":"2025-07-14T14:56:57","modified_gmt":"2025-07-14T11:56:57","slug":"leduscirtnis-grivel-air-tech-evo-58cm","status":"publish","type":"product","link":"https:\/\/sezona.lv\/en\/products\/leduscirtnis-grivel-air-tech-evo-58cm\/","title":{"rendered":"Leduscirtnis Grivel Air Tech EVO 58cm"},"content":{"rendered":"<p align=\"justify\"><span style=\"font-size: x-small\">Uzlabota popul\u0101r\u0101 Grivel leduscirt\u0146a Air Tech.versija. Nedaudz ieliekt\u0101 k\u0101ta aug&scaron;\u0113j\u0101 da\u013ca nodro&scaron;in\u0101s liel\u0101ku atstatumu rokai no ledus\/sniega iec\u0113rtoties, bet taisn\u0101 apak&scaron;\u0113j\u0101 da\u013ca lieliski noder\u0113s veidojot dro&scaron;\u012bn\u0101&scaron;anas punktu snieg\u0101. Easy Slider sl\u012bdo&scaron;\u0101 rokas cilpa \u0113rti noder\u0113s turot cirtni da\u017e\u0101d\u0101s poz\u012bcij\u0101s, k\u0101 ar\u012b kust\u012bg\u0101 rokas atbalsta da\u013ca netrauc\u0113s cirt\u0146a iegrim&scaron;anu snieg\u0101. Pieejams gan ar kapli, gan \u0101muru.<\/span><\/p>\n<div><\/div>\n<p align=\"justify\"><span style=\"font-size: x-small\">Specifik\u0101cija:<br \/>Svars: 473g<br \/>Pieejam\u012be izm.: 58cm, 66cm<\/span><\/p>\n","protected":false},"excerpt":{"rendered":"<p>Uzlabota popul\u0101r\u0101 Grivel leduscirt\u0146a Air Tech.versija. Nedaudz ieliekt\u0101 k\u0101ta aug&scaron;\u0113j\u0101 da\u013ca nodro&scaron;in\u0101s liel\u0101ku atstatumu rokai no ledus\/sniega iec\u0113rtoties, bet taisn\u0101 apak&scaron;\u0113j\u0101 da\u013ca lieliski noder\u0113s veidojot dro&scaron;\u012bn\u0101&scaron;anas punktu snieg\u0101. Easy Slider sl\u012bdo&scaron;\u0101 rokas cilpa \u0113rti noder\u0113s turot cirtni da\u017e\u0101d\u0101s poz\u012bcij\u0101s, k\u0101 ar\u012b kust\u012bg\u0101 rokas atbalsta da\u013ca netrauc\u0113s cirt\u0146a iegrim&scaron;anu snieg\u0101. Pieejams gan ar kapli, gan \u0101muru. [&hellip;]<\/p>\n","protected":false},"featured_media":0,"template":"","meta":[],"product_brand":[966],"product_cat":[4851,4859,4868],"product_tag":[],"class_list":{"0":"post-76817","1":"product","2":"type-product","3":"status-publish","5":"product_brand-grivel","6":"product_cat-mountaineering-equipment-recreation","7":"product_cat-for-rock-climbing-mountaineering-mountaineering-equipment-recreation","8":"product_cat-ice-axes-for-rock-climbing-mountaineering-mountaineering-equipment-recreation","10":"first","11":"instock","12":"shipping-taxable","13":"purchasable","14":"product-type-simple"},"_links":{"self":[{"href":"https:\/\/sezona.lv\/en\/wp-json\/wp\/v2\/product\/76817","targetHints":{"allow":["GET"]}}],"collection":[{"href":"https:\/\/sezona.lv\/en\/wp-json\/wp\/v2\/product"}],"about":[{"href":"https:\/\/sezona.lv\/en\/wp-json\/wp\/v2\/types\/product"}],"wp:attachment":[{"href":"https:\/\/sezona.lv\/en\/wp-json\/wp\/v2\/media?parent=76817"}],"wp:term":[{"taxonomy":"product_brand","embeddable":true,"href":"https:\/\/sezona.lv\/en\/wp-json\/wp\/v2\/product_brand?post=76817"},{"taxonomy":"product_cat","embeddable":true,"href":"https:\/\/sezona.lv\/en\/wp-json\/wp\/v2\/product_cat?post=76817"},{"taxonomy":"product_tag","embeddable":true,"href":"https:\/\/sezona.lv\/en\/wp-json\/wp\/v2\/product_tag?post=76817"}],"curies":[{"name":"wp","href":"https:\/\/api.w.org\/{rel}","templated":true}]}}