{"id":76819,"date":"2025-07-14T14:56:58","date_gmt":"2025-07-14T11:56:58","guid":{"rendered":"https:\/\/demo8.ecube.lv\/sezona.lv\/products\/leduscirtnis-dmm-switch\/"},"modified":"2025-07-14T14:56:58","modified_gmt":"2025-07-14T11:56:58","slug":"leduscirtnis-dmm-switch","status":"publish","type":"product","link":"https:\/\/sezona.lv\/en\/products\/leduscirtnis-dmm-switch\/","title":{"rendered":"Leduscirtnis DMM Switch"},"content":{"rendered":"<p align=\"justify\"><span style=\"font-size: x-small\">Switch tehniskie ledus instrumenti &#8211; cirt\u0146i &#8211; pied\u0101v\u0101 jaunas iesp\u0113jas ledusk\u0101p&scaron;an\u0101, tehnisku mar&scaron;rutu izie&scaron;an\u0101 ziemas alp\u012bnism\u0101 un sare\u017e\u0123\u012btos&nbsp;<em>drytooling&nbsp;<\/em>mar&scaron;rutos.<\/span><\/p>\n<div><\/div>\n<p align=\"justify\"><span style=\"font-size: x-small\">Perfekts risin\u0101jums jebkuriem apst\u0101k\u013ciem, k\u0101pjot bez roku atbalsta cilp\u0101m, bet lieliski savietojams ar Freedom cilp\u0101m.<\/span><\/p>\n<div><\/div>\n<p align=\"justify\"><span style=\"font-size: x-small\">Tam piem\u012bt:<\/span><\/p>\n<div>\n<ul class=\"features\">\n<li><span style=\"font-size: x-small\">rok\u0101m un cimdiem draudz\u012bgs, ergonomisks un monol\u012bts rokturis, kas nodro&scaron;ina perfektu stabilit\u0101ti un iztur\u012bbu<\/span><\/li>\n<li><span style=\"font-size: x-small\">T-tipa konstrukcija<\/span><\/li>\n<li><span style=\"font-size: x-small\">Dro&scaron;s stiprin\u0101juma punkts apak&scaron;da\u013c\u0101 pa&scaron;dro&scaron;in\u0101&scaron;anai<\/span><\/li>\n<li><span style=\"font-size: x-small\">atsevi\u0137&scaron; stirpin\u0101juma punkts pal\u012bgvirvei, cilpi\u0146u izveidei<\/span><\/li>\n<li><span style=\"font-size: x-small\">no\u0146emami atsvari c\u0113rt\u0113m, iesp\u0113jas piel\u0101got cirtiena sp\u0113ku<\/span><\/li>\n<li><span style=\"font-size: x-small\">komplekt\u0101 tiek pied\u0101v\u0101ta sa\u0137eres lenta k\u0101tam<\/span><\/li>\n<li><span style=\"font-size: x-small\">standart\u0101 apr\u012bkots ar ledusk\u0101p&scaron;anas c\u0113rt\u0113m<\/span><\/li>\n<li><span style=\"font-size: x-small\">Pieejama gan \u0101mura, gan kap\u013c\u0101 versija<\/span><\/li>\n<li><span style=\"font-size: x-small\">main\u0101mas c\u0113rtes, \u0101mura un kap\u013ca da\u013cas<\/span><\/li>\n<li><span style=\"font-size: x-small\">Atsevi&scaron;\u0137i pieejamas c\u0113rtes mixed un drytooling k\u0101p&scaron;anai<\/span><\/li>\n<\/ul>\n<\/div>\n<p align=\"justify\"><span style=\"font-size: x-small\">Specifik\u0101cija:<br \/>Svars \/ garums:&nbsp;<br \/>Switch Adze &#8211; 722g \/ 50cm<br \/>Switch Hammer: 717g \/ 50cm<\/span><\/p>\n","protected":false},"excerpt":{"rendered":"<p>Switch tehniskie ledus instrumenti &#8211; cirt\u0146i &#8211; pied\u0101v\u0101 jaunas iesp\u0113jas ledusk\u0101p&scaron;an\u0101, tehnisku mar&scaron;rutu izie&scaron;an\u0101 ziemas alp\u012bnism\u0101 un sare\u017e\u0123\u012btos&nbsp;drytooling&nbsp;mar&scaron;rutos. Perfekts risin\u0101jums jebkuriem apst\u0101k\u013ciem, k\u0101pjot bez roku atbalsta cilp\u0101m, bet lieliski savietojams ar Freedom cilp\u0101m. Tam piem\u012bt: rok\u0101m un cimdiem draudz\u012bgs, ergonomisks un monol\u012bts rokturis, kas nodro&scaron;ina perfektu stabilit\u0101ti un iztur\u012bbu T-tipa konstrukcija Dro&scaron;s stiprin\u0101juma punkts apak&scaron;da\u013c\u0101 [&hellip;]<\/p>\n","protected":false},"featured_media":0,"template":"","meta":[],"product_brand":[965],"product_cat":[4851,4859,4868],"product_tag":[],"class_list":{"0":"post-76819","1":"product","2":"type-product","3":"status-publish","5":"product_brand-dmm","6":"product_cat-mountaineering-equipment-recreation","7":"product_cat-for-rock-climbing-mountaineering-mountaineering-equipment-recreation","8":"product_cat-ice-axes-for-rock-climbing-mountaineering-mountaineering-equipment-recreation","10":"first","11":"instock","12":"shipping-taxable","13":"purchasable","14":"product-type-simple"},"_links":{"self":[{"href":"https:\/\/sezona.lv\/en\/wp-json\/wp\/v2\/product\/76819","targetHints":{"allow":["GET"]}}],"collection":[{"href":"https:\/\/sezona.lv\/en\/wp-json\/wp\/v2\/product"}],"about":[{"href":"https:\/\/sezona.lv\/en\/wp-json\/wp\/v2\/types\/product"}],"wp:attachment":[{"href":"https:\/\/sezona.lv\/en\/wp-json\/wp\/v2\/media?parent=76819"}],"wp:term":[{"taxonomy":"product_brand","embeddable":true,"href":"https:\/\/sezona.lv\/en\/wp-json\/wp\/v2\/product_brand?post=76819"},{"taxonomy":"product_cat","embeddable":true,"href":"https:\/\/sezona.lv\/en\/wp-json\/wp\/v2\/product_cat?post=76819"},{"taxonomy":"product_tag","embeddable":true,"href":"https:\/\/sezona.lv\/en\/wp-json\/wp\/v2\/product_tag?post=76819"}],"curies":[{"name":"wp","href":"https:\/\/api.w.org\/{rel}","templated":true}]}}