{"id":76820,"date":"2025-07-14T14:56:59","date_gmt":"2025-07-14T11:56:59","guid":{"rendered":"https:\/\/demo8.ecube.lv\/sezona.lv\/products\/leduscirtnis-grivel-haute-route\/"},"modified":"2025-07-14T14:56:59","modified_gmt":"2025-07-14T11:56:59","slug":"leduscirtnis-grivel-haute-route","status":"publish","type":"product","link":"https:\/\/sezona.lv\/en\/products\/leduscirtnis-grivel-haute-route\/","title":{"rendered":"Leduscirtnis Grivel Haute Route"},"content":{"rendered":"<p align=\"justify\"><span style=\"font-size: x-small\">Klasiskais leduscirtnis, kas paredz\u0113ts sl\u0113pju p\u0101rg\u0101jieniem vai alp\u012bnismam (Ski Touring, Ski Mountaineering). Viegls un komfortabls. Apr\u012bkots ar rokas cilpu.<\/span><\/p>\n<div><\/div>\n<p align=\"justify\"><span style=\"font-size: x-small\"><strong>Specifik\u0101cija:<\/strong><br \/>Svars: 318g<br \/>Izm\u0113rs: 53cm, 58cm<\/span><\/p>\n","protected":false},"excerpt":{"rendered":"<p>Klasiskais leduscirtnis, kas paredz\u0113ts sl\u0113pju p\u0101rg\u0101jieniem vai alp\u012bnismam (Ski Touring, Ski Mountaineering). Viegls un komfortabls. Apr\u012bkots ar rokas cilpu. Specifik\u0101cija:Svars: 318gIzm\u0113rs: 53cm, 58cm<\/p>\n","protected":false},"featured_media":0,"template":"","meta":[],"product_brand":[966],"product_cat":[4851,4859,4868],"product_tag":[],"class_list":{"0":"post-76820","1":"product","2":"type-product","3":"status-publish","5":"product_brand-grivel","6":"product_cat-mountaineering-equipment-recreation","7":"product_cat-for-rock-climbing-mountaineering-mountaineering-equipment-recreation","8":"product_cat-ice-axes-for-rock-climbing-mountaineering-mountaineering-equipment-recreation","10":"first","11":"instock","12":"shipping-taxable","13":"purchasable","14":"product-type-simple"},"_links":{"self":[{"href":"https:\/\/sezona.lv\/en\/wp-json\/wp\/v2\/product\/76820","targetHints":{"allow":["GET"]}}],"collection":[{"href":"https:\/\/sezona.lv\/en\/wp-json\/wp\/v2\/product"}],"about":[{"href":"https:\/\/sezona.lv\/en\/wp-json\/wp\/v2\/types\/product"}],"wp:attachment":[{"href":"https:\/\/sezona.lv\/en\/wp-json\/wp\/v2\/media?parent=76820"}],"wp:term":[{"taxonomy":"product_brand","embeddable":true,"href":"https:\/\/sezona.lv\/en\/wp-json\/wp\/v2\/product_brand?post=76820"},{"taxonomy":"product_cat","embeddable":true,"href":"https:\/\/sezona.lv\/en\/wp-json\/wp\/v2\/product_cat?post=76820"},{"taxonomy":"product_tag","embeddable":true,"href":"https:\/\/sezona.lv\/en\/wp-json\/wp\/v2\/product_tag?post=76820"}],"curies":[{"name":"wp","href":"https:\/\/api.w.org\/{rel}","templated":true}]}}