{"id":76821,"date":"2025-07-14T14:57:00","date_gmt":"2025-07-14T11:57:00","guid":{"rendered":"https:\/\/demo8.ecube.lv\/sezona.lv\/products\/leduscirtnis-grivel-the-tech-machine\/"},"modified":"2025-07-14T14:57:00","modified_gmt":"2025-07-14T11:57:00","slug":"leduscirtnis-grivel-the-tech-machine","status":"publish","type":"product","link":"https:\/\/sezona.lv\/en\/products\/leduscirtnis-grivel-the-tech-machine\/","title":{"rendered":"Leduscirtnis Grivel The Tech Machine"},"content":{"rendered":"<p><span style=\"font-size: x-small\">Jauns tehinskais leduscirtnis no Grivel. Tam ir izteikti agres\u012bvi izliekts k\u0101ts. &Scaron;is izliekums nodro&scaron;ina to, ka lietot\u0101jam b\u016bs \u013coti \u0113rti p\u0101rvar\u0113t gan st\u0101vas ledussinas, gan ar\u012b sare\u017e\u0123\u012btus miks\u0113tos mar&scaron;rutus kur ledus mij\u0101s ar klint\u012bm. Leduscirtnim ir divi rokturi. &Scaron;is leduscirtnis ir lieliski piem\u0113rots ar\u012b priek&scaron; dry tooling. Ir iesp\u0113ja nomain\u012bt c\u0113rtni.<\/span><\/p>\n<p>&nbsp;<\/p>\n<p><span style=\"font-size: x-small\">Svars: 660g<\/span><\/p>\n<p>&nbsp;<\/p>\n<p><span style=\"font-size: x-small\">Garums: 49cm<\/span><\/p>\n","protected":false},"excerpt":{"rendered":"<p>Jauns tehinskais leduscirtnis no Grivel. Tam ir izteikti agres\u012bvi izliekts k\u0101ts. &Scaron;is izliekums nodro&scaron;ina to, ka lietot\u0101jam b\u016bs \u013coti \u0113rti p\u0101rvar\u0113t gan st\u0101vas ledussinas, gan ar\u012b sare\u017e\u0123\u012btus miks\u0113tos mar&scaron;rutus kur ledus mij\u0101s ar klint\u012bm. Leduscirtnim ir divi rokturi. &Scaron;is leduscirtnis ir lieliski piem\u0113rots ar\u012b priek&scaron; dry tooling. Ir iesp\u0113ja nomain\u012bt c\u0113rtni. &nbsp; Svars: 660g &nbsp; [&hellip;]<\/p>\n","protected":false},"featured_media":0,"template":"","meta":[],"product_brand":[966],"product_cat":[4851,4859,4868],"product_tag":[],"class_list":{"0":"post-76821","1":"product","2":"type-product","3":"status-publish","5":"product_brand-grivel","6":"product_cat-mountaineering-equipment-recreation","7":"product_cat-for-rock-climbing-mountaineering-mountaineering-equipment-recreation","8":"product_cat-ice-axes-for-rock-climbing-mountaineering-mountaineering-equipment-recreation","10":"first","11":"instock","12":"shipping-taxable","13":"purchasable","14":"product-type-simple"},"_links":{"self":[{"href":"https:\/\/sezona.lv\/en\/wp-json\/wp\/v2\/product\/76821","targetHints":{"allow":["GET"]}}],"collection":[{"href":"https:\/\/sezona.lv\/en\/wp-json\/wp\/v2\/product"}],"about":[{"href":"https:\/\/sezona.lv\/en\/wp-json\/wp\/v2\/types\/product"}],"wp:attachment":[{"href":"https:\/\/sezona.lv\/en\/wp-json\/wp\/v2\/media?parent=76821"}],"wp:term":[{"taxonomy":"product_brand","embeddable":true,"href":"https:\/\/sezona.lv\/en\/wp-json\/wp\/v2\/product_brand?post=76821"},{"taxonomy":"product_cat","embeddable":true,"href":"https:\/\/sezona.lv\/en\/wp-json\/wp\/v2\/product_cat?post=76821"},{"taxonomy":"product_tag","embeddable":true,"href":"https:\/\/sezona.lv\/en\/wp-json\/wp\/v2\/product_tag?post=76821"}],"curies":[{"name":"wp","href":"https:\/\/api.w.org\/{rel}","templated":true}]}}