{"id":76822,"date":"2025-07-14T14:57:00","date_gmt":"2025-07-14T11:57:00","guid":{"rendered":"https:\/\/demo8.ecube.lv\/sezona.lv\/products\/leduscirtnis-grivel-the-light-machine\/"},"modified":"2025-07-14T14:57:00","modified_gmt":"2025-07-14T11:57:00","slug":"leduscirtnis-grivel-the-light-machine","status":"publish","type":"product","link":"https:\/\/sezona.lv\/en\/products\/leduscirtnis-grivel-the-light-machine\/","title":{"rendered":"Leduscirtnis Grivel The Light Machine"},"content":{"rendered":"<p align=\"justify\"><span style=\"font-size: x-small\">Grivel The Tech Machine leduscirtnis ir viegls, ergonomisks un tehnisks leduscirtnis kas ir paredz\u0113ts ledus k\u0101p&scaron;anai un tehniskajam alp\u012bnismam. Leduscirtnim l\u012bdzi n\u0101k elast\u012bga cilpa ar karab\u012bni ar kuru piestiprina leduscirtni pie k\u0101p&scaron;anas sist\u0113mas.<\/span><\/p>\n<p align=\"justify\"><span style=\"font-size: x-small\"><strong>Specifik\u0101cija:<\/strong><\/span><\/p>\n<p align=\"justify\"><span style=\"font-size: x-small\">Garums:50cm<\/span><\/p>\n<p><span style=\"font-size: x-small\">Svars: 570g<\/span><\/p>\n","protected":false},"excerpt":{"rendered":"<p>Grivel The Tech Machine leduscirtnis ir viegls, ergonomisks un tehnisks leduscirtnis kas ir paredz\u0113ts ledus k\u0101p&scaron;anai un tehniskajam alp\u012bnismam. Leduscirtnim l\u012bdzi n\u0101k elast\u012bga cilpa ar karab\u012bni ar kuru piestiprina leduscirtni pie k\u0101p&scaron;anas sist\u0113mas. Specifik\u0101cija: Garums:50cm Svars: 570g<\/p>\n","protected":false},"featured_media":0,"template":"","meta":[],"product_brand":[966],"product_cat":[4851,4859,4868],"product_tag":[],"class_list":{"0":"post-76822","1":"product","2":"type-product","3":"status-publish","5":"product_brand-grivel","6":"product_cat-mountaineering-equipment-recreation","7":"product_cat-for-rock-climbing-mountaineering-mountaineering-equipment-recreation","8":"product_cat-ice-axes-for-rock-climbing-mountaineering-mountaineering-equipment-recreation","10":"first","11":"instock","12":"shipping-taxable","13":"purchasable","14":"product-type-simple"},"_links":{"self":[{"href":"https:\/\/sezona.lv\/en\/wp-json\/wp\/v2\/product\/76822","targetHints":{"allow":["GET"]}}],"collection":[{"href":"https:\/\/sezona.lv\/en\/wp-json\/wp\/v2\/product"}],"about":[{"href":"https:\/\/sezona.lv\/en\/wp-json\/wp\/v2\/types\/product"}],"wp:attachment":[{"href":"https:\/\/sezona.lv\/en\/wp-json\/wp\/v2\/media?parent=76822"}],"wp:term":[{"taxonomy":"product_brand","embeddable":true,"href":"https:\/\/sezona.lv\/en\/wp-json\/wp\/v2\/product_brand?post=76822"},{"taxonomy":"product_cat","embeddable":true,"href":"https:\/\/sezona.lv\/en\/wp-json\/wp\/v2\/product_cat?post=76822"},{"taxonomy":"product_tag","embeddable":true,"href":"https:\/\/sezona.lv\/en\/wp-json\/wp\/v2\/product_tag?post=76822"}],"curies":[{"name":"wp","href":"https:\/\/api.w.org\/{rel}","templated":true}]}}