{"id":76823,"date":"2025-07-14T14:57:01","date_gmt":"2025-07-14T11:57:01","guid":{"rendered":"https:\/\/demo8.ecube.lv\/sezona.lv\/products\/leduscirtnis-grivel-matrix-tech\/"},"modified":"2025-07-14T14:57:01","modified_gmt":"2025-07-14T11:57:01","slug":"leduscirtnis-grivel-matrix-tech","status":"publish","type":"product","link":"https:\/\/sezona.lv\/en\/products\/leduscirtnis-grivel-matrix-tech\/","title":{"rendered":"Leduscirtnis Grivel Matrix Tech"},"content":{"rendered":"<p align=\"justify\"><span style=\"font-size: x-small\">Tehniskais leduscirtnis, kas paredz\u0113ts ledusk\u0101p&scaron;anai, miks\u0113tiem kalnu mar&scaron;rutiem, kur svaram ir noz\u012bme, tikai 560g!!! Pieejams gan ar kapli, gan \u0101muru. Cirt\u0146a k\u0101ts ir ielikets divos da\u017e\u0101dos le\u0146\u0137os, nodro&scaron;inot ergonomisk\u0101ku cir&scaron;anu. Aizsargs roku pirkstiem. Main\u0101mas c\u0113rtes.<\/span><\/p>\n<div><\/div>\n<p align=\"justify\"><span style=\"font-size: x-small\"><strong>Specifik\u0101cija:<\/strong><br \/>Svars: 560g<br \/>Izm\u0113rs: 50cm<\/span><\/p>\n","protected":false},"excerpt":{"rendered":"<p>Tehniskais leduscirtnis, kas paredz\u0113ts ledusk\u0101p&scaron;anai, miks\u0113tiem kalnu mar&scaron;rutiem, kur svaram ir noz\u012bme, tikai 560g!!! Pieejams gan ar kapli, gan \u0101muru. Cirt\u0146a k\u0101ts ir ielikets divos da\u017e\u0101dos le\u0146\u0137os, nodro&scaron;inot ergonomisk\u0101ku cir&scaron;anu. Aizsargs roku pirkstiem. Main\u0101mas c\u0113rtes. Specifik\u0101cija:Svars: 560gIzm\u0113rs: 50cm<\/p>\n","protected":false},"featured_media":0,"template":"","meta":[],"product_brand":[966],"product_cat":[4851,4859,4868],"product_tag":[],"class_list":{"0":"post-76823","1":"product","2":"type-product","3":"status-publish","5":"product_brand-grivel","6":"product_cat-mountaineering-equipment-recreation","7":"product_cat-for-rock-climbing-mountaineering-mountaineering-equipment-recreation","8":"product_cat-ice-axes-for-rock-climbing-mountaineering-mountaineering-equipment-recreation","10":"first","11":"instock","12":"shipping-taxable","13":"purchasable","14":"product-type-simple"},"_links":{"self":[{"href":"https:\/\/sezona.lv\/en\/wp-json\/wp\/v2\/product\/76823","targetHints":{"allow":["GET"]}}],"collection":[{"href":"https:\/\/sezona.lv\/en\/wp-json\/wp\/v2\/product"}],"about":[{"href":"https:\/\/sezona.lv\/en\/wp-json\/wp\/v2\/types\/product"}],"wp:attachment":[{"href":"https:\/\/sezona.lv\/en\/wp-json\/wp\/v2\/media?parent=76823"}],"wp:term":[{"taxonomy":"product_brand","embeddable":true,"href":"https:\/\/sezona.lv\/en\/wp-json\/wp\/v2\/product_brand?post=76823"},{"taxonomy":"product_cat","embeddable":true,"href":"https:\/\/sezona.lv\/en\/wp-json\/wp\/v2\/product_cat?post=76823"},{"taxonomy":"product_tag","embeddable":true,"href":"https:\/\/sezona.lv\/en\/wp-json\/wp\/v2\/product_tag?post=76823"}],"curies":[{"name":"wp","href":"https:\/\/api.w.org\/{rel}","templated":true}]}}