{"id":76824,"date":"2025-07-14T14:57:02","date_gmt":"2025-07-14T11:57:02","guid":{"rendered":"https:\/\/demo8.ecube.lv\/sezona.lv\/products\/cilpa-leduscirtnim-black-diamond-spinner-leash\/"},"modified":"2025-07-14T14:57:02","modified_gmt":"2025-07-14T11:57:02","slug":"cilpa-leduscirtnim-black-diamond-spinner-leash","status":"publish","type":"product","link":"https:\/\/sezona.lv\/en\/products\/cilpa-leduscirtnim-black-diamond-spinner-leash\/","title":{"rendered":"Cilpa leduscirtnim Black Diamond Spinner Leash"},"content":{"rendered":"<p align=\"justify\"><span style=\"font-size: x-small\">Elast\u012bga Y veida \u016bsa ar rot\u0113jo&scaron;u elementu pamatda\u013c\u0101 un div\u0101m neliel\u0101m karabin\u0113m \u016bsu galos, ar ko piekabin\u0101t pie leduscirt\u0146iem.. \u013boti viegla un kompakta.<\/span><\/p>\n<div><\/div>\n<p align=\"justify\"><span style=\"font-size: x-small\">M\u016bsdienu ledusk\u0101p&scaron;an\u0101 un drytooling\u0101 domin\u0113 k\u0101p&scaron;ana bez roku cilp\u0101m. &Scaron;\u012b tehnika \u013cauj viegl\u0101k main\u012bt cirt\u0146us no vienas rokas otr\u0101, ieskr\u016bv\u0113t ledusskr\u016bves, nebaidoties pazaud\u0113t cirt\u0146us un atp\u016btin\u0101t rokas.<\/span><\/p>\n<div><\/div>\n<p align=\"justify\"><span style=\"font-size: x-small\">Specifik\u0101cija:<br \/>Svars: 120g<br \/>Iztur\u012bba: 2kN<\/span><\/p>\n","protected":false},"excerpt":{"rendered":"<p>Elast\u012bga Y veida \u016bsa ar rot\u0113jo&scaron;u elementu pamatda\u013c\u0101 un div\u0101m neliel\u0101m karabin\u0113m \u016bsu galos, ar ko piekabin\u0101t pie leduscirt\u0146iem.. \u013boti viegla un kompakta. M\u016bsdienu ledusk\u0101p&scaron;an\u0101 un drytooling\u0101 domin\u0113 k\u0101p&scaron;ana bez roku cilp\u0101m. &Scaron;\u012b tehnika \u013cauj viegl\u0101k main\u012bt cirt\u0146us no vienas rokas otr\u0101, ieskr\u016bv\u0113t ledusskr\u016bves, nebaidoties pazaud\u0113t cirt\u0146us un atp\u016btin\u0101t rokas. Specifik\u0101cija:Svars: 120gIztur\u012bba: 2kN<\/p>\n","protected":false},"featured_media":0,"template":"","meta":[],"product_brand":[946],"product_cat":[4851,4859,4868],"product_tag":[],"class_list":{"0":"post-76824","1":"product","2":"type-product","3":"status-publish","5":"product_brand-black-diamond","6":"product_cat-mountaineering-equipment-recreation","7":"product_cat-for-rock-climbing-mountaineering-mountaineering-equipment-recreation","8":"product_cat-ice-axes-for-rock-climbing-mountaineering-mountaineering-equipment-recreation","10":"first","11":"instock","12":"shipping-taxable","13":"purchasable","14":"product-type-simple"},"_links":{"self":[{"href":"https:\/\/sezona.lv\/en\/wp-json\/wp\/v2\/product\/76824","targetHints":{"allow":["GET"]}}],"collection":[{"href":"https:\/\/sezona.lv\/en\/wp-json\/wp\/v2\/product"}],"about":[{"href":"https:\/\/sezona.lv\/en\/wp-json\/wp\/v2\/types\/product"}],"wp:attachment":[{"href":"https:\/\/sezona.lv\/en\/wp-json\/wp\/v2\/media?parent=76824"}],"wp:term":[{"taxonomy":"product_brand","embeddable":true,"href":"https:\/\/sezona.lv\/en\/wp-json\/wp\/v2\/product_brand?post=76824"},{"taxonomy":"product_cat","embeddable":true,"href":"https:\/\/sezona.lv\/en\/wp-json\/wp\/v2\/product_cat?post=76824"},{"taxonomy":"product_tag","embeddable":true,"href":"https:\/\/sezona.lv\/en\/wp-json\/wp\/v2\/product_tag?post=76824"}],"curies":[{"name":"wp","href":"https:\/\/api.w.org\/{rel}","templated":true}]}}