{"id":76826,"date":"2025-07-14T14:57:05","date_gmt":"2025-07-14T11:57:05","guid":{"rendered":"https:\/\/demo8.ecube.lv\/sezona.lv\/products\/cilpa-leduscirtnim-black-diamond-slinger-leash\/"},"modified":"2025-07-14T14:57:05","modified_gmt":"2025-07-14T11:57:05","slug":"cilpa-leduscirtnim-black-diamond-slinger-leash","status":"publish","type":"product","link":"https:\/\/sezona.lv\/en\/products\/cilpa-leduscirtnim-black-diamond-slinger-leash\/","title":{"rendered":"Cilpa leduscirtnim Black Diamond Slinger leash"},"content":{"rendered":"<p align=\"justify\"><span style=\"font-size: x-small\">Elast\u012bga leduscirt\u0146a stiprin\u0101juma cilpa. Gal\u0101 maza karab\u012bne ar kuru piestiprin\u0101t cilpu pie leduscirt\u0146a.<br \/><\/span><\/p>\n<div><\/div>\n<p align=\"justify\"><span style=\"font-size: x-small\">Specifik\u0101cija:<br \/>Iztur\u012bba: 2kN<br \/>Svars: 54g<\/span><\/p>\n","protected":false},"excerpt":{"rendered":"<p>Elast\u012bga leduscirt\u0146a stiprin\u0101juma cilpa. Gal\u0101 maza karab\u012bne ar kuru piestiprin\u0101t cilpu pie leduscirt\u0146a. Specifik\u0101cija:Iztur\u012bba: 2kNSvars: 54g<\/p>\n","protected":false},"featured_media":0,"template":"","meta":[],"product_brand":[946],"product_cat":[4851,4859,4868],"product_tag":[],"class_list":{"0":"post-76826","1":"product","2":"type-product","3":"status-publish","5":"product_brand-black-diamond","6":"product_cat-mountaineering-equipment-recreation","7":"product_cat-for-rock-climbing-mountaineering-mountaineering-equipment-recreation","8":"product_cat-ice-axes-for-rock-climbing-mountaineering-mountaineering-equipment-recreation","10":"first","11":"instock","12":"shipping-taxable","13":"purchasable","14":"product-type-simple"},"_links":{"self":[{"href":"https:\/\/sezona.lv\/en\/wp-json\/wp\/v2\/product\/76826","targetHints":{"allow":["GET"]}}],"collection":[{"href":"https:\/\/sezona.lv\/en\/wp-json\/wp\/v2\/product"}],"about":[{"href":"https:\/\/sezona.lv\/en\/wp-json\/wp\/v2\/types\/product"}],"wp:attachment":[{"href":"https:\/\/sezona.lv\/en\/wp-json\/wp\/v2\/media?parent=76826"}],"wp:term":[{"taxonomy":"product_brand","embeddable":true,"href":"https:\/\/sezona.lv\/en\/wp-json\/wp\/v2\/product_brand?post=76826"},{"taxonomy":"product_cat","embeddable":true,"href":"https:\/\/sezona.lv\/en\/wp-json\/wp\/v2\/product_cat?post=76826"},{"taxonomy":"product_tag","embeddable":true,"href":"https:\/\/sezona.lv\/en\/wp-json\/wp\/v2\/product_tag?post=76826"}],"curies":[{"name":"wp","href":"https:\/\/api.w.org\/{rel}","templated":true}]}}