{"id":76827,"date":"2025-07-14T14:57:06","date_gmt":"2025-07-14T11:57:06","guid":{"rendered":"https:\/\/demo8.ecube.lv\/sezona.lv\/products\/uzgalis-black-diamond-pick-protector\/"},"modified":"2025-07-14T14:57:06","modified_gmt":"2025-07-14T11:57:06","slug":"uzgalis-black-diamond-pick-protector","status":"publish","type":"product","link":"https:\/\/sezona.lv\/en\/products\/uzgalis-black-diamond-pick-protector\/","title":{"rendered":"Uzgalis Black Diamond Pick protector"},"content":{"rendered":"<p><span>Leduscirt\u0146a asmens aizsargs. Aizsarg\u0101s j\u016bsu leduscirt\u0146a asmeni transport\u0113&scaron;anas laik\u0101.<\/span><\/p>\n","protected":false},"excerpt":{"rendered":"<p>Leduscirt\u0146a asmens aizsargs. Aizsarg\u0101s j\u016bsu leduscirt\u0146a asmeni transport\u0113&scaron;anas laik\u0101.<\/p>\n","protected":false},"featured_media":0,"template":"","meta":[],"product_brand":[946],"product_cat":[4851,4859,4868],"product_tag":[],"class_list":{"0":"post-76827","1":"product","2":"type-product","3":"status-publish","5":"product_brand-black-diamond","6":"product_cat-mountaineering-equipment-recreation","7":"product_cat-for-rock-climbing-mountaineering-mountaineering-equipment-recreation","8":"product_cat-ice-axes-for-rock-climbing-mountaineering-mountaineering-equipment-recreation","10":"first","11":"instock","12":"shipping-taxable","13":"purchasable","14":"product-type-simple"},"_links":{"self":[{"href":"https:\/\/sezona.lv\/en\/wp-json\/wp\/v2\/product\/76827","targetHints":{"allow":["GET"]}}],"collection":[{"href":"https:\/\/sezona.lv\/en\/wp-json\/wp\/v2\/product"}],"about":[{"href":"https:\/\/sezona.lv\/en\/wp-json\/wp\/v2\/types\/product"}],"wp:attachment":[{"href":"https:\/\/sezona.lv\/en\/wp-json\/wp\/v2\/media?parent=76827"}],"wp:term":[{"taxonomy":"product_brand","embeddable":true,"href":"https:\/\/sezona.lv\/en\/wp-json\/wp\/v2\/product_brand?post=76827"},{"taxonomy":"product_cat","embeddable":true,"href":"https:\/\/sezona.lv\/en\/wp-json\/wp\/v2\/product_cat?post=76827"},{"taxonomy":"product_tag","embeddable":true,"href":"https:\/\/sezona.lv\/en\/wp-json\/wp\/v2\/product_tag?post=76827"}],"curies":[{"name":"wp","href":"https:\/\/api.w.org\/{rel}","templated":true}]}}