{"id":76830,"date":"2025-07-14T14:57:10","date_gmt":"2025-07-14T11:57:10","guid":{"rendered":"https:\/\/demo8.ecube.lv\/sezona.lv\/products\/cilpa-leduscirtnim-climbing-technology-whippy-i\/"},"modified":"2025-07-14T14:57:10","modified_gmt":"2025-07-14T11:57:10","slug":"cilpa-leduscirtnim-climbing-technology-whippy-i","status":"publish","type":"product","link":"https:\/\/sezona.lv\/en\/products\/cilpa-leduscirtnim-climbing-technology-whippy-i\/","title":{"rendered":"Cilpa leduscirtnim Climbing Technology Whippy I"},"content":{"rendered":"<p><span style=\"font-size: x-small\">Elast\u012bga leduscirt\u0146a vai cita ekip\u0113juma\/instrumenta cilpa ar karab\u012bni.<\/span><\/p>\n<p>&nbsp;<\/p>\n<p><span style=\"font-size: x-small\">Svars: 55g.<\/span><\/p>\n","protected":false},"excerpt":{"rendered":"<p>Elast\u012bga leduscirt\u0146a vai cita ekip\u0113juma\/instrumenta cilpa ar karab\u012bni. &nbsp; Svars: 55g.<\/p>\n","protected":false},"featured_media":0,"template":"","meta":[],"product_brand":[928],"product_cat":[4851,4859,4868],"product_tag":[],"class_list":{"0":"post-76830","1":"product","2":"type-product","3":"status-publish","5":"product_brand-climbing-technology","6":"product_cat-mountaineering-equipment-recreation","7":"product_cat-for-rock-climbing-mountaineering-mountaineering-equipment-recreation","8":"product_cat-ice-axes-for-rock-climbing-mountaineering-mountaineering-equipment-recreation","10":"first","11":"instock","12":"shipping-taxable","13":"purchasable","14":"product-type-simple"},"_links":{"self":[{"href":"https:\/\/sezona.lv\/en\/wp-json\/wp\/v2\/product\/76830","targetHints":{"allow":["GET"]}}],"collection":[{"href":"https:\/\/sezona.lv\/en\/wp-json\/wp\/v2\/product"}],"about":[{"href":"https:\/\/sezona.lv\/en\/wp-json\/wp\/v2\/types\/product"}],"wp:attachment":[{"href":"https:\/\/sezona.lv\/en\/wp-json\/wp\/v2\/media?parent=76830"}],"wp:term":[{"taxonomy":"product_brand","embeddable":true,"href":"https:\/\/sezona.lv\/en\/wp-json\/wp\/v2\/product_brand?post=76830"},{"taxonomy":"product_cat","embeddable":true,"href":"https:\/\/sezona.lv\/en\/wp-json\/wp\/v2\/product_cat?post=76830"},{"taxonomy":"product_tag","embeddable":true,"href":"https:\/\/sezona.lv\/en\/wp-json\/wp\/v2\/product_tag?post=76830"}],"curies":[{"name":"wp","href":"https:\/\/api.w.org\/{rel}","templated":true}]}}