{"id":76832,"date":"2025-07-14T14:57:11","date_gmt":"2025-07-14T11:57:11","guid":{"rendered":"https:\/\/demo8.ecube.lv\/sezona.lv\/products\/cilpa-leduscirtnim-dmm-freedom-leash\/"},"modified":"2025-07-14T14:57:11","modified_gmt":"2025-07-14T11:57:11","slug":"cilpa-leduscirtnim-dmm-freedom-leash","status":"publish","type":"product","link":"https:\/\/sezona.lv\/en\/products\/cilpa-leduscirtnim-dmm-freedom-leash\/","title":{"rendered":"Cilpa leduscirtnim DMM Freedom Leash"},"content":{"rendered":"<p><span>Elast\u012bga cilpa tehniskajiem leduscirt\u0146iem. Ar &scaron;o cilpu piestiprina leduscirt\u0146us pie sist\u0113mas, t\u0101d\u0113j\u0101di pasarg\u0101jot no to pazaud\u0113&scaron;anas. Cilpas ir elast\u012bgas, kas nodro&scaron;inas kust\u012bbu br\u012bv\u012bbu k\u0101pjot ledus mar&scaron;rutus vai ar\u012b miks\u0113tos un dry tooling mar&scaron;rutus.<\/span><\/p>\n","protected":false},"excerpt":{"rendered":"<p>Elast\u012bga cilpa tehniskajiem leduscirt\u0146iem. Ar &scaron;o cilpu piestiprina leduscirt\u0146us pie sist\u0113mas, t\u0101d\u0113j\u0101di pasarg\u0101jot no to pazaud\u0113&scaron;anas. Cilpas ir elast\u012bgas, kas nodro&scaron;inas kust\u012bbu br\u012bv\u012bbu k\u0101pjot ledus mar&scaron;rutus vai ar\u012b miks\u0113tos un dry tooling mar&scaron;rutus.<\/p>\n","protected":false},"featured_media":0,"template":"","meta":[],"product_brand":[965],"product_cat":[4851,4859,4868],"product_tag":[],"class_list":{"0":"post-76832","1":"product","2":"type-product","3":"status-publish","5":"product_brand-dmm","6":"product_cat-mountaineering-equipment-recreation","7":"product_cat-for-rock-climbing-mountaineering-mountaineering-equipment-recreation","8":"product_cat-ice-axes-for-rock-climbing-mountaineering-mountaineering-equipment-recreation","10":"first","11":"instock","12":"shipping-taxable","13":"purchasable","14":"product-type-simple"},"_links":{"self":[{"href":"https:\/\/sezona.lv\/en\/wp-json\/wp\/v2\/product\/76832","targetHints":{"allow":["GET"]}}],"collection":[{"href":"https:\/\/sezona.lv\/en\/wp-json\/wp\/v2\/product"}],"about":[{"href":"https:\/\/sezona.lv\/en\/wp-json\/wp\/v2\/types\/product"}],"wp:attachment":[{"href":"https:\/\/sezona.lv\/en\/wp-json\/wp\/v2\/media?parent=76832"}],"wp:term":[{"taxonomy":"product_brand","embeddable":true,"href":"https:\/\/sezona.lv\/en\/wp-json\/wp\/v2\/product_brand?post=76832"},{"taxonomy":"product_cat","embeddable":true,"href":"https:\/\/sezona.lv\/en\/wp-json\/wp\/v2\/product_cat?post=76832"},{"taxonomy":"product_tag","embeddable":true,"href":"https:\/\/sezona.lv\/en\/wp-json\/wp\/v2\/product_tag?post=76832"}],"curies":[{"name":"wp","href":"https:\/\/api.w.org\/{rel}","templated":true}]}}